{"id":3141,"date":"2018-08-19T09:20:10","date_gmt":"2018-08-19T09:20:10","guid":{"rendered":"https:\/\/suquir.com.ve\/?page_id=3141"},"modified":"2025-03-19T16:12:57","modified_gmt":"2025-03-19T16:12:57","slug":"servicio-tecnico","status":"publish","type":"page","link":"https:\/\/suquir.com.ve\/en\/servicio-tecnico\/","title":{"rendered":"Technical Service"},"content":{"rendered":"<p><img loading=\"lazy\" decoding=\"async\" class=\" wp-image-3262 alignleft\" src=\"https:\/\/suquir.com.ve\/wp-content\/uploads\/2018\/08\/SUQUIRtec.jpg\" alt=\"\" width=\"432\" height=\"223\" srcset=\"https:\/\/suquir.com.ve\/wp-content\/uploads\/2018\/08\/SUQUIRtec.jpg 881w, https:\/\/suquir.com.ve\/wp-content\/uploads\/2018\/08\/SUQUIRtec-500x257.jpg 500w, https:\/\/suquir.com.ve\/wp-content\/uploads\/2018\/08\/SUQUIRtec-768x395.jpg 768w, https:\/\/suquir.com.ve\/wp-content\/uploads\/2018\/08\/SUQUIRtec-100x51.jpg 100w, https:\/\/suquir.com.ve\/wp-content\/uploads\/2018\/08\/SUQUIRtec-230x118.jpg 230w, https:\/\/suquir.com.ve\/wp-content\/uploads\/2018\/08\/SUQUIRtec-600x309.jpg 600w\" sizes=\"auto, (max-width: 432px) 100vw, 432px\" \/><\/p>\n<p><span style=\"color: #000000;\"><strong><span class='dropcap'>E<\/span><\/strong><\/span>l Departamento de Servicio T\u00e9cnico SUQUIR C.A, tiene como finalidad ofrecer un servicio de calidad para nuestros clientes, adem\u00e1s de asegurar que todos los equipos cumplan con su correcto funcionamiento. Nuestro departamento se encarga de todo lo referente al mantenimiento y reparaci\u00f3n de todos los equipos que representa la empresa. Contamos con accesorios y repuestos originales para cada equipo adem\u00e1s de ofrecer nuestra asesor\u00eda t\u00e9cnica. Aquellos usuarios que no hayan adquirido alg\u00fan producto a nuestra empresa, pero necesiten de alguna reparaci\u00f3n o revisi\u00f3n de equipos que vendamos o representemos pueden contactarnos y con gusto le ayudaremos.<\/p>\n\n\n<div style=\"height:74px\" aria-hidden=\"true\" class=\"wp-block-spacer\"><\/div>\n\n\n\n                <div class='gf_browser_gecko gform_wrapper' id='gform_wrapper_1' ><a id='gf_1' class='gform_anchor' ><\/a><form method='post' enctype='multipart\/form-data' target='gform_ajax_frame_1' id='gform_1'  action='\/en\/wp-json\/wp\/v2\/pages\/3141#gf_1'>\n                        <div class='gform_heading'>\n                            <h3 class='gform_title'>Servicio T\u00e9cnico<\/h3>\n                            <span class='gform_description'><\/span>\n                        <\/div>\n                        <div class='gform_body'><ul id='gform_fields_1' class='gform_fields top_label form_sublabel_below description_below'><li id='field_1_11' class='gfield gf_left_half gfield_contains_required field_sublabel_below field_description_below gfield_visibility_visible' ><label class='gfield_label' for='input_1_11' >Cliente<span class='gfield_required'>*<\/span><\/label><div class='ginput_container ginput_container_text'><input name='input_11' id='input_1_11' type='text' value='' class='medium'  tabindex='1'  placeholder='Nombre del cliente' aria-required=\"true\" aria-invalid=\"false\" \/><\/div><\/li><li id='field_1_9' class='gfield gf_right_half gfield_contains_required field_sublabel_below field_description_below gfield_visibility_visible' ><label class='gfield_label' for='input_1_9' >RIF<span class='gfield_required'>*<\/span><\/label><div class='ginput_container ginput_container_text'><input name='input_9' id='input_1_9' type='text' value='' class='medium'  tabindex='2'   aria-required=\"true\" aria-invalid=\"false\" \/><\/div><\/li><li id='field_1_7' class='gfield gfield_contains_required field_sublabel_below field_description_below gfield_visibility_visible' ><label class='gfield_label gfield_label_before_complex' for='input_1_7_3' >Nombre de la persona de contacto<span class='gfield_required'>*<\/span><\/label><div class='ginput_complex ginput_container no_prefix has_first_name no_middle_name has_last_name no_suffix gf_name_has_2 ginput_container_name gfield_trigger_change' id='input_1_7'>\n                            \n                            <span id='input_1_7_3_container' class='name_first' >\n                                                    <input type='text' name='input_7.3' id='input_1_7_3' value='' aria-label='First name' tabindex='4'  aria-required=\"true\" aria-invalid=\"false\" \/>\n                                                    <label for='input_1_7_3' >First<\/label>\n                                                <\/span>\n                            \n                            <span id='input_1_7_6_container' class='name_last' >\n                                                    <input type='text' name='input_7.6' id='input_1_7_6' value='' aria-label='Last name' tabindex='6'  aria-required=\"true\" aria-invalid=\"false\" \/>\n                                                    <label for='input_1_7_6' >Last<\/label>\n                                                <\/span>\n                            \n                        <\/div><\/li><li id='field_1_4' class='gfield gf_left_half gfield_contains_required field_sublabel_below field_description_below gfield_visibility_visible' ><label class='gfield_label' for='input_1_4' >Tel\u00e9fono de la persona contacto<span class='gfield_required'>*<\/span><\/label><div class='ginput_container ginput_container_phone'><input name='input_4' id='input_1_4' type='text' value='' class='medium' tabindex='8'   aria-required=\"true\" aria-invalid=\"false\" \/><\/div><\/li><li id='field_1_5' class='gfield gf_right_half gfield_contains_required field_sublabel_below field_description_below gfield_visibility_visible' ><label class='gfield_label' for='input_1_5' >Correo electr\u00f3nico<span class='gfield_required'>*<\/span><\/label><div class='ginput_container ginput_container_email'>\n                            <input name='input_5' id='input_1_5' type='text' value='' class='medium' tabindex='9'    aria-required=\"true\" aria-invalid=\"false\"\/>\n                        <\/div><\/li><li id='field_1_15' class='gfield gfield_contains_required field_sublabel_below field_description_below gfield_visibility_visible' ><label class='gfield_label gfield_label_before_complex' for='input_1_15_shim' >Informaci\u00f3n del equipo<span class='gfield_required'>*<\/span><\/label><style type=\"text\/css\">\n\n\t\t\t\t\t\tbody .ginput_container_list table.gfield_list tbody tr td.gfield_list_icons {\n\t\t\t\t\t\t\tvertical-align: middle !important;\n\t\t\t\t\t\t}\n\n\t\t\t\t\t\tbody .ginput_container_list table.gfield_list tbody tr td.gfield_list_icons img.add_list_item,\n\t\t\t\t\t\tbody .ginput_container_list table.gfield_list tbody tr td.gfield_list_icons img.delete_list_item {\n\t\t\t\t\t\t\tbackground-color: transparent !important;\n\t\t\t\t\t\t\tbackground-position: 0 0;\n\t\t\t\t\t\t\tbackground-size: 16px 16px !important;\n\t\t\t\t\t\t\tbackground-repeat: no-repeat;\n\t\t\t\t\t\t\tborder: none !important;\n\t\t\t\t\t\t\twidth: 16px !important;\n\t\t\t\t\t\t\theight: 16px !important;\n\t\t\t\t\t\t\topacity: 0.5;\n\t\t\t\t\t\t\ttransition: opacity .5s ease-out;\n\t\t\t\t\t\t    -moz-transition: opacity .5s ease-out;\n\t\t\t\t\t\t    -webkit-transition: opacity .5s ease-out;\n\t\t\t\t\t\t    -o-transition: opacity .5s ease-out;\n\t\t\t\t\t\t}\n\n\t\t\t\t\t\tbody .ginput_container_list table.gfield_list tbody tr td.gfield_list_icons img.add_list_item:hover,\n\t\t\t\t\t\tbody .ginput_container_list table.gfield_list tbody tr td.gfield_list_icons img.delete_list_item:hover {\n\t\t\t\t\t\t\topacity: 1.0;\n\t\t\t\t\t\t}\n\n\t\t\t\t\t\t<\/style><div class='ginput_container ginput_container_list ginput_list'><input type='text' id='input_1_15_shim' style='position:absolute;left:-999em;' onfocus='jQuery( \"#field_1_15 table tr td:first-child input\" ).focus();' \/><table class='gfield_list gfield_list_container'><colgroup><col id='gfield_list_15_col_1' class='gfield_list_col_odd' \/><col id='gfield_list_15_col_2' class='gfield_list_col_even' \/><col id='gfield_list_15_col_3' class='gfield_list_col_odd' \/><col id='gfield_list_15_col_4' class='gfield_list_col_even' \/><col id='gfield_list_15_col_5' class='gfield_list_col_odd' \/><\/colgroup><thead><tr><th>Nombre<\/th><th>Marca<\/th><th>Modelo<\/th><th>Serial<\/th><th>&nbsp;<\/th><\/tr><\/thead><tbody><tr class='gfield_list_row_odd gfield_list_group'><td class='gfield_list_cell gfield_list_15_cell1' data-label='Nombre'><input type='text' name='input_15[]' value='' tabindex='10' \/><\/td><td class='gfield_list_cell gfield_list_15_cell2' data-label='Marca'><input type='text' name='input_15[]' value='' tabindex='11' \/><\/td><td class='gfield_list_cell gfield_list_15_cell3' data-label='Modelo'><input type='text' name='input_15[]' value='' tabindex='12' \/><\/td><td class='gfield_list_cell gfield_list_15_cell4' data-label='Serial'><input type='text' name='input_15[]' value='' tabindex='13' \/><\/td><\/tr><\/tbody><\/table><\/div><\/li><li id='field_1_17' class='gfield gfield_contains_required field_sublabel_below field_description_below gfield_visibility_visible' ><label class='gfield_label' for='input_1_17' >Tipo de servicio<span class='gfield_required'>*<\/span><\/label><div class='ginput_container ginput_container_select'><select name='input_17' id='input_1_17'  class='medium gfield_select' tabindex='14'  aria-required=\"true\" aria-invalid=\"false\"><option value='Mantenimiento preventivo' >Mantenimiento preventivo<\/option><option value='Mantenimiento correctivo' >Mantenimiento correctivo<\/option><option value='Garant\u00eda' >Garant\u00eda<\/option><\/select><\/div><\/li><li id='field_1_20' class='gfield gfield_contains_required field_sublabel_below field_description_below gfield_visibility_visible' ><label class='gfield_label' for='input_1_20' >Descripci\u00f3n de la necesidad<span class='gfield_required'>*<\/span><\/label><div class='ginput_container ginput_container_textarea'><textarea name='input_20' id='input_1_20' class='textarea medium' tabindex='15'  placeholder='Detalle su requerimiento' aria-required=\"true\" aria-invalid=\"false\"   rows='10' cols='50'><\/textarea><\/div><\/li>\n                            <\/ul><\/div>\n        <div class='gform_footer top_label'> <input type='submit' id='gform_submit_button_1' class='gform_button button' value='Enviar a Suquir' tabindex='16' onclick='if(window[\"gf_submitting_1\"]){return false;}  window[\"gf_submitting_1\"]=true;  ' onkeypress='if( event.keyCode == 13 ){ if(window[\"gf_submitting_1\"]){return false;} window[\"gf_submitting_1\"]=true;  jQuery(\"#gform_1\").trigger(\"submit\",[true]); }' \/> <input type='hidden' name='gform_ajax' value='form_id=1&amp;title=1&amp;description=1&amp;tabindex=1' \/>\n            <input type='hidden' class='gform_hidden' name='is_submit_1' value='1' \/>\n            <input type='hidden' class='gform_hidden' name='gform_submit' value='1' \/>\n            \n            <input type='hidden' class='gform_hidden' name='gform_unique_id' value='' \/>\n            <input type='hidden' class='gform_hidden' name='state_1' value='WyJbXSIsImVjMThlYmRkNGU0MjNkOWUxNDc3ZDg3YTlmNjJhY2ZkIl0=' \/>\n            <input type='hidden' class='gform_hidden' name='gform_target_page_number_1' id='gform_target_page_number_1' value='0' \/>\n            <input type='hidden' class='gform_hidden' name='gform_source_page_number_1' id='gform_source_page_number_1' value='1' \/>\n            <input type='hidden' name='gform_field_values' value='' \/>\n            \n        <\/div>\n                        <\/form>\n                        <\/div>\n                <iframe style='display:none;width:0px;height:0px;' src='about:blank' name='gform_ajax_frame_1' id='gform_ajax_frame_1'>This iframe contains the logic required to handle Ajax powered Gravity Forms.<\/iframe>\n                <script type='text\/javascript'>jQuery(document).ready(function($){gformInitSpinner( 1, 'https:\/\/suquir.com.ve\/wp-content\/plugins\/gravityforms\/images\/spinner.gif' );jQuery('#gform_ajax_frame_1').load( function(){var contents = jQuery(this).contents().find('*').html();var is_postback = contents.indexOf('GF_AJAX_POSTBACK') >= 0;if(!is_postback){return;}var form_content = jQuery(this).contents().find('#gform_wrapper_1');var is_confirmation = jQuery(this).contents().find('#gform_confirmation_wrapper_1').length > 0;var is_redirect = contents.indexOf('gformRedirect(){') >= 0;var is_form = form_content.length > 0 && ! is_redirect && ! is_confirmation;if(is_form){jQuery('#gform_wrapper_1').html(form_content.html());if(form_content.hasClass('gform_validation_error')){jQuery('#gform_wrapper_1').addClass('gform_validation_error');} else {jQuery('#gform_wrapper_1').removeClass('gform_validation_error');}setTimeout( function() { \/* delay the scroll by 50 milliseconds to fix a bug in chrome *\/ jQuery(document).scrollTop(jQuery('#gform_wrapper_1').offset().top); }, 50 );if(window['gformInitDatepicker']) {gformInitDatepicker();}if(window['gformInitPriceFields']) {gformInitPriceFields();}var current_page = jQuery('#gform_source_page_number_1').val();gformInitSpinner( 1, 'https:\/\/suquir.com.ve\/wp-content\/plugins\/gravityforms\/images\/spinner.gif' );jQuery(document).trigger('gform_page_loaded', [1, current_page]);window['gf_submitting_1'] = false;}else if(!is_redirect){var confirmation_content = jQuery(this).contents().find('.GF_AJAX_POSTBACK').html();if(!confirmation_content){confirmation_content = contents;}setTimeout(function(){jQuery('#gform_wrapper_1').replaceWith(confirmation_content);jQuery(document).scrollTop(jQuery('#gf_1').offset().top);jQuery(document).trigger('gform_confirmation_loaded', [1]);window['gf_submitting_1'] = false;}, 50);}else{jQuery('#gform_1').append(contents);if(window['gformRedirect']) {gformRedirect();}}jQuery(document).trigger('gform_post_render', [1, current_page]);} );} );<\/script><script type='text\/javascript'> if(typeof gf_global == 'undefined') var gf_global = {\"gf_currency_config\":{\"name\":\"U.S. Dollar\",\"symbol_left\":\"$\",\"symbol_right\":\"\",\"symbol_padding\":\"\",\"thousand_separator\":\",\",\"decimal_separator\":\".\",\"decimals\":2},\"base_url\":\"https:\\\/\\\/suquir.com.ve\\\/wp-content\\\/plugins\\\/gravityforms\",\"number_formats\":[],\"spinnerUrl\":\"https:\\\/\\\/suquir.com.ve\\\/wp-content\\\/plugins\\\/gravityforms\\\/images\\\/spinner.gif\"};jQuery(document).bind('gform_post_render', function(event, formId, currentPage){if(formId == 1) {if(typeof Placeholders != 'undefined'){\n                        Placeholders.enable();\n                    }if(!\/(android)\/i.test(navigator.userAgent)){jQuery('#input_1_4').mask('(999) 999-9999').bind('keypress', function(e){if(e.which == 13){jQuery(this).blur();} } );}} } );jQuery(document).bind('gform_post_conditional_logic', function(event, formId, fields, isInit){} );<\/script><script type='text\/javascript'> jQuery(document).ready(function(){jQuery(document).trigger('gform_post_render', [1, 1]) } ); <\/script>\n","protected":false},"excerpt":{"rendered":"<p>l Technical Service Department SUQUIR C., has the purpose of providing a quality service to our customers, and ensure that all computers meet with its proper functioning. Our department is in charge of everything pertaining to the maintenance and repair of all the equipment that represents the company. We have original spare parts and accessories for each team in addition to offering our technical advice. Those users who have not purchased a product in our company, but need a repair or servicing of equipment that we sell or represent can contact us and we will gladly help you.<\/p>","protected":false},"author":1,"featured_media":0,"parent":0,"menu_order":0,"comment_status":"closed","ping_status":"closed","template":"","meta":{"footnotes":""},"class_list":["post-3141","page","type-page","status-publish","hentry"],"_links":{"self":[{"href":"https:\/\/suquir.com.ve\/en\/wp-json\/wp\/v2\/pages\/3141","targetHints":{"allow":["GET"]}}],"collection":[{"href":"https:\/\/suquir.com.ve\/en\/wp-json\/wp\/v2\/pages"}],"about":[{"href":"https:\/\/suquir.com.ve\/en\/wp-json\/wp\/v2\/types\/page"}],"author":[{"embeddable":true,"href":"https:\/\/suquir.com.ve\/en\/wp-json\/wp\/v2\/users\/1"}],"replies":[{"embeddable":true,"href":"https:\/\/suquir.com.ve\/en\/wp-json\/wp\/v2\/comments?post=3141"}],"version-history":[{"count":9,"href":"https:\/\/suquir.com.ve\/en\/wp-json\/wp\/v2\/pages\/3141\/revisions"}],"predecessor-version":[{"id":3853,"href":"https:\/\/suquir.com.ve\/en\/wp-json\/wp\/v2\/pages\/3141\/revisions\/3853"}],"wp:attachment":[{"href":"https:\/\/suquir.com.ve\/en\/wp-json\/wp\/v2\/media?parent=3141"}],"curies":[{"name":"wp","href":"https:\/\/api.w.org\/{rel}","templated":true}]}}