{"id":930,"date":"2014-07-09T08:53:23","date_gmt":"2014-07-09T08:53:23","guid":{"rendered":"http:\/\/clinico.creaws.com\/?page_id=930"},"modified":"2025-09-21T20:11:50","modified_gmt":"2025-09-21T20:11:50","slug":"about-us","status":"publish","type":"page","link":"https:\/\/suquir.com.ve\/en\/about-us\/","title":{"rendered":"Who we are"},"content":{"rendered":"<h2 class=\"wp-block-heading\">Us<\/h2>\n\n\n\n<div class=\"wp-block-columns is-layout-flex wp-container-core-columns-is-layout-9d6595d7 wp-block-columns-is-layout-flex\">\n<div class=\"wp-block-column is-layout-flow wp-block-column-is-layout-flow\" style=\"flex-basis:33.33%\"><div class=\"wp-block-image is-style-default\">\n<figure class=\"alignleft size-medium\"><img loading=\"lazy\" decoding=\"async\" width=\"300\" height=\"300\" src=\"https:\/\/suquir.com.ve\/wp-content\/uploads\/2014\/07\/47577770_Subscription_XXL-17-300x300.jpg\" alt=\"\" class=\"wp-image-2820\" style=\"aspect-ratio:1;object-fit:contain\" srcset=\"https:\/\/suquir.com.ve\/wp-content\/uploads\/2014\/07\/47577770_Subscription_XXL-17-300x300.jpg 300w, https:\/\/suquir.com.ve\/wp-content\/uploads\/2014\/07\/47577770_Subscription_XXL-17-250x250.jpg 250w, https:\/\/suquir.com.ve\/wp-content\/uploads\/2014\/07\/47577770_Subscription_XXL-17-100x100.jpg 100w, https:\/\/suquir.com.ve\/wp-content\/uploads\/2014\/07\/47577770_Subscription_XXL-17-150x150.jpg 150w, https:\/\/suquir.com.ve\/wp-content\/uploads\/2014\/07\/47577770_Subscription_XXL-17-1024x1024.jpg 1024w\" sizes=\"auto, (max-width: 300px) 100vw, 300px\" \/><\/figure><\/div><\/div>\n\n\n\n<div class=\"wp-block-column is-layout-flow wp-block-column-is-layout-flow\" style=\"flex-basis:66.66%\">\n<p><strong><span class='dropcap'>S<\/span>UQUIR, C. A.<\/strong>&nbsp;he began his business activities in the year 2005, specializing in the area of neurosurgery. From the date has shown a dramatic growth in the field, incorporating cutting-edge technology to their processes, as in their products.<\/p>\n\n\n\n<p>In virtue of the increase of our activities, the demand of products, and the experience gained, we have expanded and specialized in other areas such as: joint Prostheses for neurosurgery, traumatology and plastic surgery; surgical Equipment and furniture for the provision of clinics and hospitals; surgical instruments; Supplies disposable; Medications; medical Equipment and excellent quality.<\/p>\n<\/div>\n<\/div>\n\n\n\n<div style=\"height:34px\" aria-hidden=\"true\" class=\"wp-block-spacer\"><\/div>\n\n\n\n<h2 class=\"wp-block-heading\">We are specialists in:<\/h2>\n\n\n<div style=\"position:relative;padding:9px 10px 9px 75px;color:#fff;min-height:40px;cursor:default;background:#00b85d;\"><div style= \"font-size: 1.286em; line-height: 1.222em;\">Surgery<\/div><br><\/div>\n\n\n<div style=\"position:relative;padding:9px 10px 9px 75px;color:#fff;min-height:40px;cursor:default;background:#00b85d;\"><div style= \"font-size: 1.286em; line-height: 1.222em;\">Diagnostic equipment<\/div><br><\/div>\n\n\n<div style=\"position:relative;padding:9px 10px 9px 75px;color:#fff;min-height:40px;cursor:default;background:#00b85d;\"><div style= \"font-size: 1.286em; line-height: 1.222em;\">Neurosurgery<\/div><br><\/div>\n\n\n<div style=\"position:relative;padding:9px 10px 9px 75px;color:#fff;min-height:40px;cursor:default;background:#00b85d;\"><div style= \"font-size: 1.286em; line-height: 1.222em;\">Surgical Instruments<\/div><br><\/div>\n\n\n<div style=\"position:relative;padding:9px 10px 9px 75px;color:#fff;min-height:40px;cursor:default;background:#00b85d;\"><div style= \"font-size: 1.286em; line-height: 1.222em;\">\"Supplies<\/div><br><\/div>\n\n\n\n<div style=\"height:34px\" aria-hidden=\"true\" class=\"wp-block-spacer\"><\/div>\n\n\n<h2>MISSION<\/h2>\n<p>To offer and provide an excellent service in all medical areas, from which starts the process of selection and purchase of the product until it culminates in the acquisition of the latter, perceiving the current requirements to be able to achieve and overcome day after day the expectations of our customers and be in accordance with the standards of the national and international market.<\/p>\n<h2>VISION<\/h2>\n<p>To be the most reliable company in the market, that offer the best options in high-quality products, backed by a pattern of excellence in the service according to requirements and international quality standards, giving rise to the highest level of satisfaction among physicians, patients, and we.<\/p>\n\n\n\n<div style=\"height:34px\" aria-hidden=\"true\" class=\"wp-block-spacer\"><\/div>\n\n\n<h2>Our partners<\/h2>\n<div class=\"lshowcase-clear-both\">&nbsp;<\/div><div class=\"lshowcase-logos\"><div style='display:none;' class='lshowcase-wrap-carousel-0' ><div class=\"lshowcase-slide lshowcase-horizontal-slide\"><a href='http:\/\/www.perlong.com\/' target='_blank' ><img src='https:\/\/suquir.com.ve\/wp-content\/uploads\/2018\/08\/perlong-200x200.png'  width='200'  height = '200'  alt='' title='Perlong' class='lshowcase-hover-grayscale lshowcase-tooltip'  \/><\/a><\/div><div class=\"lshowcase-slide lshowcase-horizontal-slide\"><a href='https:\/\/www.ricelake.com' target='_blank' ><img src='https:\/\/suquir.com.ve\/wp-content\/uploads\/2025\/03\/rice-lake-black.png'  width='200'  alt='' title='Rice Lake' class='lshowcase-hover-grayscale lshowcase-tooltip'  \/><\/a><\/div><div class=\"lshowcase-slide lshowcase-horizontal-slide\"><a href='http:\/\/www.advanced-inst.com\/' target='_blank' ><img src='https:\/\/suquir.com.ve\/wp-content\/uploads\/2025\/03\/Advanced-Logo.png'  width='200'  alt='' title='Advanced Instrumentations' class='lshowcase-hover-grayscale lshowcase-tooltip'  \/><\/a><\/div><div class=\"lshowcase-slide lshowcase-horizontal-slide\"><a href='http:\/\/hnmmedical.com\/' target='_blank' ><img src='http:\/\/hnmmedical.com\/wp-content\/uploads\/2016\/10\/hnm-medical-logo-1.png'  width='200'  alt='' title='HNM Medical' class='lshowcase-hover-grayscale lshowcase-tooltip'  \/><\/a><\/div><div class=\"lshowcase-slide lshowcase-horizontal-slide\"><a href='http:\/\/www.demetech.us' target='_blank' ><img src='https:\/\/suquir.com.ve\/wp-content\/uploads\/2025\/03\/demetech.webp'  width='200'  alt='' title='DemeTech' class='lshowcase-hover-grayscale lshowcase-tooltip'  \/><\/a><\/div><div class=\"lshowcase-slide lshowcase-horizontal-slide\"><a href='https:\/\/www.welchallyn.com' target='_blank' ><img src='https:\/\/suquir.com.ve\/wp-content\/uploads\/2025\/03\/Baxter-Logo.webp'  width='200'  alt='' title='Welch Allyn' class='lshowcase-hover-grayscale lshowcase-tooltip'  \/><\/a><\/div><div class=\"lshowcase-slide lshowcase-horizontal-slide\"><a href='https:\/\/es.hul.de' target='_blank' ><img src='https:\/\/es.hul.de\/wp-content\/uploads\/sites\/16\/2016\/04\/logo-loewenstein-medical-web.png'  width='200'  alt='' title='Heinen + Lowenstein' class='lshowcase-hover-grayscale lshowcase-tooltip'  \/><\/a><\/div><div class=\"lshowcase-slide lshowcase-horizontal-slide\"><a href='http:\/\/jhcmedica.com' target='_blank' ><img src='https:\/\/suquir.com.ve\/wp-content\/uploads\/2025\/03\/Logo-JHCmedica-carta-transp.png'  width='200'  alt='' title='JHC Medical' class='lshowcase-hover-grayscale lshowcase-tooltip'  \/><\/a><\/div><div class=\"lshowcase-slide lshowcase-horizontal-slide\"><a href='https:\/\/www.brainlab.com' target='_blank' ><img src='https:\/\/suquir.com.ve\/wp-content\/uploads\/2025\/03\/Captura-de-pantalla-2025-03-17-101446.png'  width='200'  alt='' title='Brainlab' class='lshowcase-hover-grayscale lshowcase-tooltip'  \/><\/a><\/div><div class=\"lshowcase-slide lshowcase-horizontal-slide\"><a href='http:\/\/www.surgiwear.co.in\/' target='_blank' ><img src='https:\/\/suquir.com.ve\/wp-content\/uploads\/2025\/03\/surgiwear.png'  width='200'  alt='' title='Surgiwear' class='lshowcase-hover-grayscale lshowcase-tooltip'  \/><\/a><\/div><div class=\"lshowcase-slide lshowcase-horizontal-slide\"><a href='http:\/\/www.nantongmedical.com.cn\/' target='_blank' ><img src='http:\/\/16482434.s21i.faiusr.com\/4\/ABUIABAEGAAggcCc1gUo0JzTTTDfFTigBg!300x300.png'  width='200'  alt='' title='Nantong Yikun Medical Apparatus' class='lshowcase-hover-grayscale lshowcase-tooltip'  \/><\/a><\/div><div class=\"lshowcase-slide lshowcase-horizontal-slide\"><a href='https:\/\/www.teknimed.com\/' target='_blank' ><img src='https:\/\/www.teknimed.com\/app\/uploads\/2025\/09\/logo-teknimed.svg'  width='200'  height = '200'  alt='' title='Teknimed' class='lshowcase-hover-grayscale lshowcase-tooltip'  \/><\/a><\/div><div class=\"lshowcase-slide lshowcase-horizontal-slide\"><a href='http:\/\/www.fradis-medical.com' target='_blank' ><img src='http:\/\/www.fradis-medical.com\/images\/logo.png'  width='200'  alt='' title='Fradis Medical' class='lshowcase-hover-grayscale lshowcase-tooltip'  \/><\/a><\/div><\/div><\/div><div class=\"lshowcase-clear-both\">&nbsp;<\/div>\n\n\n\n<p><\/p>\n\n\n\n<p><\/p>","protected":false},"excerpt":{"rendered":"<p>Nosotros UQUIR, C.A.&nbsp;emprende sus actividades comerciales en el a\u00f1o 2005, especializ\u00e1ndose en el \u00e1rea de neurocirug\u00eda. Desde la fecha ha mostrado un vertiginoso crecimiento en el ramo, incorporando tecnolog\u00eda de vanguardia a sus procesos, al igual que en sus productos. En virtud del incremento de nuestras actividades, la demanda de productos, y la experiencia obtenida, nos hemos expandido y especializado en otras \u00e1reas como: Pr\u00f3tesis articulares para neurocirug\u00eda, traumatolog\u00eda y cirug\u00eda pl\u00e1stica; Equipamiento quir\u00fargico y mobiliario para dotaci\u00f3n de cl\u00ednicas y hospitales; Instrumental quir\u00fargico; Suministros descartables; Medicamentos; y Equipos m\u00e9dicos de excelente calidad. Somos especialistas en:<\/p>","protected":false},"author":1,"featured_media":0,"parent":0,"menu_order":0,"comment_status":"open","ping_status":"closed","template":"","meta":{"footnotes":""},"class_list":["post-930","page","type-page","status-publish","hentry"],"_links":{"self":[{"href":"https:\/\/suquir.com.ve\/en\/wp-json\/wp\/v2\/pages\/930","targetHints":{"allow":["GET"]}}],"collection":[{"href":"https:\/\/suquir.com.ve\/en\/wp-json\/wp\/v2\/pages"}],"about":[{"href":"https:\/\/suquir.com.ve\/en\/wp-json\/wp\/v2\/types\/page"}],"author":[{"embeddable":true,"href":"https:\/\/suquir.com.ve\/en\/wp-json\/wp\/v2\/users\/1"}],"replies":[{"embeddable":true,"href":"https:\/\/suquir.com.ve\/en\/wp-json\/wp\/v2\/comments?post=930"}],"version-history":[{"count":40,"href":"https:\/\/suquir.com.ve\/en\/wp-json\/wp\/v2\/pages\/930\/revisions"}],"predecessor-version":[{"id":4629,"href":"https:\/\/suquir.com.ve\/en\/wp-json\/wp\/v2\/pages\/930\/revisions\/4629"}],"wp:attachment":[{"href":"https:\/\/suquir.com.ve\/en\/wp-json\/wp\/v2\/media?parent=930"}],"curies":[{"name":"wp","href":"https:\/\/api.w.org\/{rel}","templated":true}]}}