{"id":3175,"date":"2018-08-20T03:05:53","date_gmt":"2018-08-20T03:05:53","guid":{"rendered":"https:\/\/suquir.com.ve\/?post_type=product&#038;p=3175"},"modified":"2018-10-04T16:45:27","modified_gmt":"2018-10-04T16:45:27","slug":"cama-manual-de-3-posiciones-b-500","status":"publish","type":"product","link":"https:\/\/suquir.com.ve\/en\/product\/cama-manual-de-3-posiciones-b-500\/","title":{"rendered":"Bed Manual 3-position B-500 M"},"content":{"rendered":"","protected":false},"excerpt":{"rendered":"<p><strong>Marca:<\/strong> Advanced<\/p>\n<p>&nbsp;<\/p>\n<p><strong>Modelo:<\/strong> B-500 M<\/p>\n<p>&nbsp;<\/p>\n<p>Cama de hospital manual dise\u00f1ada especialmente para pacientes hospitalizados y personas que necesitan alg\u00fan tipo de atenci\u00f3n m\u00e9dica, se utiliza en diferentes \u00e1reas de atenci\u00f3n del hospital, hogares de ancianos y otras instalaciones de atenci\u00f3n m\u00e9dica con barandillas plegables de aluminio y marco de acero.<\/p>\n<p>&nbsp;<\/p>\n<h3>Caracter\u00edsticas<\/h3>\n<p>Dimensi\u00f3n de la cabecera: 76 \u00abx 32.68\u00bb (1930mm x 830mm)<\/p>\n<p>Ajuste bajo-alto: 20.87 \u00abx 27.74\u00bb (530 mm x 730 mm)<\/p>\n<p>\u00c1ngulo de elevaci\u00f3n del respaldo: 0-70 \u00b0<\/p>\n<p>\u00c1ngulo de elevaci\u00f3n de la rodilla-resto: 0-45 \u00b0<\/p>\n<p>Capacidad de carga: 250 Kgs.<\/p>\n<p>Di\u00e1metro del castor: 125 mm, 2 con frenos, 2 sin frenos<\/p>\n<p>Respaldo arriba \/ abajo<\/p>\n<p>Parte de la pierna arriba \/ abajo<\/p>\n<p>Ruedas con frenos<\/p>\n<p>Cuatro parales para IV alrededor de la cama<\/p>\n<p>1 paral para I.V<\/p>\n<p>3 manivelas<\/p>","protected":false},"featured_media":3172,"comment_status":"closed","ping_status":"closed","template":"","meta":[],"product_brand":[],"product_cat":[122,121],"product_tag":[],"class_list":{"0":"post-3175","1":"product","2":"type-product","3":"status-publish","4":"has-post-thumbnail","6":"product_cat-hospitalizacion","7":"product_cat-mobiliario-clinico","9":"first","10":"instock","11":"shipping-taxable","12":"purchasable","13":"product-type-simple"},"_links":{"self":[{"href":"https:\/\/suquir.com.ve\/en\/wp-json\/wp\/v2\/product\/3175","targetHints":{"allow":["GET"]}}],"collection":[{"href":"https:\/\/suquir.com.ve\/en\/wp-json\/wp\/v2\/product"}],"about":[{"href":"https:\/\/suquir.com.ve\/en\/wp-json\/wp\/v2\/types\/product"}],"replies":[{"embeddable":true,"href":"https:\/\/suquir.com.ve\/en\/wp-json\/wp\/v2\/comments?post=3175"}],"wp:featuredmedia":[{"embeddable":true,"href":"https:\/\/suquir.com.ve\/en\/wp-json\/wp\/v2\/media\/3172"}],"wp:attachment":[{"href":"https:\/\/suquir.com.ve\/en\/wp-json\/wp\/v2\/media?parent=3175"}],"wp:term":[{"taxonomy":"product_brand","embeddable":true,"href":"https:\/\/suquir.com.ve\/en\/wp-json\/wp\/v2\/product_brand?post=3175"},{"taxonomy":"product_cat","embeddable":true,"href":"https:\/\/suquir.com.ve\/en\/wp-json\/wp\/v2\/product_cat?post=3175"},{"taxonomy":"product_tag","embeddable":true,"href":"https:\/\/suquir.com.ve\/en\/wp-json\/wp\/v2\/product_tag?post=3175"}],"curies":[{"name":"wp","href":"https:\/\/api.w.org\/{rel}","templated":true}]}}