{"id":3176,"date":"2018-08-20T03:37:20","date_gmt":"2018-08-20T03:37:20","guid":{"rendered":"https:\/\/suquir.com.ve\/?post_type=product&#038;p=3176"},"modified":"2018-08-20T03:37:20","modified_gmt":"2018-08-20T03:37:20","slug":"cama-electrica-clinica-b-1000-pro","status":"publish","type":"product","link":"https:\/\/suquir.com.ve\/en\/product\/cama-electrica-clinica-b-1000-pro\/","title":{"rendered":"Electric bed Clinic, B-1000 PRO"},"content":{"rendered":"","protected":false},"excerpt":{"rendered":"<p><strong>Marca:<\/strong> Advanced<\/p>\n<p><strong>Modelo:<\/strong> B-1000 PRO<\/p>\n<p>Descripci\u00f3n: Cama de hospital el\u00e9ctrica dise\u00f1ada especialmente para pacientes hospitalizados y personas que necesitan alg\u00fan tipo de atenci\u00f3n m\u00e9dica, cuyo material principal es una leng\u00fceta de pl\u00e1stico ABS y enlace suave con Cabecero de pl\u00e1stico de polipropileno, estribo y rieles laterales plegables.<\/p>\n<h3><strong>Caracter\u00edsticas<\/strong><\/h3>\n<p>Dimensiones de la placa de la cama: 76 \u00abx 35\u00bb (1930 mm x 889 mm)<\/p>\n<p>Dimensi\u00f3n total: 86 \u00abx41\u00bb x19.5 \u00ab\/ 28\u00bb (2184mmx1041mmx495mm \/ 711mm)<\/p>\n<p>Ajuste alto-bajo: 19.5 \u00ab- 28\u00bb (590 mm x 680 mm)<\/p>\n<p>Trendelenburg \/ Anti-Trendelenburg: +\/- 10 \u00b0<\/p>\n<p>\u00c1ngulo de elevaci\u00f3n del respaldo: 0-65 \u00b0<\/p>\n<p>\u00c1ngulo de elevaci\u00f3n del reposa piernas: 0-45 \u00b0<\/p>\n<p>Funci\u00f3n RCP con funci\u00f3n de reinicio<\/p>\n<p>Capacidad de carga: 250 Kgs.<\/p>\n<p>Sistema de bloqueo central<\/p>\n<p>Di\u00e1metro del echador: 5.9 \u00ab(150 mm)<\/p>\n<p>Bater\u00eda UPS. Alimentaci\u00f3n 110VAC-120\/60 Hz<\/p>\n<p>Cinco funciones<\/p>\n<p>Control para enfermera<\/p>","protected":false},"featured_media":3178,"comment_status":"closed","ping_status":"closed","template":"","meta":[],"product_brand":[],"product_cat":[122,121],"product_tag":[],"class_list":{"0":"post-3176","1":"product","2":"type-product","3":"status-publish","4":"has-post-thumbnail","6":"product_cat-hospitalizacion","7":"product_cat-mobiliario-clinico","9":"first","10":"instock","11":"shipping-taxable","12":"purchasable","13":"product-type-simple"},"_links":{"self":[{"href":"https:\/\/suquir.com.ve\/en\/wp-json\/wp\/v2\/product\/3176","targetHints":{"allow":["GET"]}}],"collection":[{"href":"https:\/\/suquir.com.ve\/en\/wp-json\/wp\/v2\/product"}],"about":[{"href":"https:\/\/suquir.com.ve\/en\/wp-json\/wp\/v2\/types\/product"}],"replies":[{"embeddable":true,"href":"https:\/\/suquir.com.ve\/en\/wp-json\/wp\/v2\/comments?post=3176"}],"wp:featuredmedia":[{"embeddable":true,"href":"https:\/\/suquir.com.ve\/en\/wp-json\/wp\/v2\/media\/3178"}],"wp:attachment":[{"href":"https:\/\/suquir.com.ve\/en\/wp-json\/wp\/v2\/media?parent=3176"}],"wp:term":[{"taxonomy":"product_brand","embeddable":true,"href":"https:\/\/suquir.com.ve\/en\/wp-json\/wp\/v2\/product_brand?post=3176"},{"taxonomy":"product_cat","embeddable":true,"href":"https:\/\/suquir.com.ve\/en\/wp-json\/wp\/v2\/product_cat?post=3176"},{"taxonomy":"product_tag","embeddable":true,"href":"https:\/\/suquir.com.ve\/en\/wp-json\/wp\/v2\/product_tag?post=3176"}],"curies":[{"name":"wp","href":"https:\/\/api.w.org\/{rel}","templated":true}]}}