{"id":3183,"date":"2018-08-20T04:42:05","date_gmt":"2018-08-20T04:42:05","guid":{"rendered":"https:\/\/suquir.com.ve\/?post_type=product&#038;p=3183"},"modified":"2018-08-20T04:42:05","modified_gmt":"2018-08-20T04:42:05","slug":"bomba-de-infusion-ip-100","status":"publish","type":"product","link":"https:\/\/suquir.com.ve\/en\/product\/bomba-de-infusion-ip-100\/","title":{"rendered":"Infusion pump IP-100+"},"content":{"rendered":"","protected":false},"excerpt":{"rendered":"<p><strong>Marca:<\/strong> Advanced<\/p>\n<p><strong>Modelo:<\/strong> IP-100+<\/p>\n<p>Bomba de infusi\u00f3n inteligente y altamente precisa, infunde fluidos en el sistema circulatorio del paciente de forma controlada. Su dise\u00f1o funcional y eficiente hace que sea una bomba de infusi\u00f3n muy flexible y port\u00e1til.<\/p>\n<p>&nbsp;<\/p>\n<h3>Caracter\u00edsticas<\/h3>\n<p>Compatible con cualquier conjunto de infusi\u00f3n est\u00e1ndar<\/p>\n<p>Calibraci\u00f3n autom\u00e1tica para sets de infusi\u00f3n<\/p>\n<p>Tres modos de control: tasa de flujo, tiempo y volum\u00e9trica<\/p>\n<p>Clave para cambiar entre ml\/h y gotas\/min, en modo de velocidad.<\/p>\n<p>M\u00faltiples funciones de alarma<\/p>\n<p>Tres niveles de la presi\u00f3n de oclusi\u00f3n<\/p>\n<p>Tres niveles de volumen de alarma<\/p>\n<p>Modo KVO autom\u00e1tico<\/p>\n<p>Funciones de purga y bolo<\/p>\n<p>Construido en la bater\u00eda recargable de alta capacidad<\/p>","protected":false},"featured_media":3187,"comment_status":"closed","ping_status":"closed","template":"","meta":[],"product_brand":[],"product_cat":[100,104],"product_tag":[],"class_list":{"0":"post-3183","1":"product","2":"type-product","3":"status-publish","4":"has-post-thumbnail","6":"product_cat-equipos-medicos","7":"product_cat-infusion","9":"first","10":"instock","11":"shipping-taxable","12":"purchasable","13":"product-type-simple"},"_links":{"self":[{"href":"https:\/\/suquir.com.ve\/en\/wp-json\/wp\/v2\/product\/3183","targetHints":{"allow":["GET"]}}],"collection":[{"href":"https:\/\/suquir.com.ve\/en\/wp-json\/wp\/v2\/product"}],"about":[{"href":"https:\/\/suquir.com.ve\/en\/wp-json\/wp\/v2\/types\/product"}],"replies":[{"embeddable":true,"href":"https:\/\/suquir.com.ve\/en\/wp-json\/wp\/v2\/comments?post=3183"}],"wp:featuredmedia":[{"embeddable":true,"href":"https:\/\/suquir.com.ve\/en\/wp-json\/wp\/v2\/media\/3187"}],"wp:attachment":[{"href":"https:\/\/suquir.com.ve\/en\/wp-json\/wp\/v2\/media?parent=3183"}],"wp:term":[{"taxonomy":"product_brand","embeddable":true,"href":"https:\/\/suquir.com.ve\/en\/wp-json\/wp\/v2\/product_brand?post=3183"},{"taxonomy":"product_cat","embeddable":true,"href":"https:\/\/suquir.com.ve\/en\/wp-json\/wp\/v2\/product_cat?post=3183"},{"taxonomy":"product_tag","embeddable":true,"href":"https:\/\/suquir.com.ve\/en\/wp-json\/wp\/v2\/product_tag?post=3183"}],"curies":[{"name":"wp","href":"https:\/\/api.w.org\/{rel}","templated":true}]}}