{"id":3188,"date":"2018-08-20T04:43:48","date_gmt":"2018-08-20T04:43:48","guid":{"rendered":"https:\/\/suquir.com.ve\/?post_type=product&#038;p=3188"},"modified":"2025-05-14T16:37:15","modified_gmt":"2025-05-14T16:37:15","slug":"carro-porta-historia","status":"publish","type":"product","link":"https:\/\/suquir.com.ve\/en\/product\/carro-porta-historia\/","title":{"rendered":"Carro porta historia CHT-1000"},"content":{"rendered":"","protected":false},"excerpt":{"rendered":"<p><strong>Marca:<\/strong> Advanced<\/p>\n<p>&nbsp;<\/p>\n<p><strong>Modelo:<\/strong> CHT-1000<\/p>\n<p>&nbsp;<\/p>\n<p>Es un carro m\u00e9dico m\u00f3vil dise\u00f1ado para mantener suministros m\u00e9dicos, medicamentos y archivos m\u00e9dicos organizados, lo que aumenta la eficiencia en las diferentes \u00e1reas de atenci\u00f3n durante el cuidado del paciente., se utiliza en hospitales, centros de emergencia, centros de cirug\u00eda ambulatoria y otras instalaciones de atenci\u00f3n m\u00e9dica<\/p>\n<h3>Caracter\u00edsticas<\/h3>\n<p>\u2022 Caj\u00f3n de ABS, el caj\u00f3n se puede bloquear con la tecla en el lado izquierdo PE Chasis.<br \/>\n\u2022 Cuatro ruedas de aluminio y magnesio, dos ruedas con freno de bloqueo.<br \/>\n\u2022 Dimensiones: 30 \u00abx24\u00bb x41 \u00ab(762 mm x 609.6 mm x 1193.8 mm).<br \/>\n\u2022 Tablero superior de ABS.<br \/>\n\u2022 Tablero deslizante de ABS.<br \/>\n\u2022 Barra de bloqueo de hierro con llave.<br \/>\n\u2022 42 carpetas de historial de casos de ABS.<br \/>\n\u2022 Barandilla de acero inoxidable.<\/p>","protected":false},"featured_media":3194,"comment_status":"closed","ping_status":"closed","template":"","meta":[],"product_brand":[132],"product_cat":[122,121],"product_tag":[],"class_list":{"0":"post-3188","1":"product","2":"type-product","3":"status-publish","4":"has-post-thumbnail","6":"product_brand-advanced","7":"product_cat-hospitalizacion","8":"product_cat-mobiliario-clinico","10":"first","11":"instock","12":"shipping-taxable","13":"purchasable","14":"product-type-simple"},"_links":{"self":[{"href":"https:\/\/suquir.com.ve\/en\/wp-json\/wp\/v2\/product\/3188","targetHints":{"allow":["GET"]}}],"collection":[{"href":"https:\/\/suquir.com.ve\/en\/wp-json\/wp\/v2\/product"}],"about":[{"href":"https:\/\/suquir.com.ve\/en\/wp-json\/wp\/v2\/types\/product"}],"replies":[{"embeddable":true,"href":"https:\/\/suquir.com.ve\/en\/wp-json\/wp\/v2\/comments?post=3188"}],"wp:featuredmedia":[{"embeddable":true,"href":"https:\/\/suquir.com.ve\/en\/wp-json\/wp\/v2\/media\/3194"}],"wp:attachment":[{"href":"https:\/\/suquir.com.ve\/en\/wp-json\/wp\/v2\/media?parent=3188"}],"wp:term":[{"taxonomy":"product_brand","embeddable":true,"href":"https:\/\/suquir.com.ve\/en\/wp-json\/wp\/v2\/product_brand?post=3188"},{"taxonomy":"product_cat","embeddable":true,"href":"https:\/\/suquir.com.ve\/en\/wp-json\/wp\/v2\/product_cat?post=3188"},{"taxonomy":"product_tag","embeddable":true,"href":"https:\/\/suquir.com.ve\/en\/wp-json\/wp\/v2\/product_tag?post=3188"}],"curies":[{"name":"wp","href":"https:\/\/api.w.org\/{rel}","templated":true}]}}