{"id":3190,"date":"2018-08-20T04:49:50","date_gmt":"2018-08-20T04:49:50","guid":{"rendered":"https:\/\/suquir.com.ve\/?post_type=product&#038;p=3190"},"modified":"2025-05-14T16:11:49","modified_gmt":"2025-05-14T16:11:49","slug":"desfibrilador-d-100-ecg","status":"publish","type":"product","link":"https:\/\/suquir.com.ve\/en\/product\/desfibrilador-d-100-ecg\/","title":{"rendered":"Desfibrilador D-100 ECG"},"content":{"rendered":"","protected":false},"excerpt":{"rendered":"<p><strong>Marca:<\/strong> Advanced<\/p>\n<p>&nbsp;<\/p>\n<p><strong>Modelo:<\/strong> D-100<\/p>\n<p>&nbsp;<\/p>\n<p>Desfibrilador bif\u00e1sico con funciones ampliadas que incluyen Monitoreo de Pacientes, Desfibrilador Manual, Desfibrilador Externo Automatizado (AED) y Cardiac Pacer, funciona con pilas y es compacto.<\/p>\n<h3>Caracter\u00edsticas<\/h3>\n<p>\u2022 Dise\u00f1o integrado 4 en 1: Monitoreo, desfibrilador manual, DEA y marcapasos.<br \/>\n\u2022 Pantalla a color TFT LCD de 7\u201d.<br \/>\n\u2022 La pantalla muestra informaci\u00f3n num\u00e9rica y formas de onda.<br \/>\n\u2022 Sistema de alarma integral.<br \/>\n\u2022 Ligero y port\u00e1til.<br \/>\n\u2022 Hasta 360J de energ\u00eda de dosis creciente para maximizar el \u00e9xito de la desfibrilaci\u00f3n.<br \/>\n\u2022 Desfibrilaci\u00f3n con cardioversi\u00f3n sincronizada.<br \/>\n\u2022 AED con tecnolog\u00eda bif\u00e1sica.<br \/>\n\u2022 Monitoreo del paciente: ECG.<br \/>\n\u2022 Palas externas para adultos y ni\u00f1os, convertibles.<br \/>\n\u2022 Gran capacidad de memoria interna.<br \/>\n\u2022 Niveles IP44 de resistencia al polvo y al agua.<br \/>\n\u2022 Cumple 21.102, ISO 9919 para golpes y vibraciones.<br \/>\n\u2022 Cumple con 6.3.4.3, requisitos de ca\u00edda libre EN1789.<br \/>\n\u2022 Registrador t\u00e9rmico integrado.<br \/>\n\u2022 Puerto USB, capacidad de exportaci\u00f3n de datos.<br \/>\n\u2022 Bater\u00eda de respaldo recargable incorporada.<br \/>\n\u2022 Indicador LED de nivel de bater\u00eda.<br \/>\n\u2022 Voltaje 100V ~ 240V \u2013 50\/60 Hz.<\/p>\n<p>&nbsp;<\/p>\n<p>&nbsp;<\/p>","protected":false},"featured_media":3191,"comment_status":"closed","ping_status":"closed","template":"","meta":[],"product_brand":[132],"product_cat":[102,100],"product_tag":[],"class_list":{"0":"post-3190","1":"product","2":"type-product","3":"status-publish","4":"has-post-thumbnail","6":"product_brand-advanced","7":"product_cat-cardiologia","8":"product_cat-equipos-medicos","10":"first","11":"instock","12":"shipping-taxable","13":"purchasable","14":"product-type-simple"},"_links":{"self":[{"href":"https:\/\/suquir.com.ve\/en\/wp-json\/wp\/v2\/product\/3190","targetHints":{"allow":["GET"]}}],"collection":[{"href":"https:\/\/suquir.com.ve\/en\/wp-json\/wp\/v2\/product"}],"about":[{"href":"https:\/\/suquir.com.ve\/en\/wp-json\/wp\/v2\/types\/product"}],"replies":[{"embeddable":true,"href":"https:\/\/suquir.com.ve\/en\/wp-json\/wp\/v2\/comments?post=3190"}],"wp:featuredmedia":[{"embeddable":true,"href":"https:\/\/suquir.com.ve\/en\/wp-json\/wp\/v2\/media\/3191"}],"wp:attachment":[{"href":"https:\/\/suquir.com.ve\/en\/wp-json\/wp\/v2\/media?parent=3190"}],"wp:term":[{"taxonomy":"product_brand","embeddable":true,"href":"https:\/\/suquir.com.ve\/en\/wp-json\/wp\/v2\/product_brand?post=3190"},{"taxonomy":"product_cat","embeddable":true,"href":"https:\/\/suquir.com.ve\/en\/wp-json\/wp\/v2\/product_cat?post=3190"},{"taxonomy":"product_tag","embeddable":true,"href":"https:\/\/suquir.com.ve\/en\/wp-json\/wp\/v2\/product_tag?post=3190"}],"curies":[{"name":"wp","href":"https:\/\/api.w.org\/{rel}","templated":true}]}}