{"id":3192,"date":"2018-08-20T04:57:45","date_gmt":"2018-08-20T04:57:45","guid":{"rendered":"https:\/\/suquir.com.ve\/?post_type=product&#038;p=3192"},"modified":"2025-07-19T02:11:52","modified_gmt":"2025-07-19T02:11:52","slug":"ecografo-dus-5000","status":"publish","type":"product","link":"https:\/\/suquir.com.ve\/en\/product\/ecografo-dus-5000\/","title":{"rendered":"Ec\u00f3grafo DUS-5000"},"content":{"rendered":"","protected":false},"excerpt":{"rendered":"<p><strong>Marca:<\/strong> Advanced<\/p>\n<p><strong>Modelo:<\/strong> DUS-5000<\/p>\n<p>Sistema de Im\u00e1genes de Diagn\u00f3stico por Ultrasonido Digital dise\u00f1ado para el an\u00e1lisis de diagn\u00f3stico por im\u00e1genes de ultrasonido por un m\u00e9dico o un profesional de la salud calificado, utiliza tecnolog\u00edas avanzadas tales como Imagen Compuesta Fase de Im\u00e1genes Compuestas Arm\u00f3nicas (eHCI), Formaci\u00f3n de Rayos M\u00faltiples (mBeam), Im\u00e1genes de Resistencia al Moteado (eSRI) e Imagen de Compounding Espacial para producir im\u00e1genes de diagn\u00f3stico de alta calidad en Abdomen; Obstetricia y Ginecolog\u00eda; Pediatr\u00eda; Peque\u00f1as partes; Urolog\u00eda, Vascular Perif\u00e9rico; Esqueleto muscular (tanto convencional como superficial); Aplicaciones cl\u00ednicas trans-vaginales y card\u00edacas en salas de ginecolog\u00eda, salas de obstetricia, salas de examen, unidades de cuidados intensivos, salas de emergencia y cualquier otra unidad de diagn\u00f3stico.<\/p>\n<h3>Caracter\u00edsticas<\/h3>\n<p>Dispositivo port\u00e1til<\/p>\n<p>Teclado alfanum\u00e9rico plegable con trackball<\/p>\n<p>Un portacables \/ Dos puertos de transductor \/ Un soporte de sonda \/ Mango<\/p>\n<p>Acoplamiento de gel a trav\u00e9s<\/p>\n<p>Modos de visualizaci\u00f3n: B, B + B, 4B, B + M, M, B + PW, B + Color, B + Color + PW, B + PDI y B + PDI + PW<\/p>\n<p>Color de bucle de cine y marcos en blanco y negro<\/p>\n<p>Formaci\u00f3n de haz: formaci\u00f3n de haz digital, enfoque de recepci\u00f3n din\u00e1mica, apertura din\u00e1mica en tiempo real, escaneo de frecuencia din\u00e1mica, anodizaci\u00f3n din\u00e1mica, imagen arm\u00f3nica de tejido, proyecci\u00f3n de imagen espec\u00edfica de tejido<\/p>\n<p>Proceso de imagen (IP) Pre \/ Post procesamiento<\/p>\n<p>Enfocar<\/p>\n<p>Im\u00e1genes de flujo de color Doppler<\/p>\n<p>Imagen Doppler de potencia<\/p>\n<p>Doppler de onda de pulso<\/p>\n<p>B \/ Modo de color: Distancia, Cir \/ \u00c1rea (Elipse \/ Trace) Volumen (2-Axis \/ 3-Axis), Relaci\u00f3n,% Estenosis, \u00c1ngulo e Histograma<\/p>\n<p>Modo M: distancia, tiempo, pendiente y frecuencia card\u00edaca (dos ciclos)<\/p>\n<p>Modo PW: velocidad, frecuencia card\u00edaca, tiempo, aceleraci\u00f3n, resistencia<\/p>\n<p>\u00cdndice (RI) de Pulsatividad (PI) y autom\u00e1tico (rastreo autom\u00e1tico)<\/p>\n<p>Las opciones de transductor incluyen: matriz convexa, matriz lineal, endo-cavidad y matriz micro convexa<\/p>\n<p>Dos puertos USB y puerto de red (DICOM 3.0)<\/p>\n<p>Puerto de salida VGA y puerto de salida de video<\/p>\n<p>Impresora de video \/ Impresora l\u00e1ser \/ Impresora de tinta \/ Gu\u00eda de biopsia \/ Interruptor de pie de congelaci\u00f3n \/ Bolsa de viaje \/ Carro m\u00f3vil \/ Disco duro port\u00e1til<\/p>\n<p>Bater\u00eda recargable incorporada de alta capacidad<\/p>","protected":false},"featured_media":3193,"comment_status":"closed","ping_status":"closed","template":"","meta":[],"product_brand":[],"product_cat":[100,107],"product_tag":[],"class_list":{"0":"post-3192","1":"product","2":"type-product","3":"status-publish","4":"has-post-thumbnail","6":"product_cat-equipos-medicos","7":"product_cat-ultrasonidos","9":"first","10":"instock","11":"shipping-taxable","12":"purchasable","13":"product-type-simple"},"_links":{"self":[{"href":"https:\/\/suquir.com.ve\/en\/wp-json\/wp\/v2\/product\/3192","targetHints":{"allow":["GET"]}}],"collection":[{"href":"https:\/\/suquir.com.ve\/en\/wp-json\/wp\/v2\/product"}],"about":[{"href":"https:\/\/suquir.com.ve\/en\/wp-json\/wp\/v2\/types\/product"}],"replies":[{"embeddable":true,"href":"https:\/\/suquir.com.ve\/en\/wp-json\/wp\/v2\/comments?post=3192"}],"wp:featuredmedia":[{"embeddable":true,"href":"https:\/\/suquir.com.ve\/en\/wp-json\/wp\/v2\/media\/3193"}],"wp:attachment":[{"href":"https:\/\/suquir.com.ve\/en\/wp-json\/wp\/v2\/media?parent=3192"}],"wp:term":[{"taxonomy":"product_brand","embeddable":true,"href":"https:\/\/suquir.com.ve\/en\/wp-json\/wp\/v2\/product_brand?post=3192"},{"taxonomy":"product_cat","embeddable":true,"href":"https:\/\/suquir.com.ve\/en\/wp-json\/wp\/v2\/product_cat?post=3192"},{"taxonomy":"product_tag","embeddable":true,"href":"https:\/\/suquir.com.ve\/en\/wp-json\/wp\/v2\/product_tag?post=3192"}],"curies":[{"name":"wp","href":"https:\/\/api.w.org\/{rel}","templated":true}]}}