{"id":3195,"date":"2018-08-20T05:42:42","date_gmt":"2018-08-20T05:42:42","guid":{"rendered":"https:\/\/suquir.com.ve\/?post_type=product&#038;p=3195"},"modified":"2018-09-05T15:29:47","modified_gmt":"2018-09-05T15:29:47","slug":"ecografo-doppler-a-color-dus-7000","status":"publish","type":"product","link":"https:\/\/suquir.com.ve\/en\/product\/ecografo-doppler-a-color-dus-7000\/","title":{"rendered":"Ec\u00f3grafo Doppler a Color DUS-7000"},"content":{"rendered":"","protected":false},"excerpt":{"rendered":"<p><strong>Marca:<\/strong> Advanced<\/p>\n<p>&nbsp;<\/p>\n<p><strong>Modelo:<\/strong> DUS-7000<\/p>\n<p>&nbsp;<\/p>\n<h3>Caracter\u00edsticas<\/h3>\n<p>Pantalla t\u00e1ctil en color con brazo articulado<\/p>\n<p>DUS-7000 17 \u00bb (431,8 mm)<\/p>\n<p>Segunda pantalla<\/p>\n<p>Cuatro puertos de transductor activos<\/p>\n<p>Tecnolog\u00eda de front-end digital<\/p>\n<p>Imagen compuesta<\/p>\n<p>Im\u00e1genes de arm\u00f3nicos de tejidos<\/p>\n<p>Im\u00e1genes arm\u00f3nicas de inversi\u00f3n de fases<\/p>\n<p>Alta frecuencia de repetici\u00f3n de pulsos<\/p>\n<p>Im\u00e1genes panor\u00e1micas<\/p>\n<p>Im\u00e1genes 3D \/ 4D, FreeHand 3D<\/p>\n<p>Iconos de tipo examen<\/p>\n<p>Elastograf\u00eda de im\u00e1genes<\/p>\n<p>Imagen de contraste<\/p>\n<p>DVD\/M\u00f3dulo ECG\/<\/p>\n<p>Frecuencia ajustable de 5 bandas en modo B<\/p>\n<p>LGC (2 bandas)<\/p>\n<p>\u00cdndice caracter\u00edstico del tejido<\/p>\n<p>Funci\u00f3n de rotaci\u00f3n de imagen<\/p>\n<p>Imagen compuesta<\/p>\n<p>Im\u00e1genes trapezoidales<\/p>\n<p>Capacidad de imagen y pel\u00edcula<\/p>\n<p>Biopsia mejorada\/Eco de estr\u00e9s<\/p>\n<p>Paquete de medidas: B\u00e1sico, Obstetricia, Ginecolog\u00eda, Cardiolog\u00eda, Abdomen, Vascular, Urolog\u00eda, Partes peque\u00f1as, Pediatr\u00eda, \u00cdndice de rendimiento mioc\u00e1rdico.<\/p>\n<p>Rastreo autom\u00e1tico PW\/Medici\u00f3n IMT<\/p>\n<p>Fuente de alimentaci\u00f3n: CA 100 ~ 240 V 50\/60 Hz.<\/p>","protected":false},"featured_media":3196,"comment_status":"closed","ping_status":"closed","template":"","meta":[],"product_brand":[],"product_cat":[100,107],"product_tag":[],"class_list":{"0":"post-3195","1":"product","2":"type-product","3":"status-publish","4":"has-post-thumbnail","6":"product_cat-equipos-medicos","7":"product_cat-ultrasonidos","9":"first","10":"instock","11":"shipping-taxable","12":"purchasable","13":"product-type-simple"},"_links":{"self":[{"href":"https:\/\/suquir.com.ve\/en\/wp-json\/wp\/v2\/product\/3195","targetHints":{"allow":["GET"]}}],"collection":[{"href":"https:\/\/suquir.com.ve\/en\/wp-json\/wp\/v2\/product"}],"about":[{"href":"https:\/\/suquir.com.ve\/en\/wp-json\/wp\/v2\/types\/product"}],"replies":[{"embeddable":true,"href":"https:\/\/suquir.com.ve\/en\/wp-json\/wp\/v2\/comments?post=3195"}],"wp:featuredmedia":[{"embeddable":true,"href":"https:\/\/suquir.com.ve\/en\/wp-json\/wp\/v2\/media\/3196"}],"wp:attachment":[{"href":"https:\/\/suquir.com.ve\/en\/wp-json\/wp\/v2\/media?parent=3195"}],"wp:term":[{"taxonomy":"product_brand","embeddable":true,"href":"https:\/\/suquir.com.ve\/en\/wp-json\/wp\/v2\/product_brand?post=3195"},{"taxonomy":"product_cat","embeddable":true,"href":"https:\/\/suquir.com.ve\/en\/wp-json\/wp\/v2\/product_cat?post=3195"},{"taxonomy":"product_tag","embeddable":true,"href":"https:\/\/suquir.com.ve\/en\/wp-json\/wp\/v2\/product_tag?post=3195"}],"curies":[{"name":"wp","href":"https:\/\/api.w.org\/{rel}","templated":true}]}}