{"id":3197,"date":"2018-08-20T06:19:56","date_gmt":"2018-08-20T06:19:56","guid":{"rendered":"https:\/\/suquir.com.ve\/?post_type=product&#038;p=3197"},"modified":"2018-09-05T16:40:23","modified_gmt":"2018-09-05T16:40:23","slug":"monitor-fetal-fm-3000","status":"publish","type":"product","link":"https:\/\/suquir.com.ve\/en\/product\/monitor-fetal-fm-3000\/","title":{"rendered":"Monitor Fetal FM-3000"},"content":{"rendered":"","protected":false},"excerpt":{"rendered":"<p><strong>Marca:<\/strong> Advanced<\/p>\n<p>&nbsp;<\/p>\n<p><strong>Modelo:<\/strong> FM-3000<\/p>\n<p>&nbsp;<\/p>\n<p>Destinado a la monitorizaci\u00f3n no invasiva e invasiva del feto durante el examen prenatal, el trabajo de parto y el parto, el monitor proporciona pruebas sin estr\u00e9s para las mujeres embarazadas a partir de la semana 28 de gestaci\u00f3n. Puede monitorear externamente los FHR usando ultrasonido y actividad uterina a trav\u00e9s de un transductor TOCO. Alternativamente, puede monitorear internamente uno de los FHR con DECG y la actividad uterina con un cat\u00e9ter de presi\u00f3n intrauterina.<\/p>\n<h3>Caracter\u00edsticas<\/h3>\n<p>Funci\u00f3n gemelos<\/p>\n<p>Gran pantalla a color LCD de forma num\u00e9rica y de onda.<\/p>\n<p>Tecnolog\u00eda avanzada de detecci\u00f3n de FHR.<\/p>\n<p>Verificaci\u00f3n de superposici\u00f3n de se\u00f1ales para diferenciar gemelos FHR.<\/p>\n<p>El indicador de calidad de se\u00f1ales FHR ayuda a optimizar la posici\u00f3n de la sonda.<\/p>\n<p>Sonda impermeable de FHR.<\/p>\n<p>Impresora t\u00e9rmica incorporada.<\/p>\n<p>Opciones de impresi\u00f3n flexible.<\/p>\n<p>Velocidad de impresi\u00f3n r\u00e1pida de 15 mm\/s de los rastros de historia.<\/p>\n<p>Gran memoria acumulada para una supervisi\u00f3n perfecta.<\/p>\n<p>Puerto USB para ampliar la capacidad de almacenamiento.<\/p>\n<p>Interfaz RS232.<\/p>\n<p>Software Insight para la administraci\u00f3n de datos en PC.<\/p>\n<p>Capacidad de an\u00e1lisis de CTG.<\/p>\n<p>M\u00faltiples funciones de alarma.<\/p>\n<p>Modos de pantalla m\u00faltiple.<\/p>\n<p>Funci\u00f3n de marcador de evento remoto.<\/p>\n<p>Simulador fetal<\/p>\n<p>Bater\u00eda de iones de litio para servicio ambulatorio (opcional).<\/p>\n<p>Incluye: Carro de transporte.<\/p>","protected":false},"featured_media":3198,"comment_status":"closed","ping_status":"closed","template":"","meta":[],"product_brand":[],"product_cat":[100,106],"product_tag":[],"class_list":{"0":"post-3197","1":"product","2":"type-product","3":"status-publish","4":"has-post-thumbnail","6":"product_cat-equipos-medicos","7":"product_cat-monitoreo-de-pacientes","9":"first","10":"instock","11":"shipping-taxable","12":"purchasable","13":"product-type-simple"},"_links":{"self":[{"href":"https:\/\/suquir.com.ve\/en\/wp-json\/wp\/v2\/product\/3197","targetHints":{"allow":["GET"]}}],"collection":[{"href":"https:\/\/suquir.com.ve\/en\/wp-json\/wp\/v2\/product"}],"about":[{"href":"https:\/\/suquir.com.ve\/en\/wp-json\/wp\/v2\/types\/product"}],"replies":[{"embeddable":true,"href":"https:\/\/suquir.com.ve\/en\/wp-json\/wp\/v2\/comments?post=3197"}],"wp:featuredmedia":[{"embeddable":true,"href":"https:\/\/suquir.com.ve\/en\/wp-json\/wp\/v2\/media\/3198"}],"wp:attachment":[{"href":"https:\/\/suquir.com.ve\/en\/wp-json\/wp\/v2\/media?parent=3197"}],"wp:term":[{"taxonomy":"product_brand","embeddable":true,"href":"https:\/\/suquir.com.ve\/en\/wp-json\/wp\/v2\/product_brand?post=3197"},{"taxonomy":"product_cat","embeddable":true,"href":"https:\/\/suquir.com.ve\/en\/wp-json\/wp\/v2\/product_cat?post=3197"},{"taxonomy":"product_tag","embeddable":true,"href":"https:\/\/suquir.com.ve\/en\/wp-json\/wp\/v2\/product_tag?post=3197"}],"curies":[{"name":"wp","href":"https:\/\/api.w.org\/{rel}","templated":true}]}}