{"id":3199,"date":"2018-08-20T06:23:36","date_gmt":"2018-08-20T06:23:36","guid":{"rendered":"https:\/\/suquir.com.ve\/?post_type=product&#038;p=3199"},"modified":"2018-09-05T16:37:05","modified_gmt":"2018-09-05T16:37:05","slug":"monitor-de-pacientes-pm-2000m","status":"publish","type":"product","link":"https:\/\/suquir.com.ve\/en\/product\/monitor-de-pacientes-pm-2000m\/","title":{"rendered":"Monitor de Pacientes PM-2000M"},"content":{"rendered":"","protected":false},"excerpt":{"rendered":"<p><strong>Marca:<\/strong> Advanced<\/p>\n<p>&nbsp;<\/p>\n<p><strong>Modelo:<\/strong> PM-2000M<\/p>\n<h3><\/h3>\n<h3>Caracter\u00edsticas<\/h3>\n<p>Pantalla LCD TFT a color de alta resoluci\u00f3n<\/p>\n<p>Pantalla t\u00e1ctil completa, operaci\u00f3n intuitiva haciendo clic en el par\u00e1metro o forma de onda<\/p>\n<p>Monitor modular<\/p>\n<p>Detecci\u00f3n de marcapasos<\/p>\n<p>Protecci\u00f3n y sincronizaci\u00f3n de desfibrilaci\u00f3n<\/p>\n<p>Protecci\u00f3n contra interferencia electroquir\u00fargica<\/p>\n<p>Informaci\u00f3n extendida de tendencia de divulgaci\u00f3n completa<\/p>\n<p>Funci\u00f3n de congelaci\u00f3n \/ descongelaci\u00f3n de pantalla<\/p>\n<p>Sistema de alarma completo<\/p>\n<p>Perilla giratoria multifuncional<\/p>\n<p>Informaci\u00f3n num\u00e9rica y de forma de onda<\/p>\n<p>M\u00f3dulo de mediciones m\u00faltiples (XM) ECG, Resp., SpO2, Temp., IBP y PNI<\/p>\n<p>M\u00f3dulo de saturaci\u00f3n de ox\u00edgeno arterial funcional (V-SpO2)<\/p>\n<p>M\u00f3dulo convencional de di\u00f3xido de carbono Respironics\u00ae (CO2)<\/p>\n<p>M\u00f3dulo de corriente lateral de di\u00f3xido de carbono Respironics\u00ae (CO2)<\/p>\n<p>M\u00f3dulo de corriente lateral de di\u00f3xido de carbono (CO2)<\/p>\n<p>M\u00f3dulo de corriente principal de gas anest\u00e9sico (AG)<\/p>\n<p>M\u00f3dulo de flujo lateral de gas anest\u00e9sico (AG)<\/p>\n<p>M\u00f3dulo de salida card\u00edaca (CO)<\/p>\n<p>M\u00f3dulo de Presi\u00f3n Arterial Invasiva (IBP)<\/p>\n<p>M\u00f3dulo de presi\u00f3n arterial no invasiva de Omron (NIBP)<\/p>\n<p>M\u00f3dulo de \u00edndice biespectral (BIS)<\/p>\n<p>Cardiograf\u00eda de impedancia (ICG)<\/p>\n<p>Mec\u00e1nica de la respiraci\u00f3n (RM)<\/p>\n<p>Grabadora t\u00e9rmica opcional<\/p>\n<p>Comunicaci\u00f3n bidireccional con la estaci\u00f3n central<\/p>\n<p>Comunicaci\u00f3n HL7 a trav\u00e9s de archivos XML<\/p>\n<p>Soporte de esc\u00e1ner de c\u00f3digo de barras<\/p>\n<p>Ranura para tarjeta SD habilita la extensi\u00f3n de memoria<\/p>\n<p>Pantalla de visualizaci\u00f3n opcional de cama a cama<\/p>\n<p>Tabla de c\u00e1lculo y titulaci\u00f3n de medicamentos<\/p>\n<p>Puertos USB y serie, salidas VGA y anal\u00f3gicas y RJ-45<\/p>\n<p>Construido en bater\u00eda recargable<\/p>","protected":false},"featured_media":3200,"comment_status":"closed","ping_status":"closed","template":"","meta":[],"product_brand":[],"product_cat":[100,106],"product_tag":[],"class_list":{"0":"post-3199","1":"product","2":"type-product","3":"status-publish","4":"has-post-thumbnail","6":"product_cat-equipos-medicos","7":"product_cat-monitoreo-de-pacientes","9":"first","10":"instock","11":"shipping-taxable","12":"purchasable","13":"product-type-simple"},"_links":{"self":[{"href":"https:\/\/suquir.com.ve\/en\/wp-json\/wp\/v2\/product\/3199","targetHints":{"allow":["GET"]}}],"collection":[{"href":"https:\/\/suquir.com.ve\/en\/wp-json\/wp\/v2\/product"}],"about":[{"href":"https:\/\/suquir.com.ve\/en\/wp-json\/wp\/v2\/types\/product"}],"replies":[{"embeddable":true,"href":"https:\/\/suquir.com.ve\/en\/wp-json\/wp\/v2\/comments?post=3199"}],"wp:featuredmedia":[{"embeddable":true,"href":"https:\/\/suquir.com.ve\/en\/wp-json\/wp\/v2\/media\/3200"}],"wp:attachment":[{"href":"https:\/\/suquir.com.ve\/en\/wp-json\/wp\/v2\/media?parent=3199"}],"wp:term":[{"taxonomy":"product_brand","embeddable":true,"href":"https:\/\/suquir.com.ve\/en\/wp-json\/wp\/v2\/product_brand?post=3199"},{"taxonomy":"product_cat","embeddable":true,"href":"https:\/\/suquir.com.ve\/en\/wp-json\/wp\/v2\/product_cat?post=3199"},{"taxonomy":"product_tag","embeddable":true,"href":"https:\/\/suquir.com.ve\/en\/wp-json\/wp\/v2\/product_tag?post=3199"}],"curies":[{"name":"wp","href":"https:\/\/api.w.org\/{rel}","templated":true}]}}