{"id":3201,"date":"2018-08-20T06:31:11","date_gmt":"2018-08-20T06:31:11","guid":{"rendered":"https:\/\/suquir.com.ve\/?post_type=product&#038;p=3201"},"modified":"2025-05-14T15:31:02","modified_gmt":"2025-05-14T15:31:02","slug":"camilla-de-traslado-manual-st-100","status":"publish","type":"product","link":"https:\/\/suquir.com.ve\/en\/product\/camilla-de-traslado-manual-st-100\/","title":{"rendered":"Stretcher Shuttle Manual ST-100"},"content":{"rendered":"","protected":false},"excerpt":{"rendered":"<p><strong>Marca:<\/strong> Advanced<\/p>\n<p><strong>Modelo:<\/strong> ST-100<\/p>\n<p>Camilla manual dise\u00f1ada especialmente para trasladar con seguridad a los pacientes a las diferentes \u00e1reas de atenci\u00f3n en las instalaciones de atenci\u00f3n m\u00e9dica, que cuneta con un tablero y barandillas de pl\u00e1stico, y marco de acero.<\/p>\n<h3>Caracter\u00edsticas<\/h3>\n<p>\u2022 Dimensi\u00f3n de la tabla de la cama: 74 \u00abx 24\u00bb (1880 mm x 610 mm).<br \/>\n\u2022 Ajuste Hi-Low: 22.44 \u00ab- 33.86\u00bb (570 mm-860 mm).<br \/>\n\u2022 Respaldo \u00c1ngulo m\u00e1ximo 45 \u00b0.<br \/>\n\u2022 Sistema de frenos controlado por el pie.<br \/>\n\u2022 Rieles laterales plegables.<br \/>\n\u2022 Di\u00e1metro del castor: 5.9 \u00ab(150 mm).<br \/>\n\u2022 1 Poste recept\u00e1culo para I.V, 1 paral para I.V incluido.<br \/>\n\u2022 Rieles laterales: 12.5 \u00abx 42\u00bb (317.5 mm x 1067 mm).<br \/>\n\u2022 Incluye almohadilla de estiramiento.<br \/>\n\u2022 Dep\u00f3sito de ox\u00edgeno.<br \/>\n\u2022 Capacidad de peso 250 Kgs.<br \/>\n\u2022 Incluye colch\u00f3n.<\/p>\n<p>&nbsp;<\/p>\n<p>&nbsp;<\/p>","protected":false},"featured_media":3203,"comment_status":"closed","ping_status":"closed","template":"","meta":[],"product_brand":[132],"product_cat":[123,121],"product_tag":[],"class_list":{"0":"post-3201","1":"product","2":"type-product","3":"status-publish","4":"has-post-thumbnail","6":"product_brand-advanced","7":"product_cat-emergencias","8":"product_cat-mobiliario-clinico","10":"first","11":"instock","12":"shipping-taxable","13":"purchasable","14":"product-type-simple"},"_links":{"self":[{"href":"https:\/\/suquir.com.ve\/en\/wp-json\/wp\/v2\/product\/3201","targetHints":{"allow":["GET"]}}],"collection":[{"href":"https:\/\/suquir.com.ve\/en\/wp-json\/wp\/v2\/product"}],"about":[{"href":"https:\/\/suquir.com.ve\/en\/wp-json\/wp\/v2\/types\/product"}],"replies":[{"embeddable":true,"href":"https:\/\/suquir.com.ve\/en\/wp-json\/wp\/v2\/comments?post=3201"}],"wp:featuredmedia":[{"embeddable":true,"href":"https:\/\/suquir.com.ve\/en\/wp-json\/wp\/v2\/media\/3203"}],"wp:attachment":[{"href":"https:\/\/suquir.com.ve\/en\/wp-json\/wp\/v2\/media?parent=3201"}],"wp:term":[{"taxonomy":"product_brand","embeddable":true,"href":"https:\/\/suquir.com.ve\/en\/wp-json\/wp\/v2\/product_brand?post=3201"},{"taxonomy":"product_cat","embeddable":true,"href":"https:\/\/suquir.com.ve\/en\/wp-json\/wp\/v2\/product_cat?post=3201"},{"taxonomy":"product_tag","embeddable":true,"href":"https:\/\/suquir.com.ve\/en\/wp-json\/wp\/v2\/product_tag?post=3201"}],"curies":[{"name":"wp","href":"https:\/\/api.w.org\/{rel}","templated":true}]}}