{"id":3204,"date":"2018-08-20T06:32:59","date_gmt":"2018-08-20T06:32:59","guid":{"rendered":"https:\/\/suquir.com.ve\/?post_type=product&#038;p=3204"},"modified":"2025-05-14T15:33:53","modified_gmt":"2025-05-14T15:33:53","slug":"camilla-de-traslado-hidraulica-st-2000","status":"publish","type":"product","link":"https:\/\/suquir.com.ve\/en\/product\/camilla-de-traslado-hidraulica-st-2000\/","title":{"rendered":"Stretcher Shuttle Hydraulic ST-2000"},"content":{"rendered":"","protected":false},"excerpt":{"rendered":"<p><strong>Marca:<\/strong> Advanced<\/p>\n<p><strong>Modelo:<\/strong> ST-2000<\/p>\n<p>&nbsp;<\/p>\n<p>El Advanced\u00ae ST-2000 es una camilla hidr\u00e1ulica especialmente dise\u00f1ada para mover con seguridad a los pacientes a diferentes \u00e1reas de atenci\u00f3n en un centro de salud y procedimientos menores.<br \/>\nLa camilla hidr\u00e1ulica Advanced\u00ae ST-2000 se puede utilizar en hospitales, centros de cirug\u00eda ambulatoria y otras instalaciones de atenci\u00f3n m\u00e9dica.<\/p>\n<h3>Material Principal<\/h3>\n<p>Mesa de cama de pl\u00e1stico permeable a los rayos X, riel lateral de acero inoxidable,<br \/>\nmarco de acero y bombas hidr\u00e1ulicas.<\/p>\n<h3>Caracter\u00edsticas<\/h3>\n<p>\u2022 Ajuste Hi-Low: 27 \u00ab- 35\u00bb (686 mm-889 mm).<br \/>\n\u2022 \u00c1ngulo m\u00e1ximo del respaldo 65\u00b0.<br \/>\n\u2022 Manivela montada en el \u00e1rea de la pierna, ajustando la posici\u00f3n de la rodilla.<br \/>\n\u2022 Quinta rueda retr\u00e1ctil.<br \/>\n\u2022 Rieles laterales plegables.<br \/>\n\u2022 Manijas de empuje emergentes<br \/>\n(parte de la cabeza).<br \/>\n\u2022 Pedales en ambos lados.<br \/>\n\u2022 1 paral de I.V. incluido.<br \/>\n\u2022 Incluye almohadilla de estiramiento<br \/>\n(recubierto de poliuretano).<br \/>\n\u2022 Dimensiones de los rieles laterales:<br \/>\n17 \u00abx 43.5\u00bb (432 mm x 1105 mm).<br \/>\n\u2022 Dep\u00f3sito de ox\u00edgeno.<br \/>\n\u2022 4 parachoques de goma.<br \/>\n\u2022 Capacidad de peso: 250Kg.<\/p>\n<p>&nbsp;<\/p>\n<p>&nbsp;<\/p>","protected":false},"featured_media":3205,"comment_status":"closed","ping_status":"closed","template":"","meta":[],"product_brand":[132],"product_cat":[123,121],"product_tag":[],"class_list":{"0":"post-3204","1":"product","2":"type-product","3":"status-publish","4":"has-post-thumbnail","6":"product_brand-advanced","7":"product_cat-emergencias","8":"product_cat-mobiliario-clinico","10":"first","11":"instock","12":"shipping-taxable","13":"purchasable","14":"product-type-simple"},"_links":{"self":[{"href":"https:\/\/suquir.com.ve\/en\/wp-json\/wp\/v2\/product\/3204","targetHints":{"allow":["GET"]}}],"collection":[{"href":"https:\/\/suquir.com.ve\/en\/wp-json\/wp\/v2\/product"}],"about":[{"href":"https:\/\/suquir.com.ve\/en\/wp-json\/wp\/v2\/types\/product"}],"replies":[{"embeddable":true,"href":"https:\/\/suquir.com.ve\/en\/wp-json\/wp\/v2\/comments?post=3204"}],"wp:featuredmedia":[{"embeddable":true,"href":"https:\/\/suquir.com.ve\/en\/wp-json\/wp\/v2\/media\/3205"}],"wp:attachment":[{"href":"https:\/\/suquir.com.ve\/en\/wp-json\/wp\/v2\/media?parent=3204"}],"wp:term":[{"taxonomy":"product_brand","embeddable":true,"href":"https:\/\/suquir.com.ve\/en\/wp-json\/wp\/v2\/product_brand?post=3204"},{"taxonomy":"product_cat","embeddable":true,"href":"https:\/\/suquir.com.ve\/en\/wp-json\/wp\/v2\/product_cat?post=3204"},{"taxonomy":"product_tag","embeddable":true,"href":"https:\/\/suquir.com.ve\/en\/wp-json\/wp\/v2\/product_tag?post=3204"}],"curies":[{"name":"wp","href":"https:\/\/api.w.org\/{rel}","templated":true}]}}