{"id":3218,"date":"2018-08-22T13:30:17","date_gmt":"2018-08-22T13:30:17","guid":{"rendered":"https:\/\/suquir.com.ve\/?post_type=product&#038;p=3218"},"modified":"2025-05-14T15:42:45","modified_gmt":"2025-05-14T15:42:45","slug":"servocuna-a-3186","status":"publish","type":"product","link":"https:\/\/suquir.com.ve\/en\/product\/servocuna-a-3186\/","title":{"rendered":"Incubadora Neonatal Cerrada A 3186"},"content":{"rendered":"","protected":false},"excerpt":{"rendered":"<p><strong>Marca:<\/strong> Advanced<\/p>\n<p>&nbsp;<\/p>\n<p><strong>Modelo:<\/strong> A 3186<\/p>\n<p>&nbsp;<\/p>\n<h3>Caracter\u00edsticas<\/h3>\n<p>\u2022 Sistema controlado por microprocesador.<br \/>\n\u2022 Pantalla LED<br \/>\n\u2022 Doble pared de acr\u00edlico de alta calidad \u00f3ptica distribuci\u00f3n precisa del calor en toda la campana Piezas extra\u00edbles f\u00e1ciles de limpiar.<br \/>\n\u2022 Nivel de ruido interno &lt;50 dB.<br \/>\n\u2022 Cinco puertos ovales.<br \/>\n\u2022 Una manga de iris.<br \/>\n\u2022 Panel de f\u00e1cil acceso en la parte delantera y trasera.<br \/>\n\u2022 Ojales para cables y sondas Trendelenburg y Trendelenburg inversa sonda de temperatura de la piel del paciente.<br \/>\n\u2022 Entrada auxiliar de temperatura.<br \/>\n\u2022 Sistema de humedad pasiva.<br \/>\n\u2022 Modo de piel y modo de control de aire.<br \/>\n\u2022 Monitoreo de la temperatura del aire.<br \/>\n\u2022 Monitorizaci\u00f3n de la temperatura del paciente.<br \/>\n\u2022 Sistema de alarma integral.<br \/>\n\u2022 Alarma de falla de calefacci\u00f3n.<br \/>\n\u2022 Falla de la sonda cut\u00e1nea.<br \/>\n\u2022 Falla de la sonda de aire.<br \/>\n\u2022 Fallo de circulaci\u00f3n de aire.<br \/>\n\u2022 Falla de suministro de energ\u00eda.<br \/>\n\u2022 Fallo de sistema.<br \/>\n\u2022 Microfiltro de aire.<br \/>\n\u2022 Ruedas con frenos.<br \/>\n\u2022 Monitor de estante.<br \/>\n\u2022 IV PoleStand montado con 2 cajones y 1 caj\u00f3n grande la l\u00e1mparade fototerapia opcional est\u00e1 disponible.<br \/>\n\u2022 Fuente de alimentaci\u00f3n: CA 100\/240 voltios 50\/60 Hz.<br \/>\n\u2022 Cumple con la Directiva CE 93 \/ 42EEC sobre dispositivos m\u00e9dicos (MDD) Cumple con el est\u00e1ndar de calidad ISO13485.<\/p>\n<p>&nbsp;<\/p>\n<p>&nbsp;<\/p>","protected":false},"featured_media":3219,"comment_status":"closed","ping_status":"closed","template":"","meta":[],"product_brand":[132],"product_cat":[100,101],"product_tag":[],"class_list":{"0":"post-3218","1":"product","2":"type-product","3":"status-publish","4":"has-post-thumbnail","6":"product_brand-advanced","7":"product_cat-equipos-medicos","8":"product_cat-neonatologia","10":"first","11":"instock","12":"shipping-taxable","13":"purchasable","14":"product-type-simple"},"_links":{"self":[{"href":"https:\/\/suquir.com.ve\/en\/wp-json\/wp\/v2\/product\/3218","targetHints":{"allow":["GET"]}}],"collection":[{"href":"https:\/\/suquir.com.ve\/en\/wp-json\/wp\/v2\/product"}],"about":[{"href":"https:\/\/suquir.com.ve\/en\/wp-json\/wp\/v2\/types\/product"}],"replies":[{"embeddable":true,"href":"https:\/\/suquir.com.ve\/en\/wp-json\/wp\/v2\/comments?post=3218"}],"wp:featuredmedia":[{"embeddable":true,"href":"https:\/\/suquir.com.ve\/en\/wp-json\/wp\/v2\/media\/3219"}],"wp:attachment":[{"href":"https:\/\/suquir.com.ve\/en\/wp-json\/wp\/v2\/media?parent=3218"}],"wp:term":[{"taxonomy":"product_brand","embeddable":true,"href":"https:\/\/suquir.com.ve\/en\/wp-json\/wp\/v2\/product_brand?post=3218"},{"taxonomy":"product_cat","embeddable":true,"href":"https:\/\/suquir.com.ve\/en\/wp-json\/wp\/v2\/product_cat?post=3218"},{"taxonomy":"product_tag","embeddable":true,"href":"https:\/\/suquir.com.ve\/en\/wp-json\/wp\/v2\/product_tag?post=3218"}],"curies":[{"name":"wp","href":"https:\/\/api.w.org\/{rel}","templated":true}]}}