{"id":3222,"date":"2018-08-22T13:37:04","date_gmt":"2018-08-22T13:37:04","guid":{"rendered":"https:\/\/suquir.com.ve\/?post_type=product&#038;p=3222"},"modified":"2025-05-14T16:30:41","modified_gmt":"2025-05-14T16:30:41","slug":"maquina-de-anestesia-am-6000","status":"publish","type":"product","link":"https:\/\/suquir.com.ve\/en\/product\/maquina-de-anestesia-am-6000\/","title":{"rendered":"M\u00e1quina de Anestesia AM-6000"},"content":{"rendered":"","protected":false},"excerpt":{"rendered":"<p><strong>Marca:<\/strong> Advanced<\/p>\n<p>&nbsp;<\/p>\n<p><strong>Modelo:<\/strong> AM-6000<\/p>\n<p>&nbsp;<\/p>\n<p>M\u00e1quina de anestesia de flujo continuo, la m\u00e1quina de anestesia Advanced\u00ae AM-6000 incorpora un amortiguador circular de di\u00f3xido de carbono con sistema de calefacci\u00f3n, un avanzado ventilador electr\u00f3nico con pantalla LCD en color y monitorizaci\u00f3n del paciente para ox\u00edgeno, presi\u00f3n de la v\u00eda a\u00e9rea, vol\u00famenes y espirometr\u00eda.<\/p>\n<p>&nbsp;<\/p>\n<h3>Caracter\u00edsticas<\/h3>\n<p>Amortiguador de c\u00edrculo de CO2 integrado con sistema de calefacci\u00f3n<\/p>\n<p>Cumple con los requisitos de anestesia de bajo flujo<\/p>\n<p>2-Vaporizadores con sistema de montaje<\/p>\n<p>Ventilador electr\u00f3nico incorporado para adultos \/ pedi\u00e1trico<\/p>\n<p>Los modos de ventilaci\u00f3n CMV, PCV, SIMV y PS son est\u00e1ndar<\/p>\n<p>PEEP electr\u00f3nica (presi\u00f3n espiratoria final positiva)<\/p>\n<p>Sistema DISS de tuber\u00eda con medidor para O2, N2O y aire<\/p>\n<p>Sistema de clindro E PISS con indicador para O2, N2O y aire<\/p>\n<p>Contraluz del fluj\u00f3metro<\/p>\n<p>Doble caudal\u00edmetro para O2, N2O y aire<\/p>\n<p>Sistema de alarma completo<\/p>\n<p>Flujo de ox\u00edgeno y AGSS<\/p>\n<p>Colector auxiliar de O2 \/ aire<\/p>\n<p>V\u00e1lvula limitadora de presi\u00f3n ajustable (APL)<\/p>\n<p>Sistema de seguridad de guardia hip\u00f3xica<\/p>\n<p>Bucles de espirometr\u00eda: presi\u00f3n vs. Volumen y flujo vs. Volumen<\/p>\n<p>Monitoreo de FiO2<\/p>\n<p>Monitorizaci\u00f3n de la presi\u00f3n<\/p>\n<p>Monitoreo de Volumen Tidal, Volumen Minuto y Tasa Respiratoria<\/p>\n<p>Cumplimiento del circuito autom\u00e1tico y compensaci\u00f3n de fugas<\/p>\n<p>Tres amplios cajones de ancho completo<\/p>\n<p>Bater\u00eda de respaldo incorporada<\/p>\n<p>Circuitos de pacientes opcionales<\/p>","protected":false},"featured_media":3223,"comment_status":"closed","ping_status":"closed","template":"","meta":[],"product_brand":[132],"product_cat":[103,100],"product_tag":[],"class_list":{"0":"post-3222","1":"product","2":"type-product","3":"status-publish","4":"has-post-thumbnail","6":"product_brand-advanced","7":"product_cat-anestesia-y-ventilacion","8":"product_cat-equipos-medicos","10":"first","11":"instock","12":"shipping-taxable","13":"purchasable","14":"product-type-simple"},"_links":{"self":[{"href":"https:\/\/suquir.com.ve\/en\/wp-json\/wp\/v2\/product\/3222","targetHints":{"allow":["GET"]}}],"collection":[{"href":"https:\/\/suquir.com.ve\/en\/wp-json\/wp\/v2\/product"}],"about":[{"href":"https:\/\/suquir.com.ve\/en\/wp-json\/wp\/v2\/types\/product"}],"replies":[{"embeddable":true,"href":"https:\/\/suquir.com.ve\/en\/wp-json\/wp\/v2\/comments?post=3222"}],"wp:featuredmedia":[{"embeddable":true,"href":"https:\/\/suquir.com.ve\/en\/wp-json\/wp\/v2\/media\/3223"}],"wp:attachment":[{"href":"https:\/\/suquir.com.ve\/en\/wp-json\/wp\/v2\/media?parent=3222"}],"wp:term":[{"taxonomy":"product_brand","embeddable":true,"href":"https:\/\/suquir.com.ve\/en\/wp-json\/wp\/v2\/product_brand?post=3222"},{"taxonomy":"product_cat","embeddable":true,"href":"https:\/\/suquir.com.ve\/en\/wp-json\/wp\/v2\/product_cat?post=3222"},{"taxonomy":"product_tag","embeddable":true,"href":"https:\/\/suquir.com.ve\/en\/wp-json\/wp\/v2\/product_tag?post=3222"}],"curies":[{"name":"wp","href":"https:\/\/api.w.org\/{rel}","templated":true}]}}