{"id":3224,"date":"2018-08-22T14:53:15","date_gmt":"2018-08-22T14:53:15","guid":{"rendered":"https:\/\/suquir.com.ve\/?post_type=product&#038;p=3224"},"modified":"2025-05-14T16:22:13","modified_gmt":"2025-05-14T16:22:13","slug":"electrocardiografo-ecg-12c","status":"publish","type":"product","link":"https:\/\/suquir.com.ve\/en\/product\/electrocardiografo-ecg-12c\/","title":{"rendered":"Electrocardiografo ECG 12C"},"content":{"rendered":"","protected":false},"excerpt":{"rendered":"<p><strong>Marca:<\/strong> Advanced<\/p>\n<p>&nbsp;<\/p>\n<p><strong>Modelo:<\/strong> ECG-12C<\/p>\n<p>&nbsp;<\/p>\n<p>Electrocardi\u00f3grafo de 12 Canales con impresora y pantalla.<\/p>\n<p>&nbsp;<\/p>\n<h3>Caracter\u00edsticas<\/h3>\n<p>\u2022 Pantalla a color de alta resoluci\u00f3n y teclado alfanum\u00e9rico.<br \/>\n\u2022 Memoria interna de alta capacidad.<br \/>\n\u2022 Modo de tres muestras: Pre-muestra, en tiempo real, vista previa de disparo. 3,6 y 12 canales.<br \/>\n\u2022 Operaci\u00f3n conveniente de la configuraci\u00f3n del sistema y la gesti\u00f3n de archivos<br \/>\n\u2022 Varios formatos de archivo: DAT, PDF y formatos opcionales (SCP \/ F-DA-XML\/ DIACOM).<br \/>\n\u2022 Funci\u00f3n de medici\u00f3n y funci\u00f3n de interpretaci\u00f3n.<br \/>\n\u2022 12-leads de adquisici\u00f3n, an\u00e1lisis e impresi\u00f3n simult\u00e1neos.<br \/>\n\u2022 Corrige el fallo de la<br \/>\ndetecci\u00f3n de electrodos.<br \/>\n\u2022 Formatos de impresi\u00f3n flexibles.<br \/>\n\u2022 Soporte de entrada de datos multi-idioma.<br \/>\n\u2022 Detecci\u00f3n de marcapasos.<br \/>\n\u2022 Registrador t\u00e9rmico integrado.<br \/>\n\u2022 Transmisi\u00f3n en tiempo real de ECG a PC.<br \/>\n\u2022 Puertos de comunicaci\u00f3n Ethernet y RS232.<br \/>\n\u2022 Bater\u00eda de respaldo recargable incorporada.<br \/>\n\u2022 Voltaje 100V ~ 240V &#8211; 50 \/ 60Hz.<br \/>\n\u2022 Cumple con la norma de calidad ISO 13485.<\/p>\n<p>&nbsp;<\/p>\n<p>&nbsp;<\/p>","protected":false},"featured_media":3225,"comment_status":"closed","ping_status":"closed","template":"","meta":[],"product_brand":[132],"product_cat":[102,100],"product_tag":[],"class_list":{"0":"post-3224","1":"product","2":"type-product","3":"status-publish","4":"has-post-thumbnail","6":"product_brand-advanced","7":"product_cat-cardiologia","8":"product_cat-equipos-medicos","10":"first","11":"instock","12":"shipping-taxable","13":"purchasable","14":"product-type-simple"},"_links":{"self":[{"href":"https:\/\/suquir.com.ve\/en\/wp-json\/wp\/v2\/product\/3224","targetHints":{"allow":["GET"]}}],"collection":[{"href":"https:\/\/suquir.com.ve\/en\/wp-json\/wp\/v2\/product"}],"about":[{"href":"https:\/\/suquir.com.ve\/en\/wp-json\/wp\/v2\/types\/product"}],"replies":[{"embeddable":true,"href":"https:\/\/suquir.com.ve\/en\/wp-json\/wp\/v2\/comments?post=3224"}],"wp:featuredmedia":[{"embeddable":true,"href":"https:\/\/suquir.com.ve\/en\/wp-json\/wp\/v2\/media\/3225"}],"wp:attachment":[{"href":"https:\/\/suquir.com.ve\/en\/wp-json\/wp\/v2\/media?parent=3224"}],"wp:term":[{"taxonomy":"product_brand","embeddable":true,"href":"https:\/\/suquir.com.ve\/en\/wp-json\/wp\/v2\/product_brand?post=3224"},{"taxonomy":"product_cat","embeddable":true,"href":"https:\/\/suquir.com.ve\/en\/wp-json\/wp\/v2\/product_cat?post=3224"},{"taxonomy":"product_tag","embeddable":true,"href":"https:\/\/suquir.com.ve\/en\/wp-json\/wp\/v2\/product_tag?post=3224"}],"curies":[{"name":"wp","href":"https:\/\/api.w.org\/{rel}","templated":true}]}}