{"id":3228,"date":"2018-08-22T19:21:49","date_gmt":"2018-08-22T19:21:49","guid":{"rendered":"https:\/\/suquir.com.ve\/?post_type=product&#038;p=3228"},"modified":"2018-09-05T15:06:08","modified_gmt":"2018-09-05T15:06:08","slug":"generador-electroquirurgico-esu-300","status":"publish","type":"product","link":"https:\/\/suquir.com.ve\/en\/product\/generador-electroquirurgico-esu-300\/","title":{"rendered":"Generador Electroquir\u00fargico ESU-300"},"content":{"rendered":"","protected":false},"excerpt":{"rendered":"<p><strong>Marca:<\/strong> Advanced<\/p>\n<p>&nbsp;<\/p>\n<p><strong>Modelo:<\/strong> ESU-300<\/p>\n<p>&nbsp;<\/p>\n<h3>Caracter\u00edsticas<\/h3>\n<p>Sistema de control de 3 zonas para una f\u00e1cil operaci\u00f3n.<\/p>\n<p>Pantalla LED individual para cada zona.<\/p>\n<p>Tecnolog\u00eda de control de salida de potencia avanzada y precisa.<\/p>\n<p>Funciones monopolar y bipolares.<\/p>\n<p>Siete modos de operaci\u00f3n.<\/p>\n<p>M\u00ednimo sistema de control de micro potencia de 1 vatio para garantizar un efecto \u00f3ptimo.<\/p>\n<p>M\u00faltiples funciones de alarma.<\/p>\n<p>Luz de advertencia de salida y sonido.<\/p>\n<p>Control del volumen.<\/p>\n<p>Terminaci\u00f3n autom\u00e1tica para salida continua.<\/p>\n<p>La adherencia m\u00ednima y la carbonizaci\u00f3n reducen el da\u00f1o de la cirug\u00eda.<\/p>\n<p>Control de salida de potencia dual, interruptor de mano y pie.<\/p>\n<p>Protecci\u00f3n contra el efecto de descarga del desfibrilador.<\/p>\n<p>Modo de trabajo: carga intermitente y funcionamiento continuo.<\/p>\n<p>Fuente de alimentaci\u00f3n: CA 110\/220 voltios 50\/60 Hz.<\/p>","protected":false},"featured_media":3229,"comment_status":"closed","ping_status":"closed","template":"","meta":[],"product_brand":[],"product_cat":[100,105],"product_tag":[],"class_list":{"0":"post-3228","1":"product","2":"type-product","3":"status-publish","4":"has-post-thumbnail","6":"product_cat-equipos-medicos","7":"product_cat-quirofano","9":"first","10":"instock","11":"shipping-taxable","12":"purchasable","13":"product-type-simple"},"_links":{"self":[{"href":"https:\/\/suquir.com.ve\/en\/wp-json\/wp\/v2\/product\/3228","targetHints":{"allow":["GET"]}}],"collection":[{"href":"https:\/\/suquir.com.ve\/en\/wp-json\/wp\/v2\/product"}],"about":[{"href":"https:\/\/suquir.com.ve\/en\/wp-json\/wp\/v2\/types\/product"}],"replies":[{"embeddable":true,"href":"https:\/\/suquir.com.ve\/en\/wp-json\/wp\/v2\/comments?post=3228"}],"wp:featuredmedia":[{"embeddable":true,"href":"https:\/\/suquir.com.ve\/en\/wp-json\/wp\/v2\/media\/3229"}],"wp:attachment":[{"href":"https:\/\/suquir.com.ve\/en\/wp-json\/wp\/v2\/media?parent=3228"}],"wp:term":[{"taxonomy":"product_brand","embeddable":true,"href":"https:\/\/suquir.com.ve\/en\/wp-json\/wp\/v2\/product_brand?post=3228"},{"taxonomy":"product_cat","embeddable":true,"href":"https:\/\/suquir.com.ve\/en\/wp-json\/wp\/v2\/product_cat?post=3228"},{"taxonomy":"product_tag","embeddable":true,"href":"https:\/\/suquir.com.ve\/en\/wp-json\/wp\/v2\/product_tag?post=3228"}],"curies":[{"name":"wp","href":"https:\/\/api.w.org\/{rel}","templated":true}]}}