{"id":3230,"date":"2018-08-22T19:23:17","date_gmt":"2018-08-22T19:23:17","guid":{"rendered":"https:\/\/suquir.com.ve\/?post_type=product&#038;p=3230"},"modified":"2018-09-05T15:08:06","modified_gmt":"2018-09-05T15:08:06","slug":"generador-electroquirurgico-esu-400","status":"publish","type":"product","link":"https:\/\/suquir.com.ve\/en\/product\/generador-electroquirurgico-esu-400\/","title":{"rendered":"Generador Electroquir\u00fargico ESU-400"},"content":{"rendered":"","protected":false},"excerpt":{"rendered":"<p><strong>Marca:<\/strong> Advanced<\/p>\n<p>&nbsp;<\/p>\n<p><strong>Modelo:<\/strong> ESU-400<\/p>\n<p>&nbsp;<\/p>\n<p>Generador electroquir\u00fargico multiusos de 400 vatios para uso en procedimientos quir\u00fargicos, presenta funciones monopolares y bipolares para satisfacer la mayor\u00eda de las demandas quir\u00fargicas.<\/p>\n<p>&nbsp;<\/p>\n<h3>Caracter\u00edsticas<\/h3>\n<p>Sistema de control de 3 zonas para una f\u00e1cil operaci\u00f3n.<\/p>\n<p>Pantalla LED individual para cada zona.<\/p>\n<p>Tecnolog\u00eda de control de salida de potencia avanzada y precisa.<\/p>\n<p>Funciones monopolares y bipolares.<\/p>\n<p>Siete modos de operaci\u00f3n.<\/p>\n<p>M\u00ednimo sistema de control de micro potencia de 1 vatio para garantizar un efecto \u00f3ptimo.<\/p>\n<p>M\u00faltiples funciones de alarma.<\/p>\n<p>Luz de advertencia de salida y sonido.<\/p>\n<p>Control del volumen.<\/p>\n<p>Terminaci\u00f3n autom\u00e1tica para salida continua.<\/p>\n<p>La adherencia m\u00ednima y la carbonizaci\u00f3n reducen el da\u00f1o de la cirug\u00eda.<\/p>\n<p>Control de salida de potencia dual, interruptor de mano y pie.<\/p>\n<p>Soluci\u00f3n de problemas r\u00e1pida por error sistema de alarma.<\/p>\n<p>Protecci\u00f3n contra el efecto de descarga del desfibrilador.<\/p>\n<p>Modo de trabajo: carga intermitente y funcionamiento continuo.<\/p>\n<p>Voltaje 110 \/ 220V, 50\/60 Hz.<\/p>","protected":false},"featured_media":3231,"comment_status":"closed","ping_status":"closed","template":"","meta":[],"product_brand":[],"product_cat":[100,105],"product_tag":[],"class_list":{"0":"post-3230","1":"product","2":"type-product","3":"status-publish","4":"has-post-thumbnail","6":"product_cat-equipos-medicos","7":"product_cat-quirofano","9":"first","10":"instock","11":"shipping-taxable","12":"purchasable","13":"product-type-simple"},"_links":{"self":[{"href":"https:\/\/suquir.com.ve\/en\/wp-json\/wp\/v2\/product\/3230","targetHints":{"allow":["GET"]}}],"collection":[{"href":"https:\/\/suquir.com.ve\/en\/wp-json\/wp\/v2\/product"}],"about":[{"href":"https:\/\/suquir.com.ve\/en\/wp-json\/wp\/v2\/types\/product"}],"replies":[{"embeddable":true,"href":"https:\/\/suquir.com.ve\/en\/wp-json\/wp\/v2\/comments?post=3230"}],"wp:featuredmedia":[{"embeddable":true,"href":"https:\/\/suquir.com.ve\/en\/wp-json\/wp\/v2\/media\/3231"}],"wp:attachment":[{"href":"https:\/\/suquir.com.ve\/en\/wp-json\/wp\/v2\/media?parent=3230"}],"wp:term":[{"taxonomy":"product_brand","embeddable":true,"href":"https:\/\/suquir.com.ve\/en\/wp-json\/wp\/v2\/product_brand?post=3230"},{"taxonomy":"product_cat","embeddable":true,"href":"https:\/\/suquir.com.ve\/en\/wp-json\/wp\/v2\/product_cat?post=3230"},{"taxonomy":"product_tag","embeddable":true,"href":"https:\/\/suquir.com.ve\/en\/wp-json\/wp\/v2\/product_tag?post=3230"}],"curies":[{"name":"wp","href":"https:\/\/api.w.org\/{rel}","templated":true}]}}