{"id":3234,"date":"2018-08-22T19:42:43","date_gmt":"2018-08-22T19:42:43","guid":{"rendered":"https:\/\/suquir.com.ve\/?post_type=product&#038;p=3234"},"modified":"2025-07-19T02:02:13","modified_gmt":"2025-07-19T02:02:13","slug":"mesa-de-operaciones-ot-500","status":"publish","type":"product","link":"https:\/\/suquir.com.ve\/en\/product\/mesa-de-operaciones-ot-500\/","title":{"rendered":"Mesa de operaciones  OT-500"},"content":{"rendered":"","protected":false},"excerpt":{"rendered":"<p><strong>Marca:<\/strong> Advanced<\/p>\n<p>&nbsp;<\/p>\n<p><strong>Modelo:<\/strong> OT-500<\/p>\n<p>&nbsp;<\/p>\n<p>Mesa de operaciones el\u00e9ctrica dise\u00f1ada para ayudar al personal m\u00e9dico durante los procedimientos quir\u00fargicos, adecuada para todo tipo de procedimientos quir\u00fargicos, incluidos: cirug\u00eda general, urolog\u00eda, ginecolog\u00eda, neurocirug\u00eda, ortopedia \/ traumatolog\u00eda, cirug\u00eda de t\u00f3rax y ri\u00f1\u00f3n.<\/p>\n<p>&nbsp;<\/p>\n<h3>Caracter\u00edsticas<\/h3>\n<p>\u2022 Panel de control de columna y control remoto para una f\u00e1cil operaci\u00f3n.<br \/>\n\u2022 Construcci\u00f3n en acero inoxidable.<br \/>\n\u2022 Rieles accesorios, ambos lados.<br \/>\n\u2022 Interruptor de encendido \/ apagado.<br \/>\n\u2022 Luz indicadora de estado de encendido \/ apagado.<br \/>\n\u2022 Altura ajustable.<br \/>\n\u2022 Ajuste de Trendelenburg y Trendelenburg inverso.<br \/>\n\u2022 Ajuste de inclinaci\u00f3n lateral, derecha e izquierda.<br \/>\n\u2022 Freno central el\u00e9ctrico.<br \/>\n\u2022 Secci\u00f3n posterior arriba y abajo.<br \/>\n\u2022 Mesa de deslizamiento longitudinal.<br \/>\n\u2022 Secci\u00f3n de cabeza hacia arriba y hacia abajo, con resorte de gas.<br \/>\n\u2022 Secci\u00f3n de pierna hacia arriba y hacia abajo, con resorte de gas.<br \/>\n\u2022 Placas de patas de apertura horizontal.<br \/>\n\u2022 Un juego de cojines de mesa, se puede quitar para facilitar la limpieza y<br \/>\ndesinfecci\u00f3n.<br \/>\n\u2022 Extensi\u00f3n ortop\u00e9dica (opcional).<br \/>\n\u2022 Marco de neurocirug\u00eda (opcional).<br \/>\n\u2022 Fuente de alimentaci\u00f3n:<br \/>\nCA 100\/240 voltios \u2013 50\/60 Hz.<br \/>\n\u2022 Cumple con la norma de calidad ISO 13485.<\/p>\n<p>&nbsp;<\/p>\n<p>&nbsp;<\/p>","protected":false},"featured_media":3235,"comment_status":"closed","ping_status":"closed","template":"","meta":[],"product_brand":[132],"product_cat":[105],"product_tag":[],"class_list":{"0":"post-3234","1":"product","2":"type-product","3":"status-publish","4":"has-post-thumbnail","6":"product_brand-advanced","7":"product_cat-quirofano","9":"first","10":"instock","11":"shipping-taxable","12":"purchasable","13":"product-type-simple"},"_links":{"self":[{"href":"https:\/\/suquir.com.ve\/en\/wp-json\/wp\/v2\/product\/3234","targetHints":{"allow":["GET"]}}],"collection":[{"href":"https:\/\/suquir.com.ve\/en\/wp-json\/wp\/v2\/product"}],"about":[{"href":"https:\/\/suquir.com.ve\/en\/wp-json\/wp\/v2\/types\/product"}],"replies":[{"embeddable":true,"href":"https:\/\/suquir.com.ve\/en\/wp-json\/wp\/v2\/comments?post=3234"}],"wp:featuredmedia":[{"embeddable":true,"href":"https:\/\/suquir.com.ve\/en\/wp-json\/wp\/v2\/media\/3235"}],"wp:attachment":[{"href":"https:\/\/suquir.com.ve\/en\/wp-json\/wp\/v2\/media?parent=3234"}],"wp:term":[{"taxonomy":"product_brand","embeddable":true,"href":"https:\/\/suquir.com.ve\/en\/wp-json\/wp\/v2\/product_brand?post=3234"},{"taxonomy":"product_cat","embeddable":true,"href":"https:\/\/suquir.com.ve\/en\/wp-json\/wp\/v2\/product_cat?post=3234"},{"taxonomy":"product_tag","embeddable":true,"href":"https:\/\/suquir.com.ve\/en\/wp-json\/wp\/v2\/product_tag?post=3234"}],"curies":[{"name":"wp","href":"https:\/\/api.w.org\/{rel}","templated":true}]}}