{"id":3238,"date":"2018-08-22T20:14:49","date_gmt":"2018-08-22T20:14:49","guid":{"rendered":"https:\/\/suquir.com.ve\/?post_type=product&#038;p=3238"},"modified":"2018-09-05T16:36:21","modified_gmt":"2018-09-05T16:36:21","slug":"monitor-de-pacientes-pm-2000xl","status":"publish","type":"product","link":"https:\/\/suquir.com.ve\/en\/product\/monitor-de-pacientes-pm-2000xl\/","title":{"rendered":"Monitor de Pacientes PM-2000XL PLUS"},"content":{"rendered":"","protected":false},"excerpt":{"rendered":"<p><strong>Marca:<\/strong> Advanced<\/p>\n<p>&nbsp;<\/p>\n<p><strong>Modelo:<\/strong> PM-2000XL PLUS<\/p>\n<p>&nbsp;<\/p>\n<h3>Caracter\u00edsticas<\/h3>\n<p>Pantalla LCD TFT a color de alta resoluci\u00f3n<\/p>\n<p>Pantalla t\u00e1ctil completa, operaci\u00f3n intuitiva haciendo clic en el par\u00e1metro o forma de onda<\/p>\n<p>Detecci\u00f3n de marcapasos<\/p>\n<p>Desfibrilaci\u00f3n \/ protecci\u00f3n electroquir\u00fargica y sincronizaci\u00f3n<\/p>\n<p>Informaci\u00f3n extendida de tendencia de divulgaci\u00f3n completa<\/p>\n<p>Funci\u00f3n de congelaci\u00f3n \/ descongelaci\u00f3n de pantalla<\/p>\n<p>Sistema de alarma completo. Perilla giratoria multifuncional<\/p>\n<p>Par\u00e1metros configurables, opciones y funciones<\/p>\n<p>ECG (3\/5 derivaciones) con forma de onda y frecuencia card\u00edaca (HR)<\/p>\n<p>An\u00e1lisis de arritmias y an\u00e1lisis del segmento ST<\/p>\n<p>Tasa de respiraci\u00f3n (RR) con forma de onda<\/p>\n<p>SpO2 y frecuencia de pulso (PR) y forma de onda pletismogr\u00e1fica<\/p>\n<p>Modulaci\u00f3n del tono de pulso de SpO2<\/p>\n<p>PNI: SOS, DIA, MAP y frecuencia de pulso<\/p>\n<p>Diferencia de temperatura entre dos canales (TD)<\/p>\n<p>Dos canales IBP con forma de onda<\/p>\n<p>Fracci\u00f3n de di\u00f3xido de carbono inspirado (FiCO2)<\/p>\n<p>Frecuencia de respiraci\u00f3n de la v\u00eda de aire (AwRR)<\/p>\n<p>Medici\u00f3n del agente anest\u00e9sico con identificaci\u00f3n<\/p>\n<p>Medici\u00f3n de \u00f3xido nitroso (N2O)<\/p>\n<p>Fracci\u00f3n de ox\u00edgeno inspirado (FiO2) Paramagn\u00e9tico<\/p>\n<p>Medida del gasto card\u00edaco (CO)<\/p>\n<p>Comunicaci\u00f3n bidireccional con la estaci\u00f3n central<\/p>\n<p>Comunicaci\u00f3n HL7 a trav\u00e9s de archivos XML<\/p>\n<p>Soporte de esc\u00e1ner de c\u00f3digo de barras<\/p>\n<p>Ranura para tarjeta SD habilita la extensi\u00f3n de memoria<\/p>\n<p>Salidas USB, VGA y Anal\u00f3gicas y puerto Ethernet RJ-45<\/p>\n<p>Construido en bater\u00eda recargable<\/p>","protected":false},"featured_media":3239,"comment_status":"closed","ping_status":"closed","template":"","meta":[],"product_brand":[],"product_cat":[100,106],"product_tag":[],"class_list":{"0":"post-3238","1":"product","2":"type-product","3":"status-publish","4":"has-post-thumbnail","6":"product_cat-equipos-medicos","7":"product_cat-monitoreo-de-pacientes","9":"first","10":"instock","11":"shipping-taxable","12":"purchasable","13":"product-type-simple"},"_links":{"self":[{"href":"https:\/\/suquir.com.ve\/en\/wp-json\/wp\/v2\/product\/3238","targetHints":{"allow":["GET"]}}],"collection":[{"href":"https:\/\/suquir.com.ve\/en\/wp-json\/wp\/v2\/product"}],"about":[{"href":"https:\/\/suquir.com.ve\/en\/wp-json\/wp\/v2\/types\/product"}],"replies":[{"embeddable":true,"href":"https:\/\/suquir.com.ve\/en\/wp-json\/wp\/v2\/comments?post=3238"}],"wp:featuredmedia":[{"embeddable":true,"href":"https:\/\/suquir.com.ve\/en\/wp-json\/wp\/v2\/media\/3239"}],"wp:attachment":[{"href":"https:\/\/suquir.com.ve\/en\/wp-json\/wp\/v2\/media?parent=3238"}],"wp:term":[{"taxonomy":"product_brand","embeddable":true,"href":"https:\/\/suquir.com.ve\/en\/wp-json\/wp\/v2\/product_brand?post=3238"},{"taxonomy":"product_cat","embeddable":true,"href":"https:\/\/suquir.com.ve\/en\/wp-json\/wp\/v2\/product_cat?post=3238"},{"taxonomy":"product_tag","embeddable":true,"href":"https:\/\/suquir.com.ve\/en\/wp-json\/wp\/v2\/product_tag?post=3238"}],"curies":[{"name":"wp","href":"https:\/\/api.w.org\/{rel}","templated":true}]}}