{"id":3243,"date":"2018-08-22T21:10:53","date_gmt":"2018-08-22T21:10:53","guid":{"rendered":"https:\/\/suquir.com.ve\/?post_type=product&#038;p=3243"},"modified":"2025-05-14T15:59:13","modified_gmt":"2025-05-14T15:59:13","slug":"lampara-de-fototerapia-esu-300","status":"publish","type":"product","link":"https:\/\/suquir.com.ve\/en\/product\/lampara-de-fototerapia-esu-300\/","title":{"rendered":"L\u00e1mpara de Fototerapia PT2000"},"content":{"rendered":"","protected":false},"excerpt":{"rendered":"<p><strong>Marca:<\/strong> Advanced<\/p>\n<p>&nbsp;<\/p>\n<p><strong>Modelo:<\/strong> PT2000<\/p>\n<p>&nbsp;<\/p>\n<p>L\u00e1mpara de fototerapia utilizada en el tratamiento de la hiperbilirrubinemia para disminuir los niveles de bilirrubina en beb\u00e9s con ictericia grave, usa tecnolog\u00eda LED para exponer al paciente a la radiaci\u00f3n.<\/p>\n<p>&nbsp;<\/p>\n<h3>Caracter\u00edsticas<\/h3>\n<p>\u2022 Tecnolog\u00eda avanzada de irradiaci\u00f3n de espectro azul.<br \/>\n\u2022 Super LED, con un alto grado de radiaci\u00f3n de espectro azul.<br \/>\n\u2022 Ajuste de intensidad luminosa.<br \/>\n\u2022 Intensidad de radiaci\u00f3n seg\u00fan las necesidades b\u00e1sicas.<br \/>\n\u2022 Atenuador de rayos infrarrojos y ultravioleta.<br \/>\n\u2022 Gran radiaci\u00f3n en el \u00e1rea de trabajo.<br \/>\n\u2022 Bajo consumo de energ\u00eda.<br \/>\n\u2022 Temporizador incorporado para el tiempo de tratamiento y el calendario.<br \/>\n\u2022 Contador de tiempo de l\u00e1mpara.<br \/>\n\u2022 Memoria de radiaci\u00f3n.<br \/>\n\u2022 Salida RS232 para computadora o impresora.<br \/>\n\u2022 Mediciones manuales o autom\u00e1ticas para imprimir en el informe.<br \/>\n\u2022 Radi\u00f3metro con sonda \u00f3ptica opcional.<\/p>\n<p>&nbsp;<\/p>\n<p>Presentaciones:<\/p>\n<p>* Con ventosas para usar sobre la incubadora<\/p>\n<p>* Con el brazo para ser utilizado con la incubadora infantil<\/p>\n<p>* Con base m\u00f3vil para usar con cunas, incubadoras, etc.<\/p>","protected":false},"featured_media":3244,"comment_status":"closed","ping_status":"closed","template":"","meta":[],"product_brand":[132],"product_cat":[100,101],"product_tag":[],"class_list":{"0":"post-3243","1":"product","2":"type-product","3":"status-publish","4":"has-post-thumbnail","6":"product_brand-advanced","7":"product_cat-equipos-medicos","8":"product_cat-neonatologia","10":"first","11":"instock","12":"shipping-taxable","13":"purchasable","14":"product-type-simple"},"_links":{"self":[{"href":"https:\/\/suquir.com.ve\/en\/wp-json\/wp\/v2\/product\/3243","targetHints":{"allow":["GET"]}}],"collection":[{"href":"https:\/\/suquir.com.ve\/en\/wp-json\/wp\/v2\/product"}],"about":[{"href":"https:\/\/suquir.com.ve\/en\/wp-json\/wp\/v2\/types\/product"}],"replies":[{"embeddable":true,"href":"https:\/\/suquir.com.ve\/en\/wp-json\/wp\/v2\/comments?post=3243"}],"wp:featuredmedia":[{"embeddable":true,"href":"https:\/\/suquir.com.ve\/en\/wp-json\/wp\/v2\/media\/3244"}],"wp:attachment":[{"href":"https:\/\/suquir.com.ve\/en\/wp-json\/wp\/v2\/media?parent=3243"}],"wp:term":[{"taxonomy":"product_brand","embeddable":true,"href":"https:\/\/suquir.com.ve\/en\/wp-json\/wp\/v2\/product_brand?post=3243"},{"taxonomy":"product_cat","embeddable":true,"href":"https:\/\/suquir.com.ve\/en\/wp-json\/wp\/v2\/product_cat?post=3243"},{"taxonomy":"product_tag","embeddable":true,"href":"https:\/\/suquir.com.ve\/en\/wp-json\/wp\/v2\/product_tag?post=3243"}],"curies":[{"name":"wp","href":"https:\/\/api.w.org\/{rel}","templated":true}]}}