{"id":3246,"date":"2018-08-22T21:50:13","date_gmt":"2018-08-22T21:50:13","guid":{"rendered":"https:\/\/suquir.com.ve\/?post_type=product&#038;p=3246"},"modified":"2025-05-15T21:12:00","modified_gmt":"2025-05-15T21:12:00","slug":"ventilador-elisa-600","status":"publish","type":"product","link":"https:\/\/suquir.com.ve\/en\/product\/ventilador-elisa-600\/","title":{"rendered":"Ventilador Elisa 600"},"content":{"rendered":"","protected":false},"excerpt":{"rendered":"<p><strong>Marca:<\/strong> Heinen + L\u00f6wenstein Medical<\/p>\n<p>&nbsp;<\/p>\n<p><strong>Modelo:<\/strong> Elisa 600<\/p>\n<p>El ventilador universal elisa 600 est\u00e1 dise\u00f1ado para terapias de ventilaci\u00f3n invasivas y no<br \/>\ninvasivas en todas las condiciones cl\u00ednicas y en todas las disciplinas m\u00e9dicas.<br \/>\nLa interfaz de usuario inteligente se puede personalizar para satisfacer los requisitos<br \/>\nm\u00e9dicos y los est\u00e1ndares hospitalarios.<\/p>\n<p>&nbsp;<\/p>\n<p>&nbsp;<\/p>\n<p><strong>Caracter\u00edsticas<\/strong><\/p>\n<p>\u2022 Monitor de pantalla t\u00e1ctil de 18,5 pulgadas y puerto para proyector.<br \/>\n\u2022 Ventilador de cuidados intensivos para todos los grupos de pacientes (adultos, ni\u00f1os, beb\u00e9s prematuros).<br \/>\n\u2022 Amplia gama de modos de ventilaci\u00f3n.<br \/>\n\u2022 Nebulizador de medicamentos neum\u00e1tico integrado.<br \/>\n\u2022 Nebulizador de malla integrado.<br \/>\n\u2022 Terapia de alto flujo modo VNI.<br \/>\n\u2022 PEEP finder y reclutamiento pulmonar.<br \/>\n\u2022 Monitor de presi\u00f3n del manguito integrado \u2013 Cuffscout\u00a9.<br \/>\n\u2022 Medici\u00f3n de la presi\u00f3n transpulmonar.<br \/>\n\u2022 Funci\u00f3n de gesti\u00f3n de la higiene.<br \/>\n\u2022 Modo de reanimaci\u00f3n.<br \/>\n\u2022 Herramientas e \u00edndices de destete.<br \/>\n\u2022 Medici\u00f3n de CO2 principal o secundaria.<br \/>\n\u2022 2 horas de funcionamiento con bater\u00eda, ampliable opcionalmente hasta cuatro horas.<\/p>\n<p>&nbsp;<\/p>\n<p>&nbsp;<\/p>","protected":false},"featured_media":3247,"comment_status":"closed","ping_status":"closed","template":"","meta":[],"product_brand":[135],"product_cat":[103,100],"product_tag":[],"class_list":{"0":"post-3246","1":"product","2":"type-product","3":"status-publish","4":"has-post-thumbnail","6":"product_brand-heien-lowenstein-medical","7":"product_cat-anestesia-y-ventilacion","8":"product_cat-equipos-medicos","10":"first","11":"instock","12":"shipping-taxable","13":"purchasable","14":"product-type-simple"},"_links":{"self":[{"href":"https:\/\/suquir.com.ve\/en\/wp-json\/wp\/v2\/product\/3246","targetHints":{"allow":["GET"]}}],"collection":[{"href":"https:\/\/suquir.com.ve\/en\/wp-json\/wp\/v2\/product"}],"about":[{"href":"https:\/\/suquir.com.ve\/en\/wp-json\/wp\/v2\/types\/product"}],"replies":[{"embeddable":true,"href":"https:\/\/suquir.com.ve\/en\/wp-json\/wp\/v2\/comments?post=3246"}],"wp:featuredmedia":[{"embeddable":true,"href":"https:\/\/suquir.com.ve\/en\/wp-json\/wp\/v2\/media\/3247"}],"wp:attachment":[{"href":"https:\/\/suquir.com.ve\/en\/wp-json\/wp\/v2\/media?parent=3246"}],"wp:term":[{"taxonomy":"product_brand","embeddable":true,"href":"https:\/\/suquir.com.ve\/en\/wp-json\/wp\/v2\/product_brand?post=3246"},{"taxonomy":"product_cat","embeddable":true,"href":"https:\/\/suquir.com.ve\/en\/wp-json\/wp\/v2\/product_cat?post=3246"},{"taxonomy":"product_tag","embeddable":true,"href":"https:\/\/suquir.com.ve\/en\/wp-json\/wp\/v2\/product_tag?post=3246"}],"curies":[{"name":"wp","href":"https:\/\/api.w.org\/{rel}","templated":true}]}}