{"id":3249,"date":"2018-08-22T21:59:03","date_gmt":"2018-08-22T21:59:03","guid":{"rendered":"https:\/\/suquir.com.ve\/?post_type=product&#038;p=3249"},"modified":"2018-08-22T21:59:03","modified_gmt":"2018-08-22T21:59:03","slug":"ventilador-de-cuidados-intensivos-leoni-plus","status":"publish","type":"product","link":"https:\/\/suquir.com.ve\/en\/product\/ventilador-de-cuidados-intensivos-leoni-plus\/","title":{"rendered":"Ventilador de cuidados intensivos Leoni Plus"},"content":{"rendered":"","protected":false},"excerpt":{"rendered":"<p><strong>Marca:<\/strong> Heinen + L\u00f6wenstein Medical<\/p>\n<p>&nbsp;<\/p>\n<p><strong>Modelo:<\/strong> Leoni Plus<\/p>\n<p>&nbsp;<\/p>\n<p>La opci\u00f3n adecuada para la ventilaci\u00f3n de larga duraci\u00f3n de prematuros, reci\u00e9n nacidos y ni\u00f1os muy peque\u00f1os de hasta 30 kg de peso. Aparte de los modos de ventilaci\u00f3n b\u00e1sicos CPAP, IPPV\/IMV, S-IPPV y SIMV, el aparato presenta tambi\u00e9n dos modos PSV.<\/p>\n<p><strong>\u00a0<\/strong><\/p>\n<h3><strong>Caracter\u00edsticas<\/strong><\/h3>\n<p>Los modos de ventilaci\u00f3n asistida disponen de una garant\u00eda de volumen tidal (ventilaci\u00f3n controlada por volumen).<\/p>\n<p>El preciso sensor de flujo de filamento caliente, situado cerca del paciente, permite reajustar autom\u00e1ticamente la sensibilidad de disparo con relaci\u00f3n al volumen tidal del paciente (adaptaci\u00f3n del disparo al VT).<\/p>\n<p>HFO, el potente m\u00f3dulo de oscilaci\u00f3n de alta frecuencia integrado de Leoni, es de tipo diafragma.<\/p>\n<p>Es posible consultar de un vistazo todos los ajustes, valores de medici\u00f3n, l\u00edmites de alarma e informaci\u00f3n gr\u00e1fica (como ondas y curvas) relevantes.<\/p>\n<p>Dispone de una bater\u00eda integrada, que permite un funcionamiento sin alimentaci\u00f3n externa de hasta 60 minutos en los modos de ventilaci\u00f3n convencionales y de hasta 30 minutos en la ventilaci\u00f3n HFOV.<\/p>\n<p>PSV<\/p>\n<p>Adaptaci\u00f3n del disparo al VT<\/p>\n<p>Bandas de frecuencia desde 5 hasta 20 Hz<\/p>\n<p>Ondas y curvas<\/p>\n<p>Pantalla gr\u00e1fica t\u00e1ctil TFT multicolor, 12\u2033<\/p>","protected":false},"featured_media":3248,"comment_status":"closed","ping_status":"closed","template":"","meta":[],"product_brand":[],"product_cat":[103,100],"product_tag":[],"class_list":{"0":"post-3249","1":"product","2":"type-product","3":"status-publish","4":"has-post-thumbnail","6":"product_cat-anestesia-y-ventilacion","7":"product_cat-equipos-medicos","9":"first","10":"instock","11":"shipping-taxable","12":"purchasable","13":"product-type-simple"},"_links":{"self":[{"href":"https:\/\/suquir.com.ve\/en\/wp-json\/wp\/v2\/product\/3249","targetHints":{"allow":["GET"]}}],"collection":[{"href":"https:\/\/suquir.com.ve\/en\/wp-json\/wp\/v2\/product"}],"about":[{"href":"https:\/\/suquir.com.ve\/en\/wp-json\/wp\/v2\/types\/product"}],"replies":[{"embeddable":true,"href":"https:\/\/suquir.com.ve\/en\/wp-json\/wp\/v2\/comments?post=3249"}],"wp:featuredmedia":[{"embeddable":true,"href":"https:\/\/suquir.com.ve\/en\/wp-json\/wp\/v2\/media\/3248"}],"wp:attachment":[{"href":"https:\/\/suquir.com.ve\/en\/wp-json\/wp\/v2\/media?parent=3249"}],"wp:term":[{"taxonomy":"product_brand","embeddable":true,"href":"https:\/\/suquir.com.ve\/en\/wp-json\/wp\/v2\/product_brand?post=3249"},{"taxonomy":"product_cat","embeddable":true,"href":"https:\/\/suquir.com.ve\/en\/wp-json\/wp\/v2\/product_cat?post=3249"},{"taxonomy":"product_tag","embeddable":true,"href":"https:\/\/suquir.com.ve\/en\/wp-json\/wp\/v2\/product_tag?post=3249"}],"curies":[{"name":"wp","href":"https:\/\/api.w.org\/{rel}","templated":true}]}}