{"id":3252,"date":"2018-08-23T05:36:15","date_gmt":"2018-08-23T05:36:15","guid":{"rendered":"https:\/\/suquir.com.ve\/?post_type=product&#038;p=3252"},"modified":"2018-10-09T19:02:22","modified_gmt":"2018-10-09T19:02:22","slug":"generador-electroquirurgico-p-100b","status":"publish","type":"product","link":"https:\/\/suquir.com.ve\/en\/product\/generador-electroquirurgico-p-100b\/","title":{"rendered":"Generador Electroquir\u00fargico P-100B"},"content":{"rendered":"","protected":false},"excerpt":{"rendered":"<p><strong>Marca:<\/strong> Perlong<\/p>\n<p>&nbsp;<\/p>\n<p><strong>Modelo:<\/strong> P-100B<\/p>\n<p>&nbsp;<\/p>\n<p>Generador electroquir\u00fargico de alta frecuencia\u00a0 para uso en procedimientos quir\u00fargicos, presenta funciones monopolares y bipolares para satisfacer la mayor\u00eda de las demandas quir\u00fargicas.<\/p>\n<p>&nbsp;<\/p>\n<p><strong>Especificaciones<\/strong><\/p>\n<p>&nbsp;<\/p>\n<p>Volumen Tidal: 50~2000 ml<\/p>\n<p>La frecuencia respiratoria: 1~100 bpm<\/p>\n<p>Nivel de activaci\u00f3n: -20~0 hpa<\/p>\n<p>Presi\u00f3n m\u00e1xima: 0~60 hPa<\/p>\n<p>PEEP: 0~20 hPa<\/p>\n<p>Suspiro: 1~10 veces por cada 100 alientos<\/p>\n<p>Pantalla LCD de gran volumen de datos.<\/p>\n<p>Modos: A\/C-SIMV-Suspiro-CPAP-PEEP<\/p>\n<p>FiO2: 40-100%<\/p>\n<p>&nbsp;<\/p>\n<p>&nbsp;<\/p>","protected":false},"featured_media":3253,"comment_status":"closed","ping_status":"closed","template":"","meta":[],"product_brand":[],"product_cat":[100,105],"product_tag":[],"class_list":{"0":"post-3252","1":"product","2":"type-product","3":"status-publish","4":"has-post-thumbnail","6":"product_cat-equipos-medicos","7":"product_cat-quirofano","9":"first","10":"instock","11":"shipping-taxable","12":"purchasable","13":"product-type-simple"},"_links":{"self":[{"href":"https:\/\/suquir.com.ve\/en\/wp-json\/wp\/v2\/product\/3252","targetHints":{"allow":["GET"]}}],"collection":[{"href":"https:\/\/suquir.com.ve\/en\/wp-json\/wp\/v2\/product"}],"about":[{"href":"https:\/\/suquir.com.ve\/en\/wp-json\/wp\/v2\/types\/product"}],"replies":[{"embeddable":true,"href":"https:\/\/suquir.com.ve\/en\/wp-json\/wp\/v2\/comments?post=3252"}],"wp:featuredmedia":[{"embeddable":true,"href":"https:\/\/suquir.com.ve\/en\/wp-json\/wp\/v2\/media\/3253"}],"wp:attachment":[{"href":"https:\/\/suquir.com.ve\/en\/wp-json\/wp\/v2\/media?parent=3252"}],"wp:term":[{"taxonomy":"product_brand","embeddable":true,"href":"https:\/\/suquir.com.ve\/en\/wp-json\/wp\/v2\/product_brand?post=3252"},{"taxonomy":"product_cat","embeddable":true,"href":"https:\/\/suquir.com.ve\/en\/wp-json\/wp\/v2\/product_cat?post=3252"},{"taxonomy":"product_tag","embeddable":true,"href":"https:\/\/suquir.com.ve\/en\/wp-json\/wp\/v2\/product_tag?post=3252"}],"curies":[{"name":"wp","href":"https:\/\/api.w.org\/{rel}","templated":true}]}}