{"id":3254,"date":"2018-08-23T05:51:26","date_gmt":"2018-08-23T05:51:26","guid":{"rendered":"https:\/\/suquir.com.ve\/?post_type=product&#038;p=3254"},"modified":"2018-09-27T20:01:29","modified_gmt":"2018-09-27T20:01:29","slug":"cotonoides-neuroquirurgicos","status":"publish","type":"product","link":"https:\/\/suquir.com.ve\/en\/product\/cotonoides-neuroquirurgicos\/","title":{"rendered":"Cotonoides Neuroquir\u00fargicos"},"content":{"rendered":"","protected":false},"excerpt":{"rendered":"<p><strong>Marca: <\/strong>SURGIWEAR<\/p>\n<p><strong>Modelo:<\/strong> TWM70100R<\/p>\n<p>&nbsp;<\/p>\n<p>Los cotonoides neuroquir\u00fargicos est\u00e1n hechos de tela viscosa no tejida con una l\u00ednea horizontal de rayos X opaca. Un hilo negro se adjunta para su identificaci\u00f3n. Los cotonoides neuroquir\u00fargicos se suministran en paquetes abiertos de peeling est\u00e9ril en una tarjeta de sujeci\u00f3n para facilitar el manejo. Los tipos Radio-opacos se pueden identificar en im\u00e1genes de rayos X.<\/p>\n<p>&nbsp;<\/p>\n<h3><strong>Caracter\u00edsticas<\/strong><\/h3>\n<p>Tama\u00f1o: 70&#215;100 mm<\/p>\n<p>Presentaci\u00f3n: 2 Almohadillas\/ Paquete, 10 Paquetes\/empaque<\/p>","protected":false},"featured_media":3256,"comment_status":"closed","ping_status":"closed","template":"","meta":[],"product_brand":[],"product_cat":[113,115],"product_tag":[],"class_list":{"0":"post-3254","1":"product","2":"type-product","3":"status-publish","4":"has-post-thumbnail","6":"product_cat-material-medico-quirurgico","7":"product_cat-neurologiaq","9":"first","10":"instock","11":"shipping-taxable","12":"purchasable","13":"product-type-simple"},"_links":{"self":[{"href":"https:\/\/suquir.com.ve\/en\/wp-json\/wp\/v2\/product\/3254","targetHints":{"allow":["GET"]}}],"collection":[{"href":"https:\/\/suquir.com.ve\/en\/wp-json\/wp\/v2\/product"}],"about":[{"href":"https:\/\/suquir.com.ve\/en\/wp-json\/wp\/v2\/types\/product"}],"replies":[{"embeddable":true,"href":"https:\/\/suquir.com.ve\/en\/wp-json\/wp\/v2\/comments?post=3254"}],"wp:featuredmedia":[{"embeddable":true,"href":"https:\/\/suquir.com.ve\/en\/wp-json\/wp\/v2\/media\/3256"}],"wp:attachment":[{"href":"https:\/\/suquir.com.ve\/en\/wp-json\/wp\/v2\/media?parent=3254"}],"wp:term":[{"taxonomy":"product_brand","embeddable":true,"href":"https:\/\/suquir.com.ve\/en\/wp-json\/wp\/v2\/product_brand?post=3254"},{"taxonomy":"product_cat","embeddable":true,"href":"https:\/\/suquir.com.ve\/en\/wp-json\/wp\/v2\/product_cat?post=3254"},{"taxonomy":"product_tag","embeddable":true,"href":"https:\/\/suquir.com.ve\/en\/wp-json\/wp\/v2\/product_tag?post=3254"}],"curies":[{"name":"wp","href":"https:\/\/api.w.org\/{rel}","templated":true}]}}