{"id":3257,"date":"2018-08-23T05:56:48","date_gmt":"2018-08-23T05:56:48","guid":{"rendered":"https:\/\/suquir.com.ve\/?post_type=product&#038;p=3257"},"modified":"2018-09-05T16:43:12","modified_gmt":"2018-09-05T16:43:12","slug":"sistema-de-drenaje-ventricular-externo-sh024","status":"publish","type":"product","link":"https:\/\/suquir.com.ve\/en\/product\/sistema-de-drenaje-ventricular-externo-sh024\/","title":{"rendered":"Sistema de Drenaje Ventricular Externo"},"content":{"rendered":"","protected":false},"excerpt":{"rendered":"<p><strong>Modelo:<\/strong> SH024<\/p>\n<p>&nbsp;<\/p>\n<p><strong>Marca:<\/strong> Surgiwear<\/p>\n<p>&nbsp;<\/p>\n<p>Est\u00e1 dise\u00f1ado para controlar y\/o drenar el l\u00edquido cefalorraqu\u00eddeo fuera del cuerpo en un sistema cerrado. Cada sistema contiene un cat\u00e9ter ventricular y un sistema de recolecci\u00f3n que incluye bolsa. El sistema de recolecci\u00f3n consiste en una llave de paso de tres v\u00edas, tubo de conexi\u00f3n, c\u00e1mara de goteo y bolsa de recolecci\u00f3n.<\/p>","protected":false},"featured_media":3258,"comment_status":"closed","ping_status":"closed","template":"","meta":[],"product_brand":[],"product_cat":[113,115],"product_tag":[],"class_list":{"0":"post-3257","1":"product","2":"type-product","3":"status-publish","4":"has-post-thumbnail","6":"product_cat-material-medico-quirurgico","7":"product_cat-neurologiaq","9":"first","10":"instock","11":"shipping-taxable","12":"purchasable","13":"product-type-simple"},"_links":{"self":[{"href":"https:\/\/suquir.com.ve\/en\/wp-json\/wp\/v2\/product\/3257","targetHints":{"allow":["GET"]}}],"collection":[{"href":"https:\/\/suquir.com.ve\/en\/wp-json\/wp\/v2\/product"}],"about":[{"href":"https:\/\/suquir.com.ve\/en\/wp-json\/wp\/v2\/types\/product"}],"replies":[{"embeddable":true,"href":"https:\/\/suquir.com.ve\/en\/wp-json\/wp\/v2\/comments?post=3257"}],"wp:featuredmedia":[{"embeddable":true,"href":"https:\/\/suquir.com.ve\/en\/wp-json\/wp\/v2\/media\/3258"}],"wp:attachment":[{"href":"https:\/\/suquir.com.ve\/en\/wp-json\/wp\/v2\/media?parent=3257"}],"wp:term":[{"taxonomy":"product_brand","embeddable":true,"href":"https:\/\/suquir.com.ve\/en\/wp-json\/wp\/v2\/product_brand?post=3257"},{"taxonomy":"product_cat","embeddable":true,"href":"https:\/\/suquir.com.ve\/en\/wp-json\/wp\/v2\/product_cat?post=3257"},{"taxonomy":"product_tag","embeddable":true,"href":"https:\/\/suquir.com.ve\/en\/wp-json\/wp\/v2\/product_tag?post=3257"}],"curies":[{"name":"wp","href":"https:\/\/api.w.org\/{rel}","templated":true}]}}