{"id":3311,"date":"2018-08-29T07:29:06","date_gmt":"2018-08-29T07:29:06","guid":{"rendered":"https:\/\/suquir.com.ve\/?post_type=product&#038;p=3311"},"modified":"2018-08-29T07:29:06","modified_gmt":"2018-08-29T07:29:06","slug":"lapiz-de-electrobisturi","status":"publish","type":"product","link":"https:\/\/suquir.com.ve\/en\/product\/lapiz-de-electrobisturi\/","title":{"rendered":"L\u00e1piz de Electrob\u00edstur\u00ed"},"content":{"rendered":"","protected":false},"excerpt":{"rendered":"<p><strong>Marca:<\/strong> JHC Medical<\/p>\n<p>&nbsp;<\/p>\n<h3>Caracter\u00edsticas:<\/h3>\n<p>&nbsp;<\/p>\n<p>Diatermia de alta calidad<\/p>\n<p>Se puede utilizar con cualquier generador electroquir\u00fargico.<\/p>\n<p>Conexi\u00f3n hexagonal del electrodo<\/p>\n<p>Dise\u00f1o c\u00f3modo y ligero<\/p>\n<p>Cable: 3 m<\/p>\n<p>Electrodo: 2,36mm<\/p>\n<p>Conector de 3 pines<\/p>","protected":false},"featured_media":3312,"comment_status":"closed","ping_status":"closed","template":"","meta":[],"product_brand":[],"product_cat":[117,113],"product_tag":[],"class_list":{"0":"post-3311","1":"product","2":"type-product","3":"status-publish","4":"has-post-thumbnail","6":"product_cat-descartables","7":"product_cat-material-medico-quirurgico","9":"first","10":"instock","11":"shipping-taxable","12":"purchasable","13":"product-type-simple"},"_links":{"self":[{"href":"https:\/\/suquir.com.ve\/en\/wp-json\/wp\/v2\/product\/3311","targetHints":{"allow":["GET"]}}],"collection":[{"href":"https:\/\/suquir.com.ve\/en\/wp-json\/wp\/v2\/product"}],"about":[{"href":"https:\/\/suquir.com.ve\/en\/wp-json\/wp\/v2\/types\/product"}],"replies":[{"embeddable":true,"href":"https:\/\/suquir.com.ve\/en\/wp-json\/wp\/v2\/comments?post=3311"}],"wp:featuredmedia":[{"embeddable":true,"href":"https:\/\/suquir.com.ve\/en\/wp-json\/wp\/v2\/media\/3312"}],"wp:attachment":[{"href":"https:\/\/suquir.com.ve\/en\/wp-json\/wp\/v2\/media?parent=3311"}],"wp:term":[{"taxonomy":"product_brand","embeddable":true,"href":"https:\/\/suquir.com.ve\/en\/wp-json\/wp\/v2\/product_brand?post=3311"},{"taxonomy":"product_cat","embeddable":true,"href":"https:\/\/suquir.com.ve\/en\/wp-json\/wp\/v2\/product_cat?post=3311"},{"taxonomy":"product_tag","embeddable":true,"href":"https:\/\/suquir.com.ve\/en\/wp-json\/wp\/v2\/product_tag?post=3311"}],"curies":[{"name":"wp","href":"https:\/\/api.w.org\/{rel}","templated":true}]}}