{"id":3355,"date":"2018-08-29T14:20:32","date_gmt":"2018-08-29T14:20:32","guid":{"rendered":"https:\/\/suquir.com.ve\/?post_type=product&#038;p=3355"},"modified":"2018-08-29T14:20:33","modified_gmt":"2018-08-29T14:20:33","slug":"pericraneales","status":"publish","type":"product","link":"https:\/\/suquir.com.ve\/en\/product\/pericraneales\/","title":{"rendered":"Pericraneales"},"content":{"rendered":"","protected":false},"excerpt":{"rendered":"<p><strong>Marca:<\/strong> JHC Medical<\/p>\n<p>&nbsp;<\/p>\n<p>Descripci\u00f3n: Producto esterilizado de un solo uso, No t\u00f3xico, No pir\u00f3geno; Con aguja.<\/p>\n<p>Presentaci\u00f3n: 100 unidades\/caja 20 cajas\/cart\u00f3n<\/p>\n<p>Disponible en los siguientes tama\u00f1os:<\/p>\n<p>#21\u00a0\u00a0\u00a0\u00a0\u00a0\u00a0\u00a0\u00a0\u00a0\u00a0\u00a0\u00a0\u00a0\u00a0\u00a0\u00a0 #23<\/p>\n<p>Aguja de \u00be \u00a0\u00a0 Aguja de \u00be<\/p>\n<p>color verde\u00a0\u00a0\u00a0\u00a0 color Azul<\/p>","protected":false},"featured_media":3356,"comment_status":"closed","ping_status":"closed","template":"","meta":[],"product_brand":[],"product_cat":[117,113],"product_tag":[],"class_list":{"0":"post-3355","1":"product","2":"type-product","3":"status-publish","4":"has-post-thumbnail","6":"product_cat-descartables","7":"product_cat-material-medico-quirurgico","9":"first","10":"instock","11":"shipping-taxable","12":"purchasable","13":"product-type-simple"},"_links":{"self":[{"href":"https:\/\/suquir.com.ve\/en\/wp-json\/wp\/v2\/product\/3355","targetHints":{"allow":["GET"]}}],"collection":[{"href":"https:\/\/suquir.com.ve\/en\/wp-json\/wp\/v2\/product"}],"about":[{"href":"https:\/\/suquir.com.ve\/en\/wp-json\/wp\/v2\/types\/product"}],"replies":[{"embeddable":true,"href":"https:\/\/suquir.com.ve\/en\/wp-json\/wp\/v2\/comments?post=3355"}],"wp:featuredmedia":[{"embeddable":true,"href":"https:\/\/suquir.com.ve\/en\/wp-json\/wp\/v2\/media\/3356"}],"wp:attachment":[{"href":"https:\/\/suquir.com.ve\/en\/wp-json\/wp\/v2\/media?parent=3355"}],"wp:term":[{"taxonomy":"product_brand","embeddable":true,"href":"https:\/\/suquir.com.ve\/en\/wp-json\/wp\/v2\/product_brand?post=3355"},{"taxonomy":"product_cat","embeddable":true,"href":"https:\/\/suquir.com.ve\/en\/wp-json\/wp\/v2\/product_cat?post=3355"},{"taxonomy":"product_tag","embeddable":true,"href":"https:\/\/suquir.com.ve\/en\/wp-json\/wp\/v2\/product_tag?post=3355"}],"curies":[{"name":"wp","href":"https:\/\/api.w.org\/{rel}","templated":true}]}}