{"id":3380,"date":"2018-08-31T06:36:47","date_gmt":"2018-08-31T06:36:47","guid":{"rendered":"https:\/\/suquir.com.ve\/?post_type=product&#038;p=3380"},"modified":"2018-09-05T16:45:40","modified_gmt":"2018-09-05T16:45:40","slug":"valvulas-peritoneales","status":"publish","type":"product","link":"https:\/\/suquir.com.ve\/en\/product\/valvulas-peritoneales\/","title":{"rendered":"V\u00e1lvulas Peritoneales"},"content":{"rendered":"","protected":false},"excerpt":{"rendered":"<p><strong>Marca: <\/strong>SURGIWEAR<\/p>\n<p>Usadas como un sistema para tratar la hidrocefalia, estos dispositivos permiten que el exceso de liquido cefalorraqu\u00eddeo se drene a otra \u00e1rea del cuerpo permitiendo que los ventr\u00edculos vuelvan a su tama\u00f1o normal.<\/p>\n<p>Contamos con los siguientes modelos:<\/p>\n<p><strong>SH201<\/strong><\/p>\n<p><strong>Caracter\u00edsticas<\/strong><\/p>\n<p>Es un sistema de hidrocefalia<\/p>\n<p>Set completo tama\u00f1o regular VP(Alta Presi\u00f3n)<\/p>\n<p>El equipos contiene un conjunto de derivaci\u00f3n unificado con un dep\u00f3sito de descarga<\/p>\n<p>Un cat\u00e9ter ventricular con longitud de 15 cm<\/p>\n<p>Un cat\u00e9ter distal de 75 cm de largo y tres conectores rectos.<\/p>\n<p>Paquete esterilizado por Oxido de Etileno<\/p>\n<p>&nbsp;<\/p>\n<p><strong>SH202<\/strong><\/p>\n<h3><strong>Caracter\u00edsticas<\/strong><\/h3>\n<p>Es un sistema de hidrocefalia<\/p>\n<p>Set completo tama\u00f1o regular VP(Presi\u00f3n Media)<\/p>\n<p>El equipos contiene un conjunto de derivaci\u00f3n unificado con un dep\u00f3sito de descarga<\/p>\n<p>Un cat\u00e9ter ventricular con longitud de 15 cm<\/p>\n<p>Un cat\u00e9ter distal de 75 cm de largo y tres conectores rectos.<\/p>\n<p>Paquete esterilizado por Oxido de Etileno<\/p>\n<p>&nbsp;<\/p>\n<p><strong>SH203<\/strong><\/p>\n<h3><strong>Caracter\u00edsticas<\/strong><\/h3>\n<p>Es un sistema de derivaci\u00f3n hidrocef\u00e1lica<\/p>\n<p>Set completo tama\u00f1o regular VP (Presi\u00f3n Baja)<\/p>\n<p>El equipos contiene un conjunto de derivaci\u00f3n unificado con un deposito de descarga<\/p>\n<p>Un cat\u00e9ter ventricular con longitud de 15 cm<\/p>\n<p>Un cat\u00e9ter distal y tres conectores rectos.<\/p>\n<p>Paquete esterilizado por \u00d3xido de Etileno<\/p>\n<p>&nbsp;<\/p>\n<p><strong>SH232<\/strong><\/p>\n<h3><strong>Caracter\u00edsticas<\/strong><\/h3>\n<p>Es un sistema de derivaci\u00f3n hidrocef\u00e1lica<\/p>\n<p>Set completo tama\u00f1o Adulto VP (Presi\u00f3n Media)<\/p>\n<p>El equipos contiene un conjunto de derivaci\u00f3n unificado con un gran dep\u00f3sito de descarga<\/p>\n<p>Un cat\u00e9ter ventricular con longitud de 15 cm<\/p>\n<p>Un cat\u00e9ter distal de 75 cm de largo y tres conectores rectos.<\/p>\n<p>Paquete esterilizado por Oxido de Etileno<\/p>","protected":false},"featured_media":3382,"comment_status":"closed","ping_status":"closed","template":"","meta":[],"product_brand":[],"product_cat":[113,115],"product_tag":[],"class_list":{"0":"post-3380","1":"product","2":"type-product","3":"status-publish","4":"has-post-thumbnail","6":"product_cat-material-medico-quirurgico","7":"product_cat-neurologiaq","9":"first","10":"instock","11":"shipping-taxable","12":"purchasable","13":"product-type-simple"},"_links":{"self":[{"href":"https:\/\/suquir.com.ve\/en\/wp-json\/wp\/v2\/product\/3380","targetHints":{"allow":["GET"]}}],"collection":[{"href":"https:\/\/suquir.com.ve\/en\/wp-json\/wp\/v2\/product"}],"about":[{"href":"https:\/\/suquir.com.ve\/en\/wp-json\/wp\/v2\/types\/product"}],"replies":[{"embeddable":true,"href":"https:\/\/suquir.com.ve\/en\/wp-json\/wp\/v2\/comments?post=3380"}],"wp:featuredmedia":[{"embeddable":true,"href":"https:\/\/suquir.com.ve\/en\/wp-json\/wp\/v2\/media\/3382"}],"wp:attachment":[{"href":"https:\/\/suquir.com.ve\/en\/wp-json\/wp\/v2\/media?parent=3380"}],"wp:term":[{"taxonomy":"product_brand","embeddable":true,"href":"https:\/\/suquir.com.ve\/en\/wp-json\/wp\/v2\/product_brand?post=3380"},{"taxonomy":"product_cat","embeddable":true,"href":"https:\/\/suquir.com.ve\/en\/wp-json\/wp\/v2\/product_cat?post=3380"},{"taxonomy":"product_tag","embeddable":true,"href":"https:\/\/suquir.com.ve\/en\/wp-json\/wp\/v2\/product_tag?post=3380"}],"curies":[{"name":"wp","href":"https:\/\/api.w.org\/{rel}","templated":true}]}}