{"id":3385,"date":"2018-08-31T06:52:34","date_gmt":"2018-08-31T06:52:34","guid":{"rendered":"https:\/\/suquir.com.ve\/?post_type=product&#038;p=3385"},"modified":"2018-09-05T16:57:04","modified_gmt":"2018-09-05T16:57:04","slug":"cajas-cervicales-clia","status":"publish","type":"product","link":"https:\/\/suquir.com.ve\/en\/product\/cajas-cervicales-clia\/","title":{"rendered":"Boxes Cervical Clia"},"content":{"rendered":"","protected":false},"excerpt":{"rendered":"<p><strong>Marca:<\/strong> Fradis Medical<\/p>\n<p>&nbsp;<\/p>\n<p>Fabricado en PEEK, lo que permite una vista clara del crecimiento de los huesos bajo Rayos X. Est\u00e1 formada anat\u00f3micamente para asegurar la alineaci\u00f3n correcta con placas tanto superior e inferior, posee cuatro pines de titanio para garantizar la estabilidad y la implantaci\u00f3n segura. Implante independiente que no requiere el apoyo adicional de un sistema de placa.<\/p>\n<p>&nbsp;<\/p>\n<h3><strong>Caracter\u00edsticas<\/strong><\/h3>\n<p>Convexo Perfil Anat\u00f3mico.<\/p>\n<p>Rayas de Estabilizaci\u00f3n.<\/p>\n<p>Cuatro pines de anclaje.<\/p>\n<p>Contorno Anat\u00f3mico.<\/p>\n<p>Dispositivo de Contacto.<\/p>\n<p>Amplio espacio para el injerto.<\/p>\n<p>Los pines se utilizan para identificar bajo RX.<\/p>\n<p>Agujeros para estabilizar el Impactor.<\/p>\n<p>Retenci\u00f3n segura y f\u00e1cil.<\/p>\n<p>Posici\u00f3n efectiva de los pines.<\/p>\n<p>Indicaci\u00f3n<\/p>\n<p>Discopat\u00eda Degenerativa del Disco.<\/p>\n<p>Medidas<\/p>\n<p>Ancho: 15mm; Profundidad: 13mm.<\/p>\n<p>Cuatro Tallas Diferentes: Alturas de 4,5,6 y 7 mm.<\/p>\n<p>Existe en tama\u00f1o peque\u00f1o 13&#215;11 mm.<\/p>","protected":false},"featured_media":3386,"comment_status":"closed","ping_status":"closed","template":"","meta":[],"product_brand":[],"product_cat":[113,115],"product_tag":[],"class_list":{"0":"post-3385","1":"product","2":"type-product","3":"status-publish","4":"has-post-thumbnail","6":"product_cat-material-medico-quirurgico","7":"product_cat-neurologiaq","9":"first","10":"instock","11":"shipping-taxable","12":"purchasable","13":"product-type-simple"},"_links":{"self":[{"href":"https:\/\/suquir.com.ve\/en\/wp-json\/wp\/v2\/product\/3385","targetHints":{"allow":["GET"]}}],"collection":[{"href":"https:\/\/suquir.com.ve\/en\/wp-json\/wp\/v2\/product"}],"about":[{"href":"https:\/\/suquir.com.ve\/en\/wp-json\/wp\/v2\/types\/product"}],"replies":[{"embeddable":true,"href":"https:\/\/suquir.com.ve\/en\/wp-json\/wp\/v2\/comments?post=3385"}],"wp:featuredmedia":[{"embeddable":true,"href":"https:\/\/suquir.com.ve\/en\/wp-json\/wp\/v2\/media\/3386"}],"wp:attachment":[{"href":"https:\/\/suquir.com.ve\/en\/wp-json\/wp\/v2\/media?parent=3385"}],"wp:term":[{"taxonomy":"product_brand","embeddable":true,"href":"https:\/\/suquir.com.ve\/en\/wp-json\/wp\/v2\/product_brand?post=3385"},{"taxonomy":"product_cat","embeddable":true,"href":"https:\/\/suquir.com.ve\/en\/wp-json\/wp\/v2\/product_cat?post=3385"},{"taxonomy":"product_tag","embeddable":true,"href":"https:\/\/suquir.com.ve\/en\/wp-json\/wp\/v2\/product_tag?post=3385"}],"curies":[{"name":"wp","href":"https:\/\/api.w.org\/{rel}","templated":true}]}}