{"id":3387,"date":"2018-08-31T06:53:41","date_gmt":"2018-08-31T06:53:41","guid":{"rendered":"https:\/\/suquir.com.ve\/?post_type=product&#038;p=3387"},"modified":"2018-09-05T17:01:38","modified_gmt":"2018-09-05T17:01:38","slug":"placa-cervical-fenicia","status":"publish","type":"product","link":"https:\/\/suquir.com.ve\/en\/product\/placa-cervical-fenicia\/","title":{"rendered":"Placa Cervical Fenicia"},"content":{"rendered":"","protected":false},"excerpt":{"rendered":"<p><strong>Marca:<\/strong> Fradis Medical<\/p>\n<p>&nbsp;<\/p>\n<p>El Sistema placa cervical FENECIA fabricada en Titanio, est\u00e1 dise\u00f1ada para uso con Caja cervical que no se implanten solos, o fusi\u00f3n cervical con autoinjerto o aloinjerto \u00f3seo. Son placas anat\u00f3micas ya que son de perfil ultraplano , angostas y con lordosis prefabricada , incluye tornillos autorroscantes y de bloqueo para mayor seguridad .<\/p>\n<h3><\/h3>\n<h3>Caracter\u00edsticas:<\/h3>\n<p>Caracter\u00edsticas<\/p>\n<p>Anat\u00f3mica en los Planos Antero-Posterior y Frontal.<\/p>\n<p>De Bajo Perfil.<\/p>\n<p>Tornillos De Revision.<\/p>\n<p>Tornillos Standard.<\/p>\n<p>Tornillo de Bloqueo.<\/p>\n<p>Indicaci\u00f3n<\/p>\n<p>Trauma.<\/p>\n<p>Enfermedades Degenerativas.<\/p>","protected":false},"featured_media":3388,"comment_status":"closed","ping_status":"closed","template":"","meta":[],"product_brand":[],"product_cat":[113,115],"product_tag":[],"class_list":{"0":"post-3387","1":"product","2":"type-product","3":"status-publish","4":"has-post-thumbnail","6":"product_cat-material-medico-quirurgico","7":"product_cat-neurologiaq","9":"first","10":"instock","11":"shipping-taxable","12":"purchasable","13":"product-type-simple"},"_links":{"self":[{"href":"https:\/\/suquir.com.ve\/en\/wp-json\/wp\/v2\/product\/3387","targetHints":{"allow":["GET"]}}],"collection":[{"href":"https:\/\/suquir.com.ve\/en\/wp-json\/wp\/v2\/product"}],"about":[{"href":"https:\/\/suquir.com.ve\/en\/wp-json\/wp\/v2\/types\/product"}],"replies":[{"embeddable":true,"href":"https:\/\/suquir.com.ve\/en\/wp-json\/wp\/v2\/comments?post=3387"}],"wp:featuredmedia":[{"embeddable":true,"href":"https:\/\/suquir.com.ve\/en\/wp-json\/wp\/v2\/media\/3388"}],"wp:attachment":[{"href":"https:\/\/suquir.com.ve\/en\/wp-json\/wp\/v2\/media?parent=3387"}],"wp:term":[{"taxonomy":"product_brand","embeddable":true,"href":"https:\/\/suquir.com.ve\/en\/wp-json\/wp\/v2\/product_brand?post=3387"},{"taxonomy":"product_cat","embeddable":true,"href":"https:\/\/suquir.com.ve\/en\/wp-json\/wp\/v2\/product_cat?post=3387"},{"taxonomy":"product_tag","embeddable":true,"href":"https:\/\/suquir.com.ve\/en\/wp-json\/wp\/v2\/product_tag?post=3387"}],"curies":[{"name":"wp","href":"https:\/\/api.w.org\/{rel}","templated":true}]}}