{"id":3391,"date":"2018-08-31T06:55:50","date_gmt":"2018-08-31T06:55:50","guid":{"rendered":"https:\/\/suquir.com.ve\/?post_type=product&#038;p=3391"},"modified":"2018-09-05T16:58:42","modified_gmt":"2018-09-05T16:58:42","slug":"cajas-lumbares-clia","status":"publish","type":"product","link":"https:\/\/suquir.com.ve\/en\/product\/cajas-lumbares-clia\/","title":{"rendered":"Boxes Lumbar Clia"},"content":{"rendered":"","protected":false},"excerpt":{"rendered":"<p><strong>Marca:<\/strong> Fradis Medical<\/p>\n<p>&nbsp;<\/p>\n<p>La caja TLIF CLIA contiene pasadores de titanio para permitir la identificaci\u00f3n del dispositivo bajo Rayos X, y posee grandes zonas para la colocaci\u00f3n de injerto \u00f3seo.<\/p>\n<p>&nbsp;<\/p>\n<h3>Caracter\u00edsticas:<\/h3>\n<p>F\u00e1cil inserci\u00f3n.<\/p>\n<p>Rayas de Estabilizaci\u00f3n.<\/p>\n<p>Contorno Anat\u00f3mico.<\/p>\n<p>Espacio para El Injerto \u00d3seo.<\/p>\n<p>Indicaci\u00f3n<\/p>\n<p>Patolog\u00eda degenerativa discal lumbar.<\/p>\n<p>Hernias Discales.<\/p>\n<p>Espondilolistesis.<\/p>","protected":false},"featured_media":3392,"comment_status":"closed","ping_status":"closed","template":"","meta":[],"product_brand":[],"product_cat":[113,115],"product_tag":[],"class_list":{"0":"post-3391","1":"product","2":"type-product","3":"status-publish","4":"has-post-thumbnail","6":"product_cat-material-medico-quirurgico","7":"product_cat-neurologiaq","9":"first","10":"instock","11":"shipping-taxable","12":"purchasable","13":"product-type-simple"},"_links":{"self":[{"href":"https:\/\/suquir.com.ve\/en\/wp-json\/wp\/v2\/product\/3391","targetHints":{"allow":["GET"]}}],"collection":[{"href":"https:\/\/suquir.com.ve\/en\/wp-json\/wp\/v2\/product"}],"about":[{"href":"https:\/\/suquir.com.ve\/en\/wp-json\/wp\/v2\/types\/product"}],"replies":[{"embeddable":true,"href":"https:\/\/suquir.com.ve\/en\/wp-json\/wp\/v2\/comments?post=3391"}],"wp:featuredmedia":[{"embeddable":true,"href":"https:\/\/suquir.com.ve\/en\/wp-json\/wp\/v2\/media\/3392"}],"wp:attachment":[{"href":"https:\/\/suquir.com.ve\/en\/wp-json\/wp\/v2\/media?parent=3391"}],"wp:term":[{"taxonomy":"product_brand","embeddable":true,"href":"https:\/\/suquir.com.ve\/en\/wp-json\/wp\/v2\/product_brand?post=3391"},{"taxonomy":"product_cat","embeddable":true,"href":"https:\/\/suquir.com.ve\/en\/wp-json\/wp\/v2\/product_cat?post=3391"},{"taxonomy":"product_tag","embeddable":true,"href":"https:\/\/suquir.com.ve\/en\/wp-json\/wp\/v2\/product_tag?post=3391"}],"curies":[{"name":"wp","href":"https:\/\/api.w.org\/{rel}","templated":true}]}}