{"id":3393,"date":"2018-08-31T06:58:16","date_gmt":"2018-08-31T06:58:16","guid":{"rendered":"https:\/\/suquir.com.ve\/?post_type=product&#038;p=3393"},"modified":"2018-09-05T16:53:39","modified_gmt":"2018-09-05T16:53:39","slug":"melkart-interespinoso","status":"publish","type":"product","link":"https:\/\/suquir.com.ve\/en\/product\/melkart-interespinoso\/","title":{"rendered":"Melkart Interespinoso"},"content":{"rendered":"","protected":false},"excerpt":{"rendered":"<p><strong>Marca:<\/strong> Fradis Medical<\/p>\n<p>&nbsp;<\/p>\n<p>Es un espaciador interespinoso de fijaci\u00f3n simple fabricado en PEEK.<\/p>\n<p>Este dispositivo es independiente y no necesita ning\u00fan sistema de fijaci\u00f3n.<\/p>\n<p>&nbsp;<\/p>\n<p><strong>Caracter\u00edsticas<\/strong><\/p>\n<p>Movilidad flexo distracci\u00f3n, Traslaci\u00f3n y Rotaci\u00f3n.<\/p>\n<p>Marcador de Rayos X.<\/p>\n<p>Muescas de Anclaje.<\/p>\n<p>\u00c1rea Din\u00e1mica.<\/p>\n<p>Indicaci\u00f3n<\/p>\n<p>Restauraci\u00f3n de la altura Interespinosa.<\/p>\n<p>S\u00edndrome Facetario.<\/p>\n<p>Degeneraci\u00f3n discal.<\/p>\n<p>Nivel adyacente a una artrodesis.<\/p>","protected":false},"featured_media":3394,"comment_status":"closed","ping_status":"closed","template":"","meta":[],"product_brand":[],"product_cat":[113,115],"product_tag":[],"class_list":{"0":"post-3393","1":"product","2":"type-product","3":"status-publish","4":"has-post-thumbnail","6":"product_cat-material-medico-quirurgico","7":"product_cat-neurologiaq","9":"first","10":"instock","11":"shipping-taxable","12":"purchasable","13":"product-type-simple"},"_links":{"self":[{"href":"https:\/\/suquir.com.ve\/en\/wp-json\/wp\/v2\/product\/3393","targetHints":{"allow":["GET"]}}],"collection":[{"href":"https:\/\/suquir.com.ve\/en\/wp-json\/wp\/v2\/product"}],"about":[{"href":"https:\/\/suquir.com.ve\/en\/wp-json\/wp\/v2\/types\/product"}],"replies":[{"embeddable":true,"href":"https:\/\/suquir.com.ve\/en\/wp-json\/wp\/v2\/comments?post=3393"}],"wp:featuredmedia":[{"embeddable":true,"href":"https:\/\/suquir.com.ve\/en\/wp-json\/wp\/v2\/media\/3394"}],"wp:attachment":[{"href":"https:\/\/suquir.com.ve\/en\/wp-json\/wp\/v2\/media?parent=3393"}],"wp:term":[{"taxonomy":"product_brand","embeddable":true,"href":"https:\/\/suquir.com.ve\/en\/wp-json\/wp\/v2\/product_brand?post=3393"},{"taxonomy":"product_cat","embeddable":true,"href":"https:\/\/suquir.com.ve\/en\/wp-json\/wp\/v2\/product_cat?post=3393"},{"taxonomy":"product_tag","embeddable":true,"href":"https:\/\/suquir.com.ve\/en\/wp-json\/wp\/v2\/product_tag?post=3393"}],"curies":[{"name":"wp","href":"https:\/\/api.w.org\/{rel}","templated":true}]}}