{"id":3395,"date":"2018-08-31T07:06:06","date_gmt":"2018-08-31T07:06:06","guid":{"rendered":"https:\/\/suquir.com.ve\/?post_type=product&#038;p=3395"},"modified":"2018-08-31T20:37:23","modified_gmt":"2018-08-31T20:37:23","slug":"cemento-osea-para-cirugia-ortopedica-cemfix-3","status":"publish","type":"product","link":"https:\/\/suquir.com.ve\/en\/product\/cemento-osea-para-cirugia-ortopedica-cemfix-3\/","title":{"rendered":"Cemento \u00d3seo CEMFIX 3"},"content":{"rendered":"","protected":false},"excerpt":{"rendered":"<p><strong>Marca:<\/strong> Teknimed<\/p>\n<p>Cemento \u00f3seo utilizado para la fijaci\u00f3n de pr\u00f3tesis al hueso adyacente<br \/>\ndurante la cirug\u00eda; con una viscosidad est\u00e1ndar, se ajusta r\u00e1pidamente y se autoafirma<br \/>\nmientras reduce el tiempo de fraguado y se puede aplicar manualmente. Este producto es<br \/>\nmenos viscoso que el CEMFIX 1 por lo que se recomienda que se aplique con una jeringa.<\/p>\n<h3>Caracter\u00edsticas<\/h3>\n<p>Cemento \u00d3seo quir\u00fargico a base de resina acr\u00edlica<br \/>\nProducto Esterilizado<br \/>\nContiene un polvo de 40 gramos y un liquido de 16,4 gramos<br \/>\nBaja viscosidad<br \/>\nBajo en exotermicidad<br \/>\nBaja lixiviaci\u00f3n de mon\u00f3meros y es muy f\u00e1cil de manejar<\/p>","protected":false},"featured_media":3399,"comment_status":"closed","ping_status":"closed","template":"","meta":[],"product_brand":[],"product_cat":[114,113],"product_tag":[],"class_list":{"0":"post-3395","1":"product","2":"type-product","3":"status-publish","4":"has-post-thumbnail","6":"product_cat-biomeateriales","7":"product_cat-material-medico-quirurgico","9":"first","10":"instock","11":"shipping-taxable","12":"purchasable","13":"product-type-simple"},"_links":{"self":[{"href":"https:\/\/suquir.com.ve\/en\/wp-json\/wp\/v2\/product\/3395","targetHints":{"allow":["GET"]}}],"collection":[{"href":"https:\/\/suquir.com.ve\/en\/wp-json\/wp\/v2\/product"}],"about":[{"href":"https:\/\/suquir.com.ve\/en\/wp-json\/wp\/v2\/types\/product"}],"replies":[{"embeddable":true,"href":"https:\/\/suquir.com.ve\/en\/wp-json\/wp\/v2\/comments?post=3395"}],"wp:featuredmedia":[{"embeddable":true,"href":"https:\/\/suquir.com.ve\/en\/wp-json\/wp\/v2\/media\/3399"}],"wp:attachment":[{"href":"https:\/\/suquir.com.ve\/en\/wp-json\/wp\/v2\/media?parent=3395"}],"wp:term":[{"taxonomy":"product_brand","embeddable":true,"href":"https:\/\/suquir.com.ve\/en\/wp-json\/wp\/v2\/product_brand?post=3395"},{"taxonomy":"product_cat","embeddable":true,"href":"https:\/\/suquir.com.ve\/en\/wp-json\/wp\/v2\/product_cat?post=3395"},{"taxonomy":"product_tag","embeddable":true,"href":"https:\/\/suquir.com.ve\/en\/wp-json\/wp\/v2\/product_tag?post=3395"}],"curies":[{"name":"wp","href":"https:\/\/api.w.org\/{rel}","templated":true}]}}