{"id":3400,"date":"2018-08-31T07:07:30","date_gmt":"2018-08-31T07:07:30","guid":{"rendered":"https:\/\/suquir.com.ve\/?post_type=product&#038;p=3400"},"modified":"2018-08-31T20:41:24","modified_gmt":"2018-08-31T20:41:24","slug":"cemento-oseo-para-cirugia-ortopedica-cemfix-1","status":"publish","type":"product","link":"https:\/\/suquir.com.ve\/en\/product\/cemento-oseo-para-cirugia-ortopedica-cemfix-1\/","title":{"rendered":"Cemento \u00d3seo CEMFIX 1"},"content":{"rendered":"","protected":false},"excerpt":{"rendered":"<p><strong>Marca:<\/strong> Teknimed<\/p>\n<p>Cemento ortop\u00e9dico usado para la fijaci\u00f3n de las pr\u00f3tesis al hueso colindante<br \/>\ndurante cirug\u00eda; con una viscosidad est\u00e1ndar, fija r\u00e1pidamente y uno mismo-se aties\u00f3<br \/>\nmientras que reduce fijando tiempo y puede ser aplicada manualmente.<\/p>\n<h3>Caracter\u00edsticas<\/h3>\n<p>Contiene una baja lixiviaci\u00f3n de mon\u00f3meros<br \/>\nBaja liberaci\u00f3n exot\u00e9rmica<br \/>\nF\u00e1cil de manejar y tiene una alta viscosidad<\/p>\n<p>F\u00e1cil de Usar<br \/>\nCemento \u00d3seo quir\u00fargico a base de resina acr\u00edlica<br \/>\nReducci\u00f3n significativa de la necrosis \u00f3sea y tiene largo tiempo de aplicaci\u00f3n.<br \/>\nProducto Esterilizado<br \/>\nContiene un Polvo de 40 gramos y un frasco con liquido de 14,4 gramos<\/p>","protected":false},"featured_media":3397,"comment_status":"closed","ping_status":"closed","template":"","meta":[],"product_brand":[],"product_cat":[114,113],"product_tag":[],"class_list":{"0":"post-3400","1":"product","2":"type-product","3":"status-publish","4":"has-post-thumbnail","6":"product_cat-biomeateriales","7":"product_cat-material-medico-quirurgico","9":"first","10":"instock","11":"shipping-taxable","12":"purchasable","13":"product-type-simple"},"_links":{"self":[{"href":"https:\/\/suquir.com.ve\/en\/wp-json\/wp\/v2\/product\/3400","targetHints":{"allow":["GET"]}}],"collection":[{"href":"https:\/\/suquir.com.ve\/en\/wp-json\/wp\/v2\/product"}],"about":[{"href":"https:\/\/suquir.com.ve\/en\/wp-json\/wp\/v2\/types\/product"}],"replies":[{"embeddable":true,"href":"https:\/\/suquir.com.ve\/en\/wp-json\/wp\/v2\/comments?post=3400"}],"wp:featuredmedia":[{"embeddable":true,"href":"https:\/\/suquir.com.ve\/en\/wp-json\/wp\/v2\/media\/3397"}],"wp:attachment":[{"href":"https:\/\/suquir.com.ve\/en\/wp-json\/wp\/v2\/media?parent=3400"}],"wp:term":[{"taxonomy":"product_brand","embeddable":true,"href":"https:\/\/suquir.com.ve\/en\/wp-json\/wp\/v2\/product_brand?post=3400"},{"taxonomy":"product_cat","embeddable":true,"href":"https:\/\/suquir.com.ve\/en\/wp-json\/wp\/v2\/product_cat?post=3400"},{"taxonomy":"product_tag","embeddable":true,"href":"https:\/\/suquir.com.ve\/en\/wp-json\/wp\/v2\/product_tag?post=3400"}],"curies":[{"name":"wp","href":"https:\/\/api.w.org\/{rel}","templated":true}]}}