{"id":3403,"date":"2018-08-31T10:36:22","date_gmt":"2018-08-31T10:36:22","guid":{"rendered":"https:\/\/suquir.com.ve\/?post_type=product&#038;p=3403"},"modified":"2018-08-31T10:36:22","modified_gmt":"2018-08-31T10:36:22","slug":"mesa-quirurgica-ginecologica-jhdc-99b","status":"publish","type":"product","link":"https:\/\/suquir.com.ve\/en\/product\/mesa-quirurgica-ginecologica-jhdc-99b\/","title":{"rendered":"Mesa Quir\u00fargica Ginecol\u00f3gica JHDC-99B"},"content":{"rendered":"","protected":false},"excerpt":{"rendered":"<p><strong>Modelo:<\/strong> JHDC-99B<br \/>\n<strong>Marca:<\/strong> Nantong<\/p>\n<p>La mesa Quir\u00fargica Ginecol\u00f3gica y de Obstetricia es utilizada para realizar<br \/>\noperaciones de ginecolog\u00eda, diagnostico y examen. Adem\u00e1s de ser utilizada en<br \/>\noperaciones de ces\u00e1rea. El tir\u00f3n, inclinaci\u00f3n y replicaci\u00f3n son controlados por<br \/>\nhidrost\u00e1tica y micro tacto, por lo que puede ser utilizado convenientemente y<br \/>\nflexibilidad. Los componentes clave del sistema de hidrost\u00e1tica importado, que es<br \/>\nestable y no ruidoso.<br \/>\nEspecificaciones<br \/>\n\uf0b7 Longitud: 1330 mm<br \/>\n\uf0b7 Altura: 750-990mm<br \/>\n\uf0b7 Ancho: 600mm<br \/>\n\uf0b7 Trendelenburg inverso: \uf0a318 grados<br \/>\n\uf0b7 Trendelenburg: \uf0a38 grados<br \/>\n\uf0b7 Ajuste de respaldo: \uf0b360 grados<br \/>\n\uf0b7 Secci\u00f3n de espalda baja: \uf0b310 grados<\/p>","protected":false},"featured_media":3405,"comment_status":"closed","ping_status":"closed","template":"","meta":[],"product_brand":[],"product_cat":[124,121],"product_tag":[],"class_list":{"0":"post-3403","1":"product","2":"type-product","3":"status-publish","4":"has-post-thumbnail","6":"product_cat-cirugia-mobiliario-clinico","7":"product_cat-mobiliario-clinico","9":"first","10":"instock","11":"shipping-taxable","12":"purchasable","13":"product-type-simple"},"_links":{"self":[{"href":"https:\/\/suquir.com.ve\/en\/wp-json\/wp\/v2\/product\/3403","targetHints":{"allow":["GET"]}}],"collection":[{"href":"https:\/\/suquir.com.ve\/en\/wp-json\/wp\/v2\/product"}],"about":[{"href":"https:\/\/suquir.com.ve\/en\/wp-json\/wp\/v2\/types\/product"}],"replies":[{"embeddable":true,"href":"https:\/\/suquir.com.ve\/en\/wp-json\/wp\/v2\/comments?post=3403"}],"wp:featuredmedia":[{"embeddable":true,"href":"https:\/\/suquir.com.ve\/en\/wp-json\/wp\/v2\/media\/3405"}],"wp:attachment":[{"href":"https:\/\/suquir.com.ve\/en\/wp-json\/wp\/v2\/media?parent=3403"}],"wp:term":[{"taxonomy":"product_brand","embeddable":true,"href":"https:\/\/suquir.com.ve\/en\/wp-json\/wp\/v2\/product_brand?post=3403"},{"taxonomy":"product_cat","embeddable":true,"href":"https:\/\/suquir.com.ve\/en\/wp-json\/wp\/v2\/product_cat?post=3403"},{"taxonomy":"product_tag","embeddable":true,"href":"https:\/\/suquir.com.ve\/en\/wp-json\/wp\/v2\/product_tag?post=3403"}],"curies":[{"name":"wp","href":"https:\/\/api.w.org\/{rel}","templated":true}]}}