{"id":3406,"date":"2018-08-31T10:42:51","date_gmt":"2018-08-31T10:42:51","guid":{"rendered":"https:\/\/suquir.com.ve\/?post_type=product&#038;p=3406"},"modified":"2018-09-05T17:35:06","modified_gmt":"2018-09-05T17:35:06","slug":"cama-quirurgica-electrica-jhds-99c-1","status":"publish","type":"product","link":"https:\/\/suquir.com.ve\/en\/product\/cama-quirurgica-electrica-jhds-99c-1\/","title":{"rendered":"Surgical bed Electric JHDS-99C-1"},"content":{"rendered":"","protected":false},"excerpt":{"rendered":"<p><strong>Modelo:<\/strong> JHDS-99C-1<\/p>\n<p><strong>Marca:<\/strong> Nantong<\/p>\n<p>El innovador sistema de potencia h\u00edbrido realiza una gran capacidad de peso y una capacidad de ajuste suave. Con su ajuste extremo para la altura, inclinaci\u00f3n lateral, trendelenburg, deslizamiento longitudinal y ajuste del \u00e1ngulo de las secciones de la espalda y el pie, el JHDS-99C-1 permite la posici\u00f3n m\u00e1s adecuada para cualquier procedimiento. Esta cama quir\u00fargica contiene un sistema electro-hidr\u00e1ulico con una posici\u00f3n inicial baja de 600 mm, ajuste de altura de m\u00e1s de 350 mm, deslizamiento longitudinal es de hasta 450 mm.<\/p>\n<h3>Especificaciones<\/h3>\n<p>Ancho de la Tabla: 2050*500mm<br \/>\nAltura de la mesa: 650-1000mm<br \/>\nTrendelenburg inverso: 25 grados\/25 grados<br \/>\nInclinaci\u00f3n lateral: 25 grados\/ 25 grados<br \/>\nDeslizamiento Longitudinal: 420mm<br \/>\nRotaci\u00f3n de la mesa: 0-180 grados<br \/>\nCapacidad de peso: 350 Kg<\/p>","protected":false},"featured_media":3407,"comment_status":"closed","ping_status":"closed","template":"","meta":[],"product_brand":[],"product_cat":[124,121],"product_tag":[],"class_list":{"0":"post-3406","1":"product","2":"type-product","3":"status-publish","4":"has-post-thumbnail","6":"product_cat-cirugia-mobiliario-clinico","7":"product_cat-mobiliario-clinico","9":"first","10":"instock","11":"shipping-taxable","12":"purchasable","13":"product-type-simple"},"_links":{"self":[{"href":"https:\/\/suquir.com.ve\/en\/wp-json\/wp\/v2\/product\/3406","targetHints":{"allow":["GET"]}}],"collection":[{"href":"https:\/\/suquir.com.ve\/en\/wp-json\/wp\/v2\/product"}],"about":[{"href":"https:\/\/suquir.com.ve\/en\/wp-json\/wp\/v2\/types\/product"}],"replies":[{"embeddable":true,"href":"https:\/\/suquir.com.ve\/en\/wp-json\/wp\/v2\/comments?post=3406"}],"wp:featuredmedia":[{"embeddable":true,"href":"https:\/\/suquir.com.ve\/en\/wp-json\/wp\/v2\/media\/3407"}],"wp:attachment":[{"href":"https:\/\/suquir.com.ve\/en\/wp-json\/wp\/v2\/media?parent=3406"}],"wp:term":[{"taxonomy":"product_brand","embeddable":true,"href":"https:\/\/suquir.com.ve\/en\/wp-json\/wp\/v2\/product_brand?post=3406"},{"taxonomy":"product_cat","embeddable":true,"href":"https:\/\/suquir.com.ve\/en\/wp-json\/wp\/v2\/product_cat?post=3406"},{"taxonomy":"product_tag","embeddable":true,"href":"https:\/\/suquir.com.ve\/en\/wp-json\/wp\/v2\/product_tag?post=3406"}],"curies":[{"name":"wp","href":"https:\/\/api.w.org\/{rel}","templated":true}]}}