{"id":3411,"date":"2018-08-31T11:06:04","date_gmt":"2018-08-31T11:06:04","guid":{"rendered":"https:\/\/suquir.com.ve\/?post_type=product&#038;p=3411"},"modified":"2018-08-31T11:06:04","modified_gmt":"2018-08-31T11:06:04","slug":"equipo-de-rayos-x-portatil-plx101d","status":"publish","type":"product","link":"https:\/\/suquir.com.ve\/en\/product\/equipo-de-rayos-x-portatil-plx101d\/","title":{"rendered":"Equipo de Rayos X Port\u00e1til PLX101D"},"content":{"rendered":"","protected":false},"excerpt":{"rendered":"<p><strong>Modelo:<\/strong> PLX101D<br \/>\n<strong>Marca:<\/strong> Nantong<\/p>\n<p>El equipos de Alta Frecuencia de Rayos X PLX101D es una maquina de rayos x m\u00f3vil, la<br \/>\nmaquina de rayos x es de alta frecuencia con 100 mA y el poder suministrado por la<br \/>\nbater\u00eda recargable para la aplicaci\u00f3n al aire libre especialmente para el campo del hospital.<br \/>\nEsta especialmente dise\u00f1ado para realizar fotograf\u00edas sin fuente de alimentaci\u00f3n, como el<br \/>\nambiente especial al aire libre y los incidentes emergentes.<br \/>\nEspecificaciones<br \/>\n\uf0b7 Potencia de salida: 5.0W<br \/>\n\uf0b7 Frecuencia del inversor: 50 kHz<br \/>\n\uf0b7 \u00c1nodo fijo enfoque: 1.5 (tubo de rayos x para alta frecuencia)<br \/>\n\uf0b7 Fuente de alimentaci\u00f3n: (110\/220V-50\/60Hz)<br \/>\n\uf0b7 Dimensiones: 135cm*64cm*160cm<br \/>\n\uf0b7 Peso: 270 Kg<\/p>\n<h3>\nCaracter\u00edsticas<\/h3>\n<p>\uf0b7 Posee t\u00e9cnicas de control de bucle cerrado anal\u00f3gico kV, control de bucle cerrado<br \/>\nmas digital y control de tiempo real de micro procesamiento para garantizar la<br \/>\nprecisi\u00f3n y repetitividad de la dosis<br \/>\n\uf0b7 Maquina de rayos X m\u00f3vil con Kv, mas dos botones de ajuste, pantalla LCD,<br \/>\nmultifunci\u00f3n de protecci\u00f3n de seguridad.<br \/>\n\uf0b7 Cuenta con 50 programas de exposici\u00f3n predefinidos y puede ser modificado y<br \/>\nalmacenado por el usuario para una operaci\u00f3n conveniente.<br \/>\n\uf0b7 El sistema del equipo puede mantener par\u00e1metros autom\u00e1ticos, en caso de ser<br \/>\npara datos.<br \/>\n\uf0b7 Cuenta con un dispositivo de limitaci\u00f3n de haz giratorio para ajustar el campo de<br \/>\nrayos x y el Angulo, para garantizar los resultados precisi\u00f3n de la radiograf\u00eda.<\/p>","protected":false},"featured_media":3410,"comment_status":"closed","ping_status":"closed","template":"","meta":[],"product_brand":[],"product_cat":[100,110],"product_tag":[],"class_list":{"0":"post-3411","1":"product","2":"type-product","3":"status-publish","4":"has-post-thumbnail","6":"product_cat-equipos-medicos","7":"product_cat-radiologia","9":"first","10":"instock","11":"shipping-taxable","12":"purchasable","13":"product-type-simple"},"_links":{"self":[{"href":"https:\/\/suquir.com.ve\/en\/wp-json\/wp\/v2\/product\/3411","targetHints":{"allow":["GET"]}}],"collection":[{"href":"https:\/\/suquir.com.ve\/en\/wp-json\/wp\/v2\/product"}],"about":[{"href":"https:\/\/suquir.com.ve\/en\/wp-json\/wp\/v2\/types\/product"}],"replies":[{"embeddable":true,"href":"https:\/\/suquir.com.ve\/en\/wp-json\/wp\/v2\/comments?post=3411"}],"wp:featuredmedia":[{"embeddable":true,"href":"https:\/\/suquir.com.ve\/en\/wp-json\/wp\/v2\/media\/3410"}],"wp:attachment":[{"href":"https:\/\/suquir.com.ve\/en\/wp-json\/wp\/v2\/media?parent=3411"}],"wp:term":[{"taxonomy":"product_brand","embeddable":true,"href":"https:\/\/suquir.com.ve\/en\/wp-json\/wp\/v2\/product_brand?post=3411"},{"taxonomy":"product_cat","embeddable":true,"href":"https:\/\/suquir.com.ve\/en\/wp-json\/wp\/v2\/product_cat?post=3411"},{"taxonomy":"product_tag","embeddable":true,"href":"https:\/\/suquir.com.ve\/en\/wp-json\/wp\/v2\/product_tag?post=3411"}],"curies":[{"name":"wp","href":"https:\/\/api.w.org\/{rel}","templated":true}]}}