{"id":3420,"date":"2018-08-31T11:58:40","date_gmt":"2018-08-31T11:58:40","guid":{"rendered":"https:\/\/suquir.com.ve\/?post_type=product&#038;p=3420"},"modified":"2018-09-05T16:38:37","modified_gmt":"2018-09-05T16:38:37","slug":"monitor-de-pacientes-pm-2000a-pro","status":"publish","type":"product","link":"https:\/\/suquir.com.ve\/en\/product\/monitor-de-pacientes-pm-2000a-pro\/","title":{"rendered":"Monitor de Pacientes PM-2000A Pro"},"content":{"rendered":"","protected":false},"excerpt":{"rendered":"<p><strong>Marca:<\/strong> Advanced<\/p>\n<p>&nbsp;<\/p>\n<p><strong>Modelo:\u00a0<\/strong>PM-2000A Pro<\/p>\n<h3><\/h3>\n<h3>Caracter\u00edsticas<\/h3>\n<p>Pantalla LCD TFT a color de alta resoluci\u00f3n<br \/>\nDetecci\u00f3n de marcapasos<br \/>\nDesfibrilaci\u00f3n \/ protecci\u00f3n electroquir\u00fargica y sincronizaci\u00f3n<br \/>\nProtecci\u00f3n contra interferencias<br \/>\nInformaci\u00f3n extendida de tendencia de divulgaci\u00f3n completa<br \/>\nFunci\u00f3n de congelaci\u00f3n \/ descongelaci\u00f3n de pantalla<br \/>\nPar\u00e1metros configurables, opciones y funciones<br \/>\nECG (3\/5 derivaciones) con forma de onda y frecuencia card\u00edaca (HR)<br \/>\nAn\u00e1lisis de arritmias y an\u00e1lisis del segmento ST<br \/>\nTasa de respiraci\u00f3n (RR) con forma de onda<br \/>\nSpO2 y frecuencia de pulso (PR) y forma de onda pletismogr\u00e1fica<br \/>\nPNI: SIS, DIA, MAP, frecuencia de pulso y dos temp. canales<br \/>\nOpcional: canales 2-IBP y Modulo lateral Tidal CO2<br \/>\nComunicaci\u00f3n bidireccional (CMS-2000)<br \/>\nPantalla de visualizaci\u00f3n opcional de cama a cama<br \/>\nTabla de c\u00e1lculo y titulaci\u00f3n de medicamentos<br \/>\nPuerto USB y puerto Ethernet RJ-45<br \/>\nConstruido en bater\u00eda recargable<br \/>\nAlarmas audibles y visuales<br \/>\nSistema de prioridad de alarma<br \/>\nM\u00faltiples opciones de impresi\u00f3n\/Informes Tabla de c\u00e1lculo y titulaci\u00f3n de medicamentos<br \/>\nPuertos USB y serie, salidas VGA y anal\u00f3gicas y RJ-45<br \/>\nConstruido en bater\u00eda recargable<\/p>","protected":false},"featured_media":3421,"comment_status":"closed","ping_status":"closed","template":"","meta":[],"product_brand":[],"product_cat":[100,106],"product_tag":[],"class_list":{"0":"post-3420","1":"product","2":"type-product","3":"status-publish","4":"has-post-thumbnail","6":"product_cat-equipos-medicos","7":"product_cat-monitoreo-de-pacientes","9":"first","10":"instock","11":"shipping-taxable","12":"purchasable","13":"product-type-simple"},"_links":{"self":[{"href":"https:\/\/suquir.com.ve\/en\/wp-json\/wp\/v2\/product\/3420","targetHints":{"allow":["GET"]}}],"collection":[{"href":"https:\/\/suquir.com.ve\/en\/wp-json\/wp\/v2\/product"}],"about":[{"href":"https:\/\/suquir.com.ve\/en\/wp-json\/wp\/v2\/types\/product"}],"replies":[{"embeddable":true,"href":"https:\/\/suquir.com.ve\/en\/wp-json\/wp\/v2\/comments?post=3420"}],"wp:featuredmedia":[{"embeddable":true,"href":"https:\/\/suquir.com.ve\/en\/wp-json\/wp\/v2\/media\/3421"}],"wp:attachment":[{"href":"https:\/\/suquir.com.ve\/en\/wp-json\/wp\/v2\/media?parent=3420"}],"wp:term":[{"taxonomy":"product_brand","embeddable":true,"href":"https:\/\/suquir.com.ve\/en\/wp-json\/wp\/v2\/product_brand?post=3420"},{"taxonomy":"product_cat","embeddable":true,"href":"https:\/\/suquir.com.ve\/en\/wp-json\/wp\/v2\/product_cat?post=3420"},{"taxonomy":"product_tag","embeddable":true,"href":"https:\/\/suquir.com.ve\/en\/wp-json\/wp\/v2\/product_tag?post=3420"}],"curies":[{"name":"wp","href":"https:\/\/api.w.org\/{rel}","templated":true}]}}