{"id":3426,"date":"2018-08-31T12:31:40","date_gmt":"2018-08-31T12:31:40","guid":{"rendered":"https:\/\/suquir.com.ve\/?post_type=product&#038;p=3426"},"modified":"2025-05-14T18:14:11","modified_gmt":"2025-05-14T18:14:11","slug":"ventilador-portatil-pa-100d","status":"publish","type":"product","link":"https:\/\/suquir.com.ve\/en\/product\/ventilador-portatil-pa-100d\/","title":{"rendered":"Ventilador Port\u00e1til PA-100D"},"content":{"rendered":"","protected":false},"excerpt":{"rendered":"<p><strong>Marca:\u00a0 <\/strong>Perlong<\/p>\n<p>&nbsp;<\/p>\n<p><strong>MODELO:<\/strong> PA-100D<\/p>\n<p>&nbsp;<\/p>\n<p>Tambi\u00e9n conocido como ventilador de transporte o ventilador port\u00e1til de emergencia, es un dispositivo m\u00e9dico dise\u00f1ado para proporcionar soporte respiratorio a pacientes que requieren asistencia ventilatoria durante el transporte o en situaciones de emergencia.<\/p>\n<p>&nbsp;<\/p>\n<p><strong>Especificaciones<\/strong><br \/>\n\u2022 Modos: CMV, A\/C, SIMV, CPAP.<br \/>\n\u2022 Volumen de la corriente: 50~2000mL.<br \/>\n\u2022 Flujo respiratorio: 1~100bpm.<br \/>\n\u2022 FiO2: 40%~100%.<br \/>\n\u2022 Gatillo: -20~19hPa.<br \/>\n\u2022 Pico de Presi\u00f3n: 0~60 hPa.<br \/>\n\u2022 Volumen de minuto M\u00e1x: \u226522L\/min.<br \/>\n\u2022 PEEP: 0, 5~20hpa Ajustable..<br \/>\n\u2022 PIP: 0~60hPa.<br \/>\n\u2022 Alivio de sobrepresi\u00f3n: \u2264 72hPa.<br \/>\n\u2022 Suspiro: 0~10 por 100 respiro<br \/>\n\u2022 Dimensi\u00f3n del paquete: 530*530*280mm.<br \/>\n\u2022 Peso: 13Kg (Incluyendo todos los accesorios).<\/p>\n<p>&nbsp;<\/p>\n<p><strong>Monitores:<\/strong><br \/>\n&#8211; Volumen de corriente.<br \/>\n&#8211; Concentraci\u00f3n de ox\u00edgeno.<br \/>\n&#8211; Frecuencia respiratoria del suspiro.<br \/>\n&#8211; Dispare la presi\u00f3n de CPAP.<br \/>\n&#8211; Pico Presi\u00f3n de la v\u00eda a\u00e9rea.<br \/>\n&#8211; Tiempo Presi\u00f3n.<br \/>\n&#8211; Forma de onda.<\/p>\n<p>&nbsp;<\/p>\n<p><strong>Alarmas:<\/strong><br \/>\n&#8211; Alta presi\u00f3n de la v\u00eda a\u00e9rea.<br \/>\n&#8211; Baja presi\u00f3n de las v\u00edas respiratorias.<br \/>\n&#8211; Bater\u00eda baja Fuente.<br \/>\n&#8211; Baja de ox\u00edgeno.<\/p>\n<p>&nbsp;<\/p>\n<p>&nbsp;<\/p>","protected":false},"featured_media":3428,"comment_status":"closed","ping_status":"closed","template":"","meta":[],"product_brand":[133],"product_cat":[103,100],"product_tag":[],"class_list":{"0":"post-3426","1":"product","2":"type-product","3":"status-publish","4":"has-post-thumbnail","6":"product_brand-perlong-medical","7":"product_cat-anestesia-y-ventilacion","8":"product_cat-equipos-medicos","10":"first","11":"instock","12":"shipping-taxable","13":"purchasable","14":"product-type-simple"},"_links":{"self":[{"href":"https:\/\/suquir.com.ve\/en\/wp-json\/wp\/v2\/product\/3426","targetHints":{"allow":["GET"]}}],"collection":[{"href":"https:\/\/suquir.com.ve\/en\/wp-json\/wp\/v2\/product"}],"about":[{"href":"https:\/\/suquir.com.ve\/en\/wp-json\/wp\/v2\/types\/product"}],"replies":[{"embeddable":true,"href":"https:\/\/suquir.com.ve\/en\/wp-json\/wp\/v2\/comments?post=3426"}],"wp:featuredmedia":[{"embeddable":true,"href":"https:\/\/suquir.com.ve\/en\/wp-json\/wp\/v2\/media\/3428"}],"wp:attachment":[{"href":"https:\/\/suquir.com.ve\/en\/wp-json\/wp\/v2\/media?parent=3426"}],"wp:term":[{"taxonomy":"product_brand","embeddable":true,"href":"https:\/\/suquir.com.ve\/en\/wp-json\/wp\/v2\/product_brand?post=3426"},{"taxonomy":"product_cat","embeddable":true,"href":"https:\/\/suquir.com.ve\/en\/wp-json\/wp\/v2\/product_cat?post=3426"},{"taxonomy":"product_tag","embeddable":true,"href":"https:\/\/suquir.com.ve\/en\/wp-json\/wp\/v2\/product_tag?post=3426"}],"curies":[{"name":"wp","href":"https:\/\/api.w.org\/{rel}","templated":true}]}}