{"id":3432,"date":"2018-08-31T12:34:48","date_gmt":"2018-08-31T12:34:48","guid":{"rendered":"https:\/\/suquir.com.ve\/?post_type=product&#038;p=3432"},"modified":"2018-09-04T19:51:12","modified_gmt":"2018-09-04T19:51:12","slug":"ventilador-mecanico-bs-s1100","status":"publish","type":"product","link":"https:\/\/suquir.com.ve\/en\/product\/ventilador-mecanico-bs-s1100\/","title":{"rendered":"Ventilador Mec\u00e1nico BS-S1100"},"content":{"rendered":"","protected":false},"excerpt":{"rendered":"<p><strong>Modelo:<\/strong> BS-S1100<\/p>\n<h3>Caracter\u00edsticas:<\/h3>\n<p>Ventilaci\u00f3n centrada en el paciente: precisi\u00f3n en un ventilador de anestesia, desde<br \/>\nla ventilaci\u00f3n convencional hasta los modos avanzados, incluidos 8 modos: IPPV;<br \/>\nA\/C; PCV; SIMV; SPONT\/CPAP; PSV; suspiro; MANU.<br \/>\n12,1 &amp;quot;pantalla LCD TFT muestra los par\u00e1metros de ventilaci\u00f3n, informaci\u00f3n<br \/>\nalarmante y forma de onda.<br \/>\nVaporizador con temperatura, compensaci\u00f3n de caudal y funci\u00f3n de auto-bloqueo,<br \/>\nmantener la seguridad en cualquier momento.<br \/>\nInterfaz de monitoreo de m\u00faltiples par\u00e1metros, hacer todos los par\u00e1metros claros,<br \/>\nque los usuarios sepan las condiciones del paciente en todos los aspectos;<br \/>\nFunci\u00f3n de detecci\u00f3n de concentraci\u00f3n de ox\u00edgeno en tiempo Real<br \/>\nCompresor de aire de ruido estable y bajo, crear un ambiente de trabajo tranquilo<br \/>\npara los m\u00e9dicos.<\/p>\n<p><strong>Especificaciones T\u00e9cnicas<\/strong><br \/>\nMODOS: IPPV, A\/C, PCV, SIMV, SPONT\/CPAP, PSV, SIGH, MANU<br \/>\nRango de par\u00e1metros Ventilatorios<br \/>\nVolumen Tidal: 0-2000ml<br \/>\nFrecuencia: 1bpm-100bpm<br \/>\nConcentraci\u00f3n de Oxigeno: 21%-100%<br \/>\nI\/E:2:1-1:8<br \/>\nPEEP: 0cmH2O-40cmH2O<br \/>\nLimite de presi\u00f3n: 20cmH2O-100cmH2O<br \/>\nSensibilidad de presi\u00f3n en el Trigger basado en el PEEP: -20cmH2O-0cmH2O<br \/>\nSensibilidad de flujo en el trigger: 0.5cmH2O-30cmH2O<br \/>\nSIGH: 0 off 1\/100-5\/100<br \/>\nApnea: OFF, 5s-60s<\/p>\n<p>Par\u00e1metros Monitoreados<br \/>\nFrecuencia: 0\/min-100\/min<\/p>\n<p>Volumen tidal: 0 mL &#8211; 2500 mL<br \/>\nMV: 0 L\/min- 99 L\/min<br \/>\nPresi\u00f3n de aire: 0cmH2O-100cmH2O<br \/>\nConcentraci\u00f3n de Oxigeno: 15%-100%<\/p>","protected":false},"featured_media":3427,"comment_status":"closed","ping_status":"closed","template":"","meta":[],"product_brand":[],"product_cat":[103,100],"product_tag":[],"class_list":{"0":"post-3432","1":"product","2":"type-product","3":"status-publish","4":"has-post-thumbnail","6":"product_cat-anestesia-y-ventilacion","7":"product_cat-equipos-medicos","9":"first","10":"instock","11":"shipping-taxable","12":"purchasable","13":"product-type-simple"},"_links":{"self":[{"href":"https:\/\/suquir.com.ve\/en\/wp-json\/wp\/v2\/product\/3432","targetHints":{"allow":["GET"]}}],"collection":[{"href":"https:\/\/suquir.com.ve\/en\/wp-json\/wp\/v2\/product"}],"about":[{"href":"https:\/\/suquir.com.ve\/en\/wp-json\/wp\/v2\/types\/product"}],"replies":[{"embeddable":true,"href":"https:\/\/suquir.com.ve\/en\/wp-json\/wp\/v2\/comments?post=3432"}],"wp:featuredmedia":[{"embeddable":true,"href":"https:\/\/suquir.com.ve\/en\/wp-json\/wp\/v2\/media\/3427"}],"wp:attachment":[{"href":"https:\/\/suquir.com.ve\/en\/wp-json\/wp\/v2\/media?parent=3432"}],"wp:term":[{"taxonomy":"product_brand","embeddable":true,"href":"https:\/\/suquir.com.ve\/en\/wp-json\/wp\/v2\/product_brand?post=3432"},{"taxonomy":"product_cat","embeddable":true,"href":"https:\/\/suquir.com.ve\/en\/wp-json\/wp\/v2\/product_cat?post=3432"},{"taxonomy":"product_tag","embeddable":true,"href":"https:\/\/suquir.com.ve\/en\/wp-json\/wp\/v2\/product_tag?post=3432"}],"curies":[{"name":"wp","href":"https:\/\/api.w.org\/{rel}","templated":true}]}}