{"id":3435,"date":"2018-08-31T12:41:29","date_gmt":"2018-08-31T12:41:29","guid":{"rendered":"https:\/\/suquir.com.ve\/?post_type=product&#038;p=3435"},"modified":"2018-09-04T21:36:46","modified_gmt":"2018-09-04T21:36:46","slug":"ventilador-pa-900b","status":"publish","type":"product","link":"https:\/\/suquir.com.ve\/en\/product\/ventilador-pa-900b\/","title":{"rendered":"Ventilador PA-900B"},"content":{"rendered":"","protected":false},"excerpt":{"rendered":"<p><strong>Marca:<\/strong> Perlong<\/p>\n<p><strong>Modelo:<\/strong> PA-900B<\/p>\n<p>&nbsp;<\/p>\n<p>El ventilador PA-900B cuenta con un mecanismo impulsado por gas, controlado<br \/>\nel\u00e9ctricamente y multifuncional, que incorpora interruptores de tiempo y capacidad y<br \/>\nrestricciones de presi\u00f3n.<\/p>\n<p><strong>Modo de respiraci\u00f3n:<\/strong> IPPV, SIPPV, IMV, SIMV, PEEP, PCV, VCV, SPONT, MANU.<\/p>\n<p>&nbsp;<\/p>\n<p><strong>Especificaciones:<\/strong><br \/>\nVolumen de marea: Ajuste 0 ~ 1500 ml<br \/>\nCapacidad de ventilaci\u00f3n: por minuto<br \/>\nConcentraci\u00f3n de ox\u00edgeno: 21% ~ 100%<br \/>\nAjuste del ventilador: \u226430ml\/kPa<br \/>\nTasa respiratoria: 1 ~ 100\/m<br \/>\nE: 4:1, 3:1, 2:1, 1:1, 1:1. 5, 1:2. 0, 1:2. 5, 1:3, 1:4;<br \/>\nPresi\u00f3n m\u00e1xima segura: \u22646. 0kpa<br \/>\n(PTR) Rango:-0.8 ~ 0.9kpa<br \/>\nTiempo de transferencia desde controlado a la respiraci\u00f3n auxiliar 6 S<br \/>\nAjuste del caudal de aire: 12 veces 1 ~\/m<br \/>\nPeep: 0.1 ~ 1.0kpa<br \/>\nVolumen de suspiro: 150% del volumen de la marea<br \/>\nConsumo de ox\u00edgeno: \u22641. 5mpa cambio de presi\u00f3n despu\u00e9s de 1 hora de operaci\u00f3n<br \/>\nde cilindro de ox\u00edgeno de 12250kpa\/40l.<br \/>\nOpci\u00f3n: compresor de aire<\/p>","protected":false},"featured_media":3430,"comment_status":"closed","ping_status":"closed","template":"","meta":[],"product_brand":[],"product_cat":[103,100],"product_tag":[],"class_list":{"0":"post-3435","1":"product","2":"type-product","3":"status-publish","4":"has-post-thumbnail","6":"product_cat-anestesia-y-ventilacion","7":"product_cat-equipos-medicos","9":"first","10":"instock","11":"shipping-taxable","12":"purchasable","13":"product-type-simple"},"_links":{"self":[{"href":"https:\/\/suquir.com.ve\/en\/wp-json\/wp\/v2\/product\/3435","targetHints":{"allow":["GET"]}}],"collection":[{"href":"https:\/\/suquir.com.ve\/en\/wp-json\/wp\/v2\/product"}],"about":[{"href":"https:\/\/suquir.com.ve\/en\/wp-json\/wp\/v2\/types\/product"}],"replies":[{"embeddable":true,"href":"https:\/\/suquir.com.ve\/en\/wp-json\/wp\/v2\/comments?post=3435"}],"wp:featuredmedia":[{"embeddable":true,"href":"https:\/\/suquir.com.ve\/en\/wp-json\/wp\/v2\/media\/3430"}],"wp:attachment":[{"href":"https:\/\/suquir.com.ve\/en\/wp-json\/wp\/v2\/media?parent=3435"}],"wp:term":[{"taxonomy":"product_brand","embeddable":true,"href":"https:\/\/suquir.com.ve\/en\/wp-json\/wp\/v2\/product_brand?post=3435"},{"taxonomy":"product_cat","embeddable":true,"href":"https:\/\/suquir.com.ve\/en\/wp-json\/wp\/v2\/product_cat?post=3435"},{"taxonomy":"product_tag","embeddable":true,"href":"https:\/\/suquir.com.ve\/en\/wp-json\/wp\/v2\/product_tag?post=3435"}],"curies":[{"name":"wp","href":"https:\/\/api.w.org\/{rel}","templated":true}]}}