{"id":3462,"date":"2018-09-25T15:36:59","date_gmt":"2018-09-25T15:36:59","guid":{"rendered":"https:\/\/suquir.com.ve\/?post_type=product&#038;p=3462"},"modified":"2018-09-25T15:36:59","modified_gmt":"2018-09-25T15:36:59","slug":"mesa-ginecologica-manual-a045-7","status":"publish","type":"product","link":"https:\/\/suquir.com.ve\/en\/product\/mesa-ginecologica-manual-a045-7\/","title":{"rendered":"Mesa Ginecol\u00f3gica Manual A045-7"},"content":{"rendered":"<p>&nbsp;<\/p>\n<p>&nbsp;<\/p>","protected":false},"excerpt":{"rendered":"<p><strong>Marca: Nantong<\/strong><\/p>\n<p><strong>Modelo: A045-7<\/strong><\/p>\n<p>&nbsp;<\/p>\n<p>Descripci\u00f3n: Mesa dise\u00f1ada para satisfacer las demandas de las operaciones generales de obstetricia y ginecolog\u00eda. Esta es utilizada por los profesionales de ginecolog\u00eda para los partos u otras intervenciones quir\u00fargicas.<\/p>\n<p>&nbsp;<\/p>\n<p><strong>Especificaciones: <\/strong><\/p>\n<p>Contiene un marco de acero inoxidable<\/p>\n<p>Dimensiones:\u00a0 1800x500x800 mm<\/p>\n<p>Junta trasera: 55 grados<\/p>\n<p>Tabla de la pierna de abajo: 85 grados<\/p>\n<p>&nbsp;<\/p>\n<p><strong>Accesorios:<\/strong><\/p>\n<p>1 Cuenca de acero inoxidable<\/p>\n<p>2 soportes de piernas<\/p>","protected":false},"featured_media":3463,"comment_status":"closed","ping_status":"closed","template":"","meta":[],"product_brand":[],"product_cat":[124,121],"product_tag":[],"class_list":{"0":"post-3462","1":"product","2":"type-product","3":"status-publish","4":"has-post-thumbnail","6":"product_cat-cirugia-mobiliario-clinico","7":"product_cat-mobiliario-clinico","9":"first","10":"instock","11":"shipping-taxable","12":"purchasable","13":"product-type-simple"},"_links":{"self":[{"href":"https:\/\/suquir.com.ve\/en\/wp-json\/wp\/v2\/product\/3462","targetHints":{"allow":["GET"]}}],"collection":[{"href":"https:\/\/suquir.com.ve\/en\/wp-json\/wp\/v2\/product"}],"about":[{"href":"https:\/\/suquir.com.ve\/en\/wp-json\/wp\/v2\/types\/product"}],"replies":[{"embeddable":true,"href":"https:\/\/suquir.com.ve\/en\/wp-json\/wp\/v2\/comments?post=3462"}],"wp:featuredmedia":[{"embeddable":true,"href":"https:\/\/suquir.com.ve\/en\/wp-json\/wp\/v2\/media\/3463"}],"wp:attachment":[{"href":"https:\/\/suquir.com.ve\/en\/wp-json\/wp\/v2\/media?parent=3462"}],"wp:term":[{"taxonomy":"product_brand","embeddable":true,"href":"https:\/\/suquir.com.ve\/en\/wp-json\/wp\/v2\/product_brand?post=3462"},{"taxonomy":"product_cat","embeddable":true,"href":"https:\/\/suquir.com.ve\/en\/wp-json\/wp\/v2\/product_cat?post=3462"},{"taxonomy":"product_tag","embeddable":true,"href":"https:\/\/suquir.com.ve\/en\/wp-json\/wp\/v2\/product_tag?post=3462"}],"curies":[{"name":"wp","href":"https:\/\/api.w.org\/{rel}","templated":true}]}}