{"id":3464,"date":"2018-09-26T18:05:39","date_gmt":"2018-09-26T18:05:39","guid":{"rendered":"https:\/\/suquir.com.ve\/?post_type=product&#038;p=3464"},"modified":"2018-09-26T18:05:39","modified_gmt":"2018-09-26T18:05:39","slug":"malla-de-polipropileno","status":"publish","type":"product","link":"https:\/\/suquir.com.ve\/en\/product\/malla-de-polipropileno\/","title":{"rendered":"Malla de Polipropileno"},"content":{"rendered":"","protected":false},"excerpt":{"rendered":"<p><strong>Marca:<\/strong> Demetech<\/p>\n<p>&nbsp;<\/p>\n<p><strong>Descripci\u00f3n<\/strong>:\u00a0Malla quir\u00fargica sint\u00e9tica, no reabsorbible, tiene como ventaja una alta fuerza de tensi\u00f3n y una m\u00ednima reacci\u00f3n tisular adem\u00e1s de permitir un f\u00e1cil retiro; tiene una capacidad de permanecer suave y flexible por lo que la cicatrizaci\u00f3n normal no se ve afectada.<\/p>\n<p>&nbsp;<\/p>\n<p><strong>Especificacione<\/strong>s<\/p>\n<p>&nbsp;<\/p>\n<p>Disponible en un tama\u00f1o de 30cm x 30cm (12\u201dx12\u201d)<\/p>\n<p>Producto esterilizado por \u00d3xido de Etileno<\/p>","protected":false},"featured_media":3465,"comment_status":"closed","ping_status":"closed","template":"","meta":[],"product_brand":[],"product_cat":[117,113],"product_tag":[],"class_list":{"0":"post-3464","1":"product","2":"type-product","3":"status-publish","4":"has-post-thumbnail","6":"product_cat-descartables","7":"product_cat-material-medico-quirurgico","9":"first","10":"instock","11":"shipping-taxable","12":"purchasable","13":"product-type-simple"},"_links":{"self":[{"href":"https:\/\/suquir.com.ve\/en\/wp-json\/wp\/v2\/product\/3464","targetHints":{"allow":["GET"]}}],"collection":[{"href":"https:\/\/suquir.com.ve\/en\/wp-json\/wp\/v2\/product"}],"about":[{"href":"https:\/\/suquir.com.ve\/en\/wp-json\/wp\/v2\/types\/product"}],"replies":[{"embeddable":true,"href":"https:\/\/suquir.com.ve\/en\/wp-json\/wp\/v2\/comments?post=3464"}],"wp:featuredmedia":[{"embeddable":true,"href":"https:\/\/suquir.com.ve\/en\/wp-json\/wp\/v2\/media\/3465"}],"wp:attachment":[{"href":"https:\/\/suquir.com.ve\/en\/wp-json\/wp\/v2\/media?parent=3464"}],"wp:term":[{"taxonomy":"product_brand","embeddable":true,"href":"https:\/\/suquir.com.ve\/en\/wp-json\/wp\/v2\/product_brand?post=3464"},{"taxonomy":"product_cat","embeddable":true,"href":"https:\/\/suquir.com.ve\/en\/wp-json\/wp\/v2\/product_cat?post=3464"},{"taxonomy":"product_tag","embeddable":true,"href":"https:\/\/suquir.com.ve\/en\/wp-json\/wp\/v2\/product_tag?post=3464"}],"curies":[{"name":"wp","href":"https:\/\/api.w.org\/{rel}","templated":true}]}}