{"id":3468,"date":"2018-09-27T19:54:06","date_gmt":"2018-09-27T19:54:06","guid":{"rendered":"https:\/\/suquir.com.ve\/?post_type=product&#038;p=3468"},"modified":"2018-09-27T19:54:06","modified_gmt":"2018-09-27T19:54:06","slug":"dosimetro-fj-2000","status":"publish","type":"product","link":"https:\/\/suquir.com.ve\/en\/product\/dosimetro-fj-2000\/","title":{"rendered":"Dos\u00edmetro FJ-2000"},"content":{"rendered":"","protected":false},"excerpt":{"rendered":"<p><strong>MARCA: PERLONG<\/strong><\/p>\n<p><strong>Modelo: FJ-2000<\/strong><\/p>\n<p>&nbsp;<\/p>\n<p>Instrumento de bolsillo, que se utiliza principalmente para medir Rayos x y Gamma, el muestra directamente la dosis personal y la tasa de dosis. En el timbre de la medida, el valor umbral de advertencia se puede fijar o preestablecer, por encima del valor de umbral o siendo bloqueado.<\/p>\n<p>Este instrumento cumple con est\u00e1ndares internacionales, es ampliamente aplicable a la industria.<\/p>\n<p>&nbsp;<\/p>\n<p><strong>Especificaciones T\u00e9cnicas:<\/strong><\/p>\n<p>&nbsp;<\/p>\n<p>Sonda de par\u00e1metro t\u00e9cnico: tubo contador GM (compensaci\u00f3n de longitud)<\/p>\n<p>Error relativo: &lt;\u00b1 20% (137Cs)<\/p>\n<p>Funci\u00f3n de advertencia: este instrumento ha fijado el valor umbral de alarma<\/p>\n<p>Fuente de alimentaci\u00f3n: AAA 1,5 V bater\u00eda alcalina 2<\/p>\n<p>Bajo este entorno, consumo de energ\u00eda &lt;2 MW<\/p>\n<p>Continuar usando 72 horas<\/p>\n<p>Dimensi\u00f3n del esquema: 55 (ancho) \u00d792 (longitud)<\/p>","protected":false},"featured_media":3469,"comment_status":"closed","ping_status":"closed","template":"","meta":[],"product_brand":[],"product_cat":[100,110],"product_tag":[],"class_list":{"0":"post-3468","1":"product","2":"type-product","3":"status-publish","4":"has-post-thumbnail","6":"product_cat-equipos-medicos","7":"product_cat-radiologia","9":"first","10":"instock","11":"shipping-taxable","12":"purchasable","13":"product-type-simple"},"_links":{"self":[{"href":"https:\/\/suquir.com.ve\/en\/wp-json\/wp\/v2\/product\/3468","targetHints":{"allow":["GET"]}}],"collection":[{"href":"https:\/\/suquir.com.ve\/en\/wp-json\/wp\/v2\/product"}],"about":[{"href":"https:\/\/suquir.com.ve\/en\/wp-json\/wp\/v2\/types\/product"}],"replies":[{"embeddable":true,"href":"https:\/\/suquir.com.ve\/en\/wp-json\/wp\/v2\/comments?post=3468"}],"wp:featuredmedia":[{"embeddable":true,"href":"https:\/\/suquir.com.ve\/en\/wp-json\/wp\/v2\/media\/3469"}],"wp:attachment":[{"href":"https:\/\/suquir.com.ve\/en\/wp-json\/wp\/v2\/media?parent=3468"}],"wp:term":[{"taxonomy":"product_brand","embeddable":true,"href":"https:\/\/suquir.com.ve\/en\/wp-json\/wp\/v2\/product_brand?post=3468"},{"taxonomy":"product_cat","embeddable":true,"href":"https:\/\/suquir.com.ve\/en\/wp-json\/wp\/v2\/product_cat?post=3468"},{"taxonomy":"product_tag","embeddable":true,"href":"https:\/\/suquir.com.ve\/en\/wp-json\/wp\/v2\/product_tag?post=3468"}],"curies":[{"name":"wp","href":"https:\/\/api.w.org\/{rel}","templated":true}]}}