{"id":4083,"date":"2025-06-11T19:27:53","date_gmt":"2025-06-11T19:27:53","guid":{"rendered":"https:\/\/suquir.com.ve\/producto\/ventilador-mecanico-v-1000\/"},"modified":"2025-07-19T00:45:51","modified_gmt":"2025-07-19T00:45:51","slug":"ventilador-mecanico-v-1000","status":"publish","type":"product","link":"https:\/\/suquir.com.ve\/en\/product\/ventilador-mecanico-v-1000\/","title":{"rendered":"VENTILADOR MEC\u00c1NICO V-1000"},"content":{"rendered":"","protected":false},"excerpt":{"rendered":"<p>Marca: Advanced<br \/>\nModelo: V-1000<\/p>\n<p>El ventilador mec\u00e1nico V-1000 es un equipo m\u00e9dico vers\u00e1til<br \/>\npara soporte respiratorio, adaptado para pacientes de todas<br \/>\nlas edades.<\/p>\n<p>Cuenta con tecnolog\u00eda avanzada, como pantalla t\u00e1ctil y modos<br \/>\nde ventilaci\u00f3n adaptativos, para una ventilaci\u00f3n precisa.<br \/>\nPosee sistemas de seguridad y monitorizaci\u00f3n de la mec\u00e1nica pulmonar, y algunos modelos ofrecen portabilidad con bater\u00eda integrada.<\/p>\n<p>Sus modos de ventilaci\u00f3n incluyen PRVC, SIMV y otros, variando seg\u00fan el modelo.<\/p>","protected":false},"featured_media":4082,"comment_status":"open","ping_status":"closed","template":"","meta":[],"product_brand":[],"product_cat":[103,100],"product_tag":[136],"class_list":{"0":"post-4083","1":"product","2":"type-product","3":"status-publish","4":"has-post-thumbnail","6":"product_cat-anestesia-y-ventilacion","7":"product_cat-equipos-medicos","8":"product_tag-advanced","10":"first","11":"instock","12":"shipping-taxable","13":"purchasable","14":"product-type-simple"},"_links":{"self":[{"href":"https:\/\/suquir.com.ve\/en\/wp-json\/wp\/v2\/product\/4083","targetHints":{"allow":["GET"]}}],"collection":[{"href":"https:\/\/suquir.com.ve\/en\/wp-json\/wp\/v2\/product"}],"about":[{"href":"https:\/\/suquir.com.ve\/en\/wp-json\/wp\/v2\/types\/product"}],"replies":[{"embeddable":true,"href":"https:\/\/suquir.com.ve\/en\/wp-json\/wp\/v2\/comments?post=4083"}],"wp:featuredmedia":[{"embeddable":true,"href":"https:\/\/suquir.com.ve\/en\/wp-json\/wp\/v2\/media\/4082"}],"wp:attachment":[{"href":"https:\/\/suquir.com.ve\/en\/wp-json\/wp\/v2\/media?parent=4083"}],"wp:term":[{"taxonomy":"product_brand","embeddable":true,"href":"https:\/\/suquir.com.ve\/en\/wp-json\/wp\/v2\/product_brand?post=4083"},{"taxonomy":"product_cat","embeddable":true,"href":"https:\/\/suquir.com.ve\/en\/wp-json\/wp\/v2\/product_cat?post=4083"},{"taxonomy":"product_tag","embeddable":true,"href":"https:\/\/suquir.com.ve\/en\/wp-json\/wp\/v2\/product_tag?post=4083"}],"curies":[{"name":"wp","href":"https:\/\/api.w.org\/{rel}","templated":true}]}}