{"id":4087,"date":"2025-06-11T19:31:23","date_gmt":"2025-06-11T19:31:23","guid":{"rendered":"https:\/\/suquir.com.ve\/producto\/monitor-modular-con-co2-pm-200m\/"},"modified":"2025-07-19T01:48:48","modified_gmt":"2025-07-19T01:48:48","slug":"monitor-modular-con-co2-pm-200m","status":"publish","type":"product","link":"https:\/\/suquir.com.ve\/en\/product\/monitor-modular-con-co2-pm-200m\/","title":{"rendered":"MONITOR MODULAR CON CO2 PM-200M"},"content":{"rendered":"","protected":false},"excerpt":{"rendered":"<p>Marca: Advanced<br \/>\nModelo: PM-200M<\/p>\n<p>\u2022 Pantalla LCD TFT en color de alta resoluci\u00f3n.<br \/>\n\u2022 M\u00f3dulo principal de di\u00f3xido de carbono Respironics\u00ae.<br \/>\n\u2022 M\u00f3dulo de flujo lateral de di\u00f3xido de carbono Respironics\u00ae<br \/>\n\u2022 M\u00f3dulo de flujo lateral de di\u00f3xido de carbono.<br \/>\n\u2022 M\u00f3dulo funcional de saturaci\u00f3n de ox\u00edgeno arterial.<br \/>\n\u2022 Detecci\u00f3n de marcapasos.<br \/>\n\u2022 Protecci\u00f3n contra desfibrilaci\u00f3n.<br \/>\n\u2022 Sistema de alarma integral.<br \/>\n\u2022 Comunicaci\u00f3n bidireccional con monitoreo.<br \/>\n\u2022 OxyCRG, evaluaci\u00f3n de la respiraci\u00f3n \/e Advanced y circulaci\u00f3n para neonatos.<br \/>\n\u2022 ECG y frecuencia card\u00edaca (FC) HAAWENY.<br \/>\n\u2022 Forma de onda de ECG<br \/>\n\u2022 An\u00e1lisis de arritmia.<br \/>\n\u2022 An\u00e1lisis del segmento ST 16.0 \/ 10.7 120.<br \/>\n\u2022 Tasa de respiraci\u00f3n (RR).<br \/>\n\u2022 Forma de onda de respiraci\u00f3n.<br \/>\n\u2022 SpO2 y frecuencia del pulso (PR).<br \/>\n\u2022 Forma de onda pletismogr\u00e1fica de SpO2.<br \/>\n\u2022 Modulaci\u00f3n de tono de pulso SpO2.<br \/>\n\u2022 NIBP: SYS, DIA, MAP y frecuencia del pulso.<br \/>\n\u2022 Temperatura.<br \/>\n\u2022 Forma de onda de CO2.<br \/>\n\u2022 Fracci\u00f3n de di\u00f3xido de carbono inspirado (FiCO2).<br \/>\n\u2022 Puerto USB, salida VGA y RJ-45.<br \/>\n\u2022 Bater\u00eda recargable.<br \/>\n\u2022 Est\u00e1ndares de seguridad.<br \/>\n\u2022 Cumple con los requisitos de la FDA 510 (k).<\/p>","protected":false},"featured_media":4478,"comment_status":"open","ping_status":"closed","template":"","meta":[],"product_brand":[],"product_cat":[106],"product_tag":[136],"class_list":{"0":"post-4087","1":"product","2":"type-product","3":"status-publish","4":"has-post-thumbnail","6":"product_cat-monitoreo-de-pacientes","7":"product_tag-advanced","9":"first","10":"instock","11":"shipping-taxable","12":"purchasable","13":"product-type-simple"},"_links":{"self":[{"href":"https:\/\/suquir.com.ve\/en\/wp-json\/wp\/v2\/product\/4087","targetHints":{"allow":["GET"]}}],"collection":[{"href":"https:\/\/suquir.com.ve\/en\/wp-json\/wp\/v2\/product"}],"about":[{"href":"https:\/\/suquir.com.ve\/en\/wp-json\/wp\/v2\/types\/product"}],"replies":[{"embeddable":true,"href":"https:\/\/suquir.com.ve\/en\/wp-json\/wp\/v2\/comments?post=4087"}],"wp:featuredmedia":[{"embeddable":true,"href":"https:\/\/suquir.com.ve\/en\/wp-json\/wp\/v2\/media\/4478"}],"wp:attachment":[{"href":"https:\/\/suquir.com.ve\/en\/wp-json\/wp\/v2\/media?parent=4087"}],"wp:term":[{"taxonomy":"product_brand","embeddable":true,"href":"https:\/\/suquir.com.ve\/en\/wp-json\/wp\/v2\/product_brand?post=4087"},{"taxonomy":"product_cat","embeddable":true,"href":"https:\/\/suquir.com.ve\/en\/wp-json\/wp\/v2\/product_cat?post=4087"},{"taxonomy":"product_tag","embeddable":true,"href":"https:\/\/suquir.com.ve\/en\/wp-json\/wp\/v2\/product_tag?post=4087"}],"curies":[{"name":"wp","href":"https:\/\/api.w.org\/{rel}","templated":true}]}}