{"id":4099,"date":"2025-06-11T19:32:18","date_gmt":"2025-06-11T19:32:18","guid":{"rendered":"https:\/\/suquir.com.ve\/producto\/camilla-de-traslado-manual-ntb041-1\/"},"modified":"2025-09-14T01:06:31","modified_gmt":"2025-09-14T01:06:31","slug":"camilla-de-traslado-manual-ntb041-1","status":"publish","type":"product","link":"https:\/\/suquir.com.ve\/en\/product\/camilla-de-traslado-manual-ntb041-1\/","title":{"rendered":"STRETCHER SHUTTLE MANUAL NTB041-1"},"content":{"rendered":"","protected":false},"excerpt":{"rendered":"<p>Marca: Nantong Yikun Medical<br \/>\nModelo: NTB041-1<\/p>\n<p>Camilla manual dise\u00f1ada especialmente para trasladar con seguridad a<br \/>\nlos pacientes a las diferentes \u00e1reas de atenci\u00f3n en las instalaciones de atenci\u00f3n m\u00e9dica, que cuenta con un tablero y barandillas de pl\u00e1stico, y marco de acero.<\/p>\n<p>Caracter\u00edsticas<br \/>\nDimensi\u00f3n de la tabla de la cama: 195 x 60 cm.<br \/>\nAjuste Hi-Low: 22.44 \u00ab- 33.86\u00bb (570 mm-860 mm).<br \/>\nRespaldo \u00c1ngulo m\u00e1ximo 45 \u00b0.<br \/>\nSistema de frenos controlado por el pie.<br \/>\nRieles laterales plegables.<br \/>\nDi\u00e1metro del castor: 5.9 \u00ab(150 mm).<br \/>\n1 Poste recept\u00e1culo para I.V, 1 paral para I.V incluido.<br \/>\nRieles laterales: 12.5 \u00abx 42\u00bb (317.5 mm x 1067 mm).<br \/>\nIncluye almohadilla de estiramiento.<br \/>\nDep\u00f3sito de ox\u00edgeno.<br \/>\nIncluye colch\u00f3n.<\/p>","protected":false},"featured_media":4098,"comment_status":"open","ping_status":"closed","template":"","meta":[],"product_brand":[],"product_cat":[122,121],"product_tag":[136],"class_list":{"0":"post-4099","1":"product","2":"type-product","3":"status-publish","4":"has-post-thumbnail","6":"product_cat-hospitalizacion","7":"product_cat-mobiliario-clinico","8":"product_tag-advanced","10":"first","11":"instock","12":"shipping-taxable","13":"purchasable","14":"product-type-simple"},"_links":{"self":[{"href":"https:\/\/suquir.com.ve\/en\/wp-json\/wp\/v2\/product\/4099","targetHints":{"allow":["GET"]}}],"collection":[{"href":"https:\/\/suquir.com.ve\/en\/wp-json\/wp\/v2\/product"}],"about":[{"href":"https:\/\/suquir.com.ve\/en\/wp-json\/wp\/v2\/types\/product"}],"replies":[{"embeddable":true,"href":"https:\/\/suquir.com.ve\/en\/wp-json\/wp\/v2\/comments?post=4099"}],"wp:featuredmedia":[{"embeddable":true,"href":"https:\/\/suquir.com.ve\/en\/wp-json\/wp\/v2\/media\/4098"}],"wp:attachment":[{"href":"https:\/\/suquir.com.ve\/en\/wp-json\/wp\/v2\/media?parent=4099"}],"wp:term":[{"taxonomy":"product_brand","embeddable":true,"href":"https:\/\/suquir.com.ve\/en\/wp-json\/wp\/v2\/product_brand?post=4099"},{"taxonomy":"product_cat","embeddable":true,"href":"https:\/\/suquir.com.ve\/en\/wp-json\/wp\/v2\/product_cat?post=4099"},{"taxonomy":"product_tag","embeddable":true,"href":"https:\/\/suquir.com.ve\/en\/wp-json\/wp\/v2\/product_tag?post=4099"}],"curies":[{"name":"wp","href":"https:\/\/api.w.org\/{rel}","templated":true}]}}