{"id":4113,"date":"2025-06-11T19:32:37","date_gmt":"2025-06-11T19:32:37","guid":{"rendered":"https:\/\/suquir.com.ve\/producto\/torniquete-neumatico-qz-i\/"},"modified":"2025-07-19T00:55:10","modified_gmt":"2025-07-19T00:55:10","slug":"torniquete-neumatico-qz-i","status":"publish","type":"product","link":"https:\/\/suquir.com.ve\/en\/product\/torniquete-neumatico-qz-i\/","title":{"rendered":"TORNIQUETE NEUM\u00c1TICO QZ-I"},"content":{"rendered":"","protected":false},"excerpt":{"rendered":"<p>Marca: Nantong Yikun Medical<br \/>\nModelo: QZ-I<\/p>\n<p>El torniquete neum\u00e1tico QZ-I est\u00e1 dise\u00f1ado para ser utilizado en las extremidades de los adultos o ni\u00f1os durante las operaciones en el hospital para detener el sangrado de las mismas.<\/p>\n<p>El torniquete neum\u00e1tico se caracteriza por su buena hermeticidad, construcci\u00f3n compacta y operaci\u00f3n conveniente; este producto tambi\u00e9n tiene caracter\u00edsticas tales como tama\u00f1o total peque\u00f1o, peso port\u00e1til. Finalmente, este producto es confiable y seguro de usar.<\/p>\n<p>El torniquete neum\u00e1tico incluye inflador, caja de aire, man\u00f3metro, torniquete y otras partes. Hay tres tama\u00f1os de presi\u00f3n de aire disponibles:<\/p>\n<p>\u2022 Tama\u00f1o grande: para las extremidades inferiores de los adultos.<br \/>\n\u2022 Tama\u00f1o mediano: para las extremidades superiores de los adultos y las extremidades inferiores de los ni\u00f1os.<br \/>\n\u2022 Tama\u00f1o peque\u00f1o: para las extremidades superiores de los ni\u00f1os.<\/p>\n<p>El torniquete neum\u00e1tico se utiliza para bloquear el sangrado de las extremidades mediante un m\u00e9todo neum\u00e1tico manual.<\/p>\n<p>La fuerza m\u00e1xima de inflado no debe exceder los 50 N.<br \/>\nDimensiones totales: 210x116x55cm.<br \/>\nPeso: 3Kg.<\/p>","protected":false},"featured_media":4112,"comment_status":"open","ping_status":"closed","template":"","meta":[],"product_brand":[],"product_cat":[123,121],"product_tag":[136],"class_list":{"0":"post-4113","1":"product","2":"type-product","3":"status-publish","4":"has-post-thumbnail","6":"product_cat-emergencias","7":"product_cat-mobiliario-clinico","8":"product_tag-advanced","10":"first","11":"instock","12":"shipping-taxable","13":"purchasable","14":"product-type-simple"},"_links":{"self":[{"href":"https:\/\/suquir.com.ve\/en\/wp-json\/wp\/v2\/product\/4113","targetHints":{"allow":["GET"]}}],"collection":[{"href":"https:\/\/suquir.com.ve\/en\/wp-json\/wp\/v2\/product"}],"about":[{"href":"https:\/\/suquir.com.ve\/en\/wp-json\/wp\/v2\/types\/product"}],"replies":[{"embeddable":true,"href":"https:\/\/suquir.com.ve\/en\/wp-json\/wp\/v2\/comments?post=4113"}],"wp:featuredmedia":[{"embeddable":true,"href":"https:\/\/suquir.com.ve\/en\/wp-json\/wp\/v2\/media\/4112"}],"wp:attachment":[{"href":"https:\/\/suquir.com.ve\/en\/wp-json\/wp\/v2\/media?parent=4113"}],"wp:term":[{"taxonomy":"product_brand","embeddable":true,"href":"https:\/\/suquir.com.ve\/en\/wp-json\/wp\/v2\/product_brand?post=4113"},{"taxonomy":"product_cat","embeddable":true,"href":"https:\/\/suquir.com.ve\/en\/wp-json\/wp\/v2\/product_cat?post=4113"},{"taxonomy":"product_tag","embeddable":true,"href":"https:\/\/suquir.com.ve\/en\/wp-json\/wp\/v2\/product_tag?post=4113"}],"curies":[{"name":"wp","href":"https:\/\/api.w.org\/{rel}","templated":true}]}}