{"id":4177,"date":"2025-06-18T15:21:53","date_gmt":"2025-06-18T15:21:53","guid":{"rendered":"https:\/\/suquir.com.ve\/producto\/calentador-para-infusion-de-sangre-chhw-110a\/"},"modified":"2026-03-17T16:16:06","modified_gmt":"2026-03-17T16:16:06","slug":"calentador-para-infusion-de-sangre-chhw-110a","status":"publish","type":"product","link":"https:\/\/suquir.com.ve\/en\/product\/calentador-para-infusion-de-sangre-chhw-110a\/","title":{"rendered":"HEATER FOR INFUSION OF BLOOD CHHW-110A"},"content":{"rendered":"","protected":false},"excerpt":{"rendered":"<p>Marca: Nantong Yikun Medical<br \/>\nModelo: CHW-110A<\/p>\n<p>Experimente la precisi\u00f3n y la rapidez en el calentamiento de infusiones sangu\u00edneas con este dispositivo de \u00faltima generaci\u00f3n. Su dise\u00f1o copacto y ligero, de menos de 0.2 kg, facilita su uso en cualquier situaci\u00f3n.<\/p>\n<p>Gracias a su tecnolog\u00eda de calentamiento r\u00e1pido, alcanza la temperatura deseada en 2 minutos, optimizando la transferencia de calor y garantizando la seguridad del paciente.<\/p>\n<p>Equipado con avanzadas tecnolog\u00edas de protecci\u00f3n, garantiza un control de temperatura fiable y constante.<br \/>\nSus tres ranuras de calentamiento, de diferentes longitudes, permiten una adaptaci\u00f3n perfecta a cada tipo de infusi\u00f3n.<\/p>\n<p>Con opciones de instalaci\u00f3n mediante abrazadera de poste o colgador, este calentador se adapta a cualquier entorno de trabajo, ofreciendo practicidad y eficiencia en cada uso.<\/p>","protected":false},"featured_media":4176,"comment_status":"open","ping_status":"closed","template":"","meta":[],"product_brand":[],"product_cat":[105],"product_tag":[136],"class_list":{"0":"post-4177","1":"product","2":"type-product","3":"status-publish","4":"has-post-thumbnail","6":"product_cat-quirofano","7":"product_tag-advanced","9":"first","10":"instock","11":"shipping-taxable","12":"purchasable","13":"product-type-simple"},"_links":{"self":[{"href":"https:\/\/suquir.com.ve\/en\/wp-json\/wp\/v2\/product\/4177","targetHints":{"allow":["GET"]}}],"collection":[{"href":"https:\/\/suquir.com.ve\/en\/wp-json\/wp\/v2\/product"}],"about":[{"href":"https:\/\/suquir.com.ve\/en\/wp-json\/wp\/v2\/types\/product"}],"replies":[{"embeddable":true,"href":"https:\/\/suquir.com.ve\/en\/wp-json\/wp\/v2\/comments?post=4177"}],"wp:featuredmedia":[{"embeddable":true,"href":"https:\/\/suquir.com.ve\/en\/wp-json\/wp\/v2\/media\/4176"}],"wp:attachment":[{"href":"https:\/\/suquir.com.ve\/en\/wp-json\/wp\/v2\/media?parent=4177"}],"wp:term":[{"taxonomy":"product_brand","embeddable":true,"href":"https:\/\/suquir.com.ve\/en\/wp-json\/wp\/v2\/product_brand?post=4177"},{"taxonomy":"product_cat","embeddable":true,"href":"https:\/\/suquir.com.ve\/en\/wp-json\/wp\/v2\/product_cat?post=4177"},{"taxonomy":"product_tag","embeddable":true,"href":"https:\/\/suquir.com.ve\/en\/wp-json\/wp\/v2\/product_tag?post=4177"}],"curies":[{"name":"wp","href":"https:\/\/api.w.org\/{rel}","templated":true}]}}